{"id":1113,"date":"2025-09-02T21:39:03","date_gmt":"2025-09-02T21:39:03","guid":{"rendered":"http:\/\/localhost\/wordpress\/?page_id=1113"},"modified":"2025-09-15T12:07:38","modified_gmt":"2025-09-15T09:07:38","slug":"comunicate-de-presa","status":"publish","type":"page","link":"https:\/\/siretromania.ro\/web2\/?page_id=1113","title":{"rendered":"Comunicate de pres\u0103"},"content":{"rendered":"<p data-start=\"234\" data-end=\"531\">Bine a\u021bi venit pe pagina oficial\u0103 dedicat\u0103 comunicatelor de pres\u0103 ale <strong data-start=\"304\" data-end=\"332\">Prim\u0103riei Ora\u0219ului Siret<\/strong>.<br data-start=\"333\" data-end=\"336\" \/>Aceast\u0103 sec\u021biune este destinat\u0103 inform\u0103rii corecte, transparente \u0219i rapide a cet\u0103\u021benilor, a reprezentan\u021bilor mass-media \u0219i a tuturor celor interesa\u021bi de activitatea administra\u021biei publice locale.<\/p>\n<p data-start=\"533\" data-end=\"548\">Aici ve\u021bi g\u0103si:<\/p>\n<ul data-start=\"550\" data-end=\"760\">\n<li data-start=\"550\" data-end=\"600\">\n<p data-start=\"552\" data-end=\"600\">Anun\u021buri oficiale \u0219i pozi\u021bii ale Prim\u0103riei Siret<\/p>\n<\/li>\n<li data-start=\"601\" data-end=\"655\">\n<p data-start=\"603\" data-end=\"655\">Informa\u021bii despre proiectele \u0219i ini\u021biativele \u00een curs<\/p>\n<\/li>\n<li data-start=\"656\" data-end=\"718\">\n<p data-start=\"658\" data-end=\"718\">Evenimente organizate sau sprijinite de administra\u021bia local\u0103<\/p>\n<\/li>\n<li data-start=\"719\" data-end=\"760\">\n<p data-start=\"721\" data-end=\"760\">Decizii relevante ale Consiliului Local<\/p>\n<\/li>\n<\/ul>\n<p data-start=\"762\" data-end=\"889\">Ne dorim o comunicare deschis\u0103 \u0219i eficient\u0103, at\u00e2t \u00een mediul online, c\u00e2t \u0219i offline, cu sprijinul purt\u0103torilor no\u0219tri de cuv\u00e2nt:<\/p>\n<p data-start=\"891\" data-end=\"1057\">\ud83d\udfe6 <strong data-start=\"894\" data-end=\"939\">Pentru comunicare online \u0219i social media:<\/strong><br data-start=\"939\" data-end=\"942\" \/><strong data-start=\"942\" data-end=\"969\">Zus Constantin Cristian<\/strong> \u2013 Purt\u0103tor de cuv\u00e2nt al Prim\u0103riei \u00een mediul online<br data-start=\"1020\" data-end=\"1023\" \/>\ud83d\udce7 primariasiret@siretromania.ro<\/p>\n<p data-start=\"1059\" data-end=\"1243\">\ud83d\udfe8 <strong data-start=\"1062\" data-end=\"1120\">Pentru rela\u021bia cu presa scris\u0103 \u0219i comunicarea offline:<\/strong><br data-start=\"1120\" data-end=\"1123\" \/><strong data-start=\"1123\" data-end=\"1141\">Butnariu Alina Ramona<\/strong> \u2013 Purt\u0103tor de cuv\u00e2nt pentru presa scris\u0103 \u0219i evenimente offline<br data-start=\"1204\" data-end=\"1207\" \/>\ud83d\udce7 primariasiret@siretromania.ro<\/p>\n<hr data-start=\"1245\" data-end=\"1248\" \/>\n<p data-start=\"1250\" data-end=\"1539\">V\u0103 \u00eencuraj\u0103m s\u0103 reveni\u021bi periodic pe aceast\u0103 pagin\u0103 pentru a r\u0103m\u00e2ne informa\u021bi cu privire la activit\u0103\u021bile \u0219i ini\u021biativele administra\u021biei locale.<br data-start=\"1393\" data-end=\"1396\" \/>Pentru \u00eentreb\u0103ri sau solicit\u0103ri de pres\u0103, v\u0103 rug\u0103m s\u0103 ne contacta\u021bi prin email sau prin intermediul formularului de contact disponibil pe site.<\/p>\n","protected":false},"excerpt":{"rendered":"<p>Bine a\u021bi venit pe pagina oficial\u0103 dedicat\u0103 comunicatelor de pres\u0103 ale Prim\u0103riei Ora\u0219ului Siret.Aceast\u0103 sec\u021biune este destinat\u0103 inform\u0103rii corecte, transparente [&hellip;]<\/p>\n","protected":false},"author":1,"featured_media":0,"parent":1087,"menu_order":0,"comment_status":"closed","ping_status":"closed","template":"","meta":{"site-sidebar-layout":"default","site-content-layout":"","ast-site-content-layout":"default","site-content-style":"default","site-sidebar-style":"default","ast-global-header-display":"","ast-banner-title-visibility":"","ast-main-header-display":"","ast-hfb-above-header-display":"","ast-hfb-below-header-display":"","ast-hfb-mobile-header-display":"","site-post-title":"","ast-breadcrumbs-content":"","ast-featured-img":"","footer-sml-layout":"","theme-transparent-header-meta":"default","adv-header-id-meta":"","stick-header-meta":"","header-above-stick-meta":"","header-main-stick-meta":"","header-below-stick-meta":"","astra-migrate-meta-layouts":"set","ast-page-background-enabled":"default","ast-page-background-meta":{"desktop":{"background-color":"var(--ast-global-color-5)","background-image":"","background-repeat":"repeat","background-position":"center center","background-size":"auto","background-attachment":"scroll","background-type":"","background-media":"","overlay-type":"","overlay-color":"","overlay-opacity":"","overlay-gradient":""},"tablet":{"background-color":"","background-image":"","background-repeat":"repeat","background-position":"center center","background-size":"auto","background-attachment":"scroll","background-type":"","background-media":"","overlay-type":"","overlay-color":"","overlay-opacity":"","overlay-gradient":""},"mobile":{"background-color":"","background-image":"","background-repeat":"repeat","background-position":"center center","background-size":"auto","background-attachment":"scroll","background-type":"","background-media":"","overlay-type":"","overlay-color":"","overlay-opacity":"","overlay-gradient":""}},"ast-content-background-meta":{"desktop":{"background-color":"var(--ast-global-color-4)","background-image":"","background-repeat":"repeat","background-position":"center center","background-size":"auto","background-attachment":"scroll","background-type":"","background-media":"","overlay-type":"","overlay-color":"","overlay-opacity":"","overlay-gradient":""},"tablet":{"background-color":"var(--ast-global-color-4)","background-image":"","background-repeat":"repeat","background-position":"center center","background-size":"auto","background-attachment":"scroll","background-type":"","background-media":"","overlay-type":"","overlay-color":"","overlay-opacity":"","overlay-gradient":""},"mobile":{"background-color":"var(--ast-global-color-4)","background-image":"","background-repeat":"repeat","background-position":"center center","background-size":"auto","background-attachment":"scroll","background-type":"","background-media":"","overlay-type":"","overlay-color":"","overlay-opacity":"","overlay-gradient":""}},"footnotes":""},"class_list":["post-1113","page","type-page","status-publish","hentry"],"_elementor_is_screenshot":null,"_wp_attached_file":null,"_wp_attachment_metadata":null,"_wp_attachment_context":null,"elementor_font_files":null,"elementor_font_face":null,"_menu_item_type":null,"_menu_item_menu_item_parent":null,"_menu_item_object_id":null,"_menu_item_object":null,"_menu_item_target":null,"_menu_item_classes":null,"_menu_item_xfn":null,"_menu_item_url":null,"_wp_old_date":null,"_import_key":"despre-noi\/comunicate-de-presa","site-content-style":"default","site-sidebar-style":"default","theme-transparent-header-meta":"default","astra-migrate-meta-layouts":"set","ast-breadcrumbs-content":null,"site-post-title":null,"_wp_trash_meta_comments_status":null,"_edit_lock":"1757927421:1","_wp_trash_meta_status":null,"_wp_trash_meta_time":null,"_edit_last":"1","_wp_desired_post_slug":null,"_elementor_edit_mode":null,"_elementor_template_type":null,"_elementor_page_settings":null,"_wp_page_template":"default","_elementor_css":null,"_elementor_version":null,"_elementor_pro_version":null,"_elementor_data":null,"_elementor_conditions":null,"_elementor_page_assets":[],"_elementor_element_cache":null,"_elementor_screenshot":null,"_elementor_source":null,"_astra_content_layout_flag":null,"ast-title-bar-display":null,"ast-featured-img":null,"ast-site-content-layout":"default","site-sidebar-layout":"default","_links":{"self":[{"href":"https:\/\/siretromania.ro\/web2\/index.php?rest_route=\/wp\/v2\/pages\/1113","targetHints":{"allow":["GET"]}}],"collection":[{"href":"https:\/\/siretromania.ro\/web2\/index.php?rest_route=\/wp\/v2\/pages"}],"about":[{"href":"https:\/\/siretromania.ro\/web2\/index.php?rest_route=\/wp\/v2\/types\/page"}],"author":[{"embeddable":true,"href":"https:\/\/siretromania.ro\/web2\/index.php?rest_route=\/wp\/v2\/users\/1"}],"replies":[{"embeddable":true,"href":"https:\/\/siretromania.ro\/web2\/index.php?rest_route=%2Fwp%2Fv2%2Fcomments&post=1113"}],"version-history":[{"count":4,"href":"https:\/\/siretromania.ro\/web2\/index.php?rest_route=\/wp\/v2\/pages\/1113\/revisions"}],"predecessor-version":[{"id":1537,"href":"https:\/\/siretromania.ro\/web2\/index.php?rest_route=\/wp\/v2\/pages\/1113\/revisions\/1537"}],"up":[{"embeddable":true,"href":"https:\/\/siretromania.ro\/web2\/index.php?rest_route=\/wp\/v2\/pages\/1087"}],"wp:attachment":[{"href":"https:\/\/siretromania.ro\/web2\/index.php?rest_route=%2Fwp%2Fv2%2Fmedia&parent=1113"}],"curies":[{"name":"wp","href":"https:\/\/api.w.org\/{rel}","templated":true}]}}