{"id":1091,"date":"2025-09-02T21:39:03","date_gmt":"2025-09-02T21:39:03","guid":{"rendered":"http:\/\/localhost\/wordpress\/?page_id=1091"},"modified":"2025-09-08T12:27:26","modified_gmt":"2025-09-08T12:27:26","slug":"istoric","status":"publish","type":"page","link":"https:\/\/siretromania.ro\/web2\/?page_id=1091","title":{"rendered":"Istoric"},"content":{"rendered":"<p>In urma cercetarilor arheologice efectuate in perimetrul urban al localitatii Siret s-au descoperit dovezi de locuire permanenta incepand din neolitic. Numarul de locuinte identificate precum si alte vestigii arheologice au dus la concluzia ca in aceasta zona a existat permanent o localitate cu un numar semnificativ de locuitori. Din pacate insa nu avem dovezi scrise referitoare la aceasta localitate si locuitorii sai.<br \/>\n1211 \u2013 1225 \u2013 pe unul din dealurile de langa Siret a fost inaltata o fortareata de catre Ordinul Cavalerilor Teutoni . Data exacta nu se stie dar informatia apare in \u201cDictionarul geografic al Regatului Poloniei si al altor state slave\u201d editat in 1880 la Varsovia.<br \/>\n1241 \u2013 Acelasi \u201cDictionarul geografic al Regatului Poloniei si al altor state slave\u201d mentioneaza distrugerea de catre tatari a orasului Siret si a castelului teuton.<br \/>\n1326 \u2013 Este mentionata existenta la Siret a unei manastiri franciscane cu hramul Trupul Domnului in care sunt inmormantati in acelasi an doi calugari franciscani polonezi ucisi de lituanieni ( informatie incerta \u2013 sursa materiale documentare ale bisericii romano-catolice )<br \/>\n1334 \u2013 intr-o corespondenta a calugarilor franciscani este amintita o manastire a acestora situata in orasul Siret ( civitas Sereth ). ( informatie incerta \u2013 sursa materiale documentare ale bisericii romano-catolice )<br \/>\n1339 \u2013 prima atestare documentara a orasului in portulanul lui Angelio Dulcert<br \/>\n1340 \u2013 intr-o scrisoare a calugarilor dominicani catre papa este descris orasul Siret ca fiind capitala unui mic ducat numit Valachia. Acest document dovedeste faptul ca orasul Siret a fost capitala principilor locali inca dinainte de infiintarea statului medieval Moldova si in acelasi timp justifica alegerea primilor principi ai Moldovei de a-si stabili tot aici capitala. In acelasi timp se poate spune ca Siretul este primul centru urban medieval din Moldova.<br \/>\n1351 \u2013 Regele Ungariei Ludovic de Anjou incheie la Siret un tratat cu ducele Lituaniei. Prin acest tratat sunt definite granitele principatului Moldova granite care se vor pastra sute de ani.<br \/>\n1354 \u2013 1358. Orasul Siret este capitala Moldovei in timpul domniei principelui Sas Voda.<br \/>\n1358 \u2013 este finalizata constructia Bisericii Sfanta Treime care a servit ca biserica a curtii princiare. Aceasta biserica s-a pastrat in forma ei initiala pana in zilele noastre si este si in prezent functionala deservind o importanta parohie ortodoxa din Siret. Din 1370 a fost probabil biserica episcopala ortodoxa atat timp cat capitala Moldovei a fost in orasul Siret. Biserica Sf Treime a servit ca model arhitectural pentru lacasurile de cult ortodoxe construite in principatul Moldova in urmatorii 150 de ani. Aceasta biserica este inclusa in patrimoniul national.<br \/>\n1359 \u2013 1365. Siretul este capitala Moldovei in timpul domniei principelui Bogdan I<br \/>\n1365 \u2013 1373. Orasul Siret este capitala a Moldovei in timpul domniei principelui Latcu Voda.<br \/>\n~ 1370 \u2013 se termina constructia Bisericii Sf Ioan Botezatorul lucrarile fiind finantate de principesa Margareta Musat mama princepului Petru I Musat. Biserica a functionat ca biserica episcopala romano-catolica din 1371. Biserica nu s-a pastrat in forma initiala suferind o serie de modificari arhitectuare astfel incat astazi pastreaza cu mici modificari aspectul capatat in urma lucrarilor din anul 1673. Biserica este functionala si in prezent si deserveste o importanta parohie ortodoxa din Siret.<br \/>\n1371 \u2013 este infiintata Episcopia Romano Catolica de Siret. Este prima episcopie ecumenica romano catolica din Moldova. Episcop este numit Andrei de Cracovia confesor al reginei Elisabeta de Ungaria sora regelui Cazimir al Poloniei.<br \/>\n1371 \u2013 este infiintata pe langa manastirea franciscana o scoala cu predare in limba latina. Este prima scoala infiintata in principatul Moldova.<br \/>\n1373 \u2013 este infiintata pe langa manastirea dominicana o noua scoala cu predare in limba latina in care a predat Episcopul romano-catolic de Siret<br \/>\n1375 \u2013 1391. In aceasta perioada Moldova este condusa de principele Petru I Musat care pana in 1388 a pastrat capitala in orasul Siret. Acesta a fost casatorit cu sora regelui poloniei Vladislav Jagello.<br \/>\n1377 \u2013 Petru I Musat bate prima moneda din istoria principatului Moldova. Monetaria functiona in orasul Siret.<br \/>\n1380 \u2013 este infiintata o biblioteca pe langa manastirea franciscana din Siret de catre Margareta Musat mama principelui Petru I . Aceasta este prima biblioteca din principatul Moldova. Biblioteca a functionat pana in anul 1573 cand a fost desfiintata din ordinul principelui Ion Voda cel Cumplit. Unele izvoare istorice afirma ca aceasta biblioteca ar fi fost dusa in 1575 in Iasi capitala Moldovei in acei ani de logofatul Ion Golia care a ridicat aici o manastire.<br \/>\n1388 \u2013 principele Petru I Musat muta capitala principatului Moldova de la Siret la Suceava<br \/>\n1388 \u2013 orasul Siret devine domeniu al sotiilor de principi. Siretul va fi sursa de venit pentru mama principelui Petru Musat, Ringala sotia principelui Alexandru cel Bun si Ana sotia principelui Stefan cel Mare.<br \/>\n1391 \u2013 este depus la la Biserica Romano catolica din Siret un corporaliu facator de minuni. Siretul devine important centru de pelerinaj atat pentru credinciosii romano-catolici cat si ortodocsi.<br \/>\n~ 1395 \u2013 incep sa fie infiintate scoli pe langa bisericile ortodoxe din Siret.<br \/>\n1401 \u2013 orasul Siret este amintit ca resedina episcopala a armenilor. Informatia este contestata de unii istorici. Siretul avea in vremea respectiva o puternica comunitate armeana intemeiata in timpul migratiei armenilor din 1319 sau chiar cea din 1239. In anul 1352 este mentionata o puternica colonie armeana care este foarte posibil sa fi existat in Siret deoarece aici era capitala principilor locali.<br \/>\n1407 \u2013 Alexandru cel Bun principe al Moldovei ofera scutire de impozite pentru negustorii armeni care doresc sa se stabileasca in moldova rezultatul fiind stabilirea a numeroase familii armene la Siret si Suceava. Orasul Siret era in acele timpuri un important centru comercial pe drumul ce lega Marea Neagra de Marea Baltica.<br \/>\n1421 \u2013 Siretul cu toate veniturile sale este daruit de principele Alexandru cel Bun fostei sale sotii Doamna Ringala. Doamna Ringala este sora cneazului Vitold al Lituaniei si vara a regelui Poloniei Vladisalv Jagiello. In acest an Doamna Ringala divorteaza de principele Alexandru cel Bun din motive religioase ea fiind catolica iar principele ortodox.<br \/>\n1445 \u2013 Stefan II principele Moldovei semneaza la Siret un tratat de omagiu si credinta cu Coroana Poloneza<br \/>\n1453 \u2013 Alexandrel principe al Moldovei semneaza la Siret un tratat de alianta cu Cazimir al IV-lea regele Poloniei.<br \/>\n1457 \u2013 este inscaunat un nou episcop de Lvov caruia i se pune sub jurisdictie si parohia si comunitatea armeana din Siret. Existenta unei puternice colonii a armenilor in Siret confirma ca orasul isi pastreaza statutul de important centru comercial.<br \/>\n1473 \u2013 Principele Stefan cel Mare daruieste Manastirii Putna venitul morilor sale din orasul Siret. Manastirea Putna este cel mai important monument de secol XV din Moldova si este inclusa in patrimoniul mondial. Manastirea Putna se afla la 45 km de orasul Siret.<br \/>\n1551 \u2013 Minas din Tokhat secretar episcopal armean de Lvov a vizitat nordul Moldovei dupa care a scris un poem in care vorbeste despre existenta bisericilor armenesti din Siret, Suceava si alte localitati precum si despre persecutiile la care erau supusi uneori acestia. In acea perioada Moldova era instabila din punct de vedere politic domniile principilor fiind foarte scurte. Unii dintre principi au fost ostili armenilor altii in schimb i-au sprijinit. Atitudinea principilor a fost probabil justificata mai ales de atitudinea politica a populatiei armene din principat.<br \/>\n1632 \u2013 1639. In aceasta perioada calugarul italian Nicolo Barsi viziteaza Moldova si in scrierile sale aminteste ca a vizitat orasul Siret in care se afla o foarte frumoasa manastire dominicana cu hramul Sf Ioan Botezatorul. Aceasta manastire avea in gradina un izvor facator de minuni si era un important centru de pelerinaj in zona.<br \/>\n1673 \u2013 Stefan Petriceicu Voda principe al Moldovei construieste biserica Sf Onufrie care ca arhitectura copie Manstirea Putna. Biserica este inaltata pe locul unei alte biserici mai mici construita in 1560 de un preot local.<br \/>\n1730 \u2013 este construita biserica Sf Dumitru din cartierul Rusi de o familie locala numita Sbiera. Biserica a fost extinsa in 1909 si este functionala si in prezent deservind cimitirul ortodox.<br \/>\n1600 ~ 1750 . Din aceasta perioada dateaza probabil cimitirul evreiesc vechi unul dintre cele mai vechi cimitire evreiesti din Europa. Vechimea acestuia nu este stabilita cu claritate. Unele voci din comunitatea evreiasca sustin ca dateaza din vremea lui Dragos Voda ceea ce este foarte putin probabil.<br \/>\n1763 \u2013 este mentionata activitatea unor invatatori care isi desfasurau activitatea intr-o scoala infiintata pe langa Mansatirea Sf Onufrie.<br \/>\n1770 \u2013 orasul este ocupat de armatele ruse care aduc cu ele o puternica molima de holera care duce la moartea sau la plecarea din localitate a majoritatii locuitorilor. La recensamantul din 1775 s-a consemnat ca in Siret mai traiau doar 72 de familii.<br \/>\n1774 \u2013 orasul Siret impreuna cu regiunea geografica cunoscuta sub denumirea de Bucovina este incorporat in Imperiul Habsburgic. Este incurajata emigratia in aceasta regiune geografica astfel incat in zona se stabilesc multi germani si evrei.<br \/>\n1777 \u2013 locuitorii orasului Siret depun juramantul de credinta fata de Imperiul Austriac<br \/>\n1781 \u2013 se infiinteaza la Siret o scoala primara germana de baieti si fete<br \/>\n1782 \u2013 este infiintata Comisia pentru delimitarea proprietatilor din orasul Siret. Comisii asemanatoare au fost infiintate in toata Bucovina si pe baza activitatii acestora a fost elaborata in timp o evidenta corecta a tuturor proprietatilor din aceasta regiune pana la cel de-al doilea razboi mondial. Insemnarile din Cartea funciara elaborata pe baza activitatii acestei comisii sunt recunoscute si astazi in instanta ca probe care atesta dreptul la proprietate.<br \/>\n1786 \u2013 orasul Siret devine resedinta de judet si va administra un teritoriu care va cuprinde atat localitatea Siret cat si 35 de sate.<br \/>\n1786 \u2013 orasul numara 1800 de locuitori majoritatea emigranti stabiliti in Siret. In acest mod populatia orasului incepe sa se refaca dupa dezastrul provocat de epidemia de holera din 1770.<br \/>\n1795 \u2013 este pusa in functiune fabrica de bere a lui Menard Beil. In memoria localnicilor s-a pastrat amintirea acestei fabrici de bere.<br \/>\n1826 \u2013 este finalizata constructia Bisericii Romano-Catolice din Siret<br \/>\n1828 \u2013 este construita primaria veche. Aceasta cladire exista si in momentul de fata dar in ea functioneaza o policlinica.<br \/>\n1840 \u2013 Este construit Templul Mare evreiesc. In cadrul acestui templu a functionat o scoala hasidica.<br \/>\n1849 \u2013 este infiintat Ducatul Bucovinei ca parte a Imperiului Austriac. In acest fel Bucovina capata o larga autonomie si se poate autoguverna.<br \/>\n1861 \u2013 Se intruneste pentru prima data Dieta Ducatului Bucovinei.<br \/>\n1863 \u2013 capitanul Joseph von Gutter , localnic, infiinteaza Societatea muzeului din Siret, o societate de istorie si arheologie.<br \/>\n1869 \u2013 orasul Siret numara 6484 locuitori dintre care 30% sunt romani, 28% evrei, 25% germani si 16% ucraineni<br \/>\n1870 \u2013 este mentionata existenta \u201c Clubului Roman\u201d care avea o sectinue literara una muzicala si o sala de lectura<br \/>\n1871 \u2013 Societatea muzeului din Siret realizeaza prima colectie arheologica din Bucovina. Aceasta colectie a fost donata Muzeului Tarii de la Cernauti localitate aflata astazi in Ucraina.<br \/>\n1876 \u2013 este data in folosinta cladirea scolii din Siret. Si in momentul de fata in aceasta cladire functioneaza o scoala<br \/>\n1862 \u2013 1887 \u2013 sunt infiintate 4 brutarii 1 abator si este construita o moara<br \/>\n1887 \u2013 1900 \u2013 este data in folosinta o fabrica de prelucrare a pieilor, o fabrica de spirt din cartofi si cereale, o fabrica de crema de ghete, o fabrica de sapun de rufe, sapun de fata, lumanari si cleiuri, o fabrica de lichioruri, 4 caramidarii si un atelier de olarie.<br \/>\n1893 \u2013 in orasul Siret soseste un mare grup de emigranti polonezi din Rusia. Guvernul rus le-a solicitat polonezilor sa paraseasca regiunile locuite in Ucraina oferindu-le in schimb terenuri in Siberia. In total in Siret s-au asezat 52 de familii numarand 315 persoane. In acea perioada prefectul districtului Siret era un etnic polonez ceea ce le-a usurat emigrantilor stabilirea in oras.<br \/>\n1896 \u2013 este data in folosinta o mica rafinarie de petrol proprietatea unui cetatean numit Kraft<br \/>\n1898 \u2013 este data in folosinta gara Siret<br \/>\n1905 \u2013 este construita o cladire in care a functionat Judecatoria Siret. Cladirea exista si in momentul de fata si in ea functioneaza Spitalul orasenesc<br \/>\n1907 \u2013 este data in folosinta uzina de apa<br \/>\n1908 \u2013 este construita o cladire in care a functionat prefectura. Cladirea exista si astazi in ea functionand Spitalul de Psihiatrie Siret<br \/>\n1908 \u2013 este data in folosinta Biserica Greco Catolica<br \/>\n1910 \u2013 este data in folosinta uzina electrica<br \/>\n1913 \u2013 se infiinteaza la Siret Societatea muzicala \u201cTudor Flondor\u201d care in acelasi an organizeaza si primul concert.<br \/>\n1914 \u2013 1917 \u2013 linia frontului intre armatele austriece si rusesti trece pe la periferia orasului Siret fapt care afecteaza foarte mult orasul. Linia frontului este vizibila si astazi in unele locuri.<br \/>\n1917 \u2013 1918 orasul este ocupat de trupele rusesti care in momentul retragerii jefuiesc orasul. In martie 1918 in oras au intrat trupele austriece.<br \/>\nNoiembrie 1918 \u2013 in oras intra trupele romanesti . Ca urmare a capitularii armatei austriece exista pericolul ca aceasta regiune sa fie ocupata de armatele rusesti.<br \/>\nNoiembrie 1918 \u2013 trei delegati din Siret participa la Congresul General al Bucovinei care hotaraste reintoarcerea acestei regiuni in granitele Romaniei<br \/>\n1919 \u2013 reprezentantii comunitatilor evreiesti si germane din Siret recunosc unirea Bucovinei cu Romania<br \/>\n1930 \u2013 situatia economico sociala a orasului siret se prezinta astfel : are 7.397 locuitori, industria este reprezentat\u0103 de 2 mori cu aburi, 1 fabric\u0103 de bere, 1 t\u0103b\u0103c\u0103rie, 4 fabrici de c\u0103r\u0103mizi, ateliere de dog\u0103rie si curel\u0103rie, exista 1 liceu de b\u0103ie\u0163i, 2 \u015fcoli primare \u015fi 2 gr\u0103dinite de copii, exista 1 cinematograf, exista 2 banci Banca Comercial\u0103 Siretean\u0103, Banca Gospodarilor, exista 3 biserici ortodoxe, 1 biseric\u0103 greco-catolic\u0103, 1 biseric\u0103 romano-catolic\u0103, 1 evanghelico-luteran\u0103, 2 sinagogi, 7 case de rug\u0103ciune evreie\u015fti, 1 cas\u0103 de rug\u0103ciune a cre\u015ftinilor dup\u0103 Evanghelie, 1 protopopiat ortodox, are gara Prim\u0103rie, Prefectur\u0103, Judec\u0103torie de Ocol, Percep\u0163ie fiscal\u0103, Serviciu sanitar, Serviciu veterinar, Notar public, Poli\u0163ie, Oficiu P.T.T., Oficiu telefonic, are 1 societate agricol\u0103 \u015fi 1 apicol\u0103 si de asemenea aici functioneaza 1 Spital comunal, Dispensarul \u00ab Principele Mircea \u00bb, Casa Asigurari Sociale, Filiala \u00ab Cruca Ro\u015fie \u00bb, Societatea doamnelor izraelite, Societatea doamnelor germane, 1 societate de binefacere evreiasc\u0103.<br \/>\n1934 \u2013 1936. Este construita Biserica evanghelica. Biserica functioneaza si in prezent ca biserica ortodoxa deoarece nu mai exista credinciosi evanghelici.<br \/>\n28 iulie 1940 \u2013 in urma unui ultimatum adresat de Rusia comunista Romania isi retrage armata si administratia din nordul provinciei Bucovina iar granita dintre cele doua state este stabilita in apropierea orasului Siret loc in care se afla si astazi. In zilele urmatoare 200.000 de persoane din nordul Bucovinei s-au refugiat in Romania.<br \/>\n1947 \u2013 este infiintata Republica Populara Romana. Orasul Siret este inclus in programele de dezvoltare ale statului socialist. Sunt construite cartiere de blocuri dupa standardele comuniste si sunt infiintate fabrici cu activitate preponderent in industria textila si alimentara.<br \/>\n1989 \u2013 guvernul comunist este alungat de la putere. Pentru orasul Siret urmeaza o perioada dificila din punct de vedere economic. Toate fabricile construite in perioada comunista isi inchid portile in cativa ani. Incepand cu anul 2000 orasul incepe sa se revigoreze economic ca urmare a sosirii unor investitori straini in zona. Cea mai importanta fabrica este deschisa de firma Swedwood, parte a concernului IKEA. Pe langa aceasta firma mai exista oameni de afaceri englezi, portughezi si italieni care desfasoara activitati economice in zona.<br \/>\n2008 \u2013 se inchide fabrica de prelucrare a lemunului Sweedwood si tot personalul este concediat. Situatia economica a Siretului este la pamant. O sectie a fabricii se vinde, dar sunt angajati in jur de 20 persoane. Din investiitorii straini au mai ramas doar 3. In Siret mai functioneaza Spitalul orasenesc, Spitalul de psihiatrie cronici si Azilul de batrani, Scoala generala, Colegiul Tehnic \u201cLatcu- Voda\u201d, Politia orasului, Punctul de trecere vamal, Pompierii, Consiliul, cateva magazine.<\/p>\n","protected":false},"excerpt":{"rendered":"<p>In urma cercetarilor arheologice efectuate in perimetrul urban al localitatii Siret s-au descoperit dovezi de locuire permanenta incepand din neolitic. [&hellip;]<\/p>\n","protected":false},"author":1,"featured_media":0,"parent":1087,"menu_order":0,"comment_status":"closed","ping_status":"closed","template":"","meta":{"site-sidebar-layout":"default","site-content-layout":"","ast-site-content-layout":"default","site-content-style":"default","site-sidebar-style":"default","ast-global-header-display":"","ast-banner-title-visibility":"","ast-main-header-display":"","ast-hfb-above-header-display":"","ast-hfb-below-header-display":"","ast-hfb-mobile-header-display":"","site-post-title":"","ast-breadcrumbs-content":"","ast-featured-img":"","footer-sml-layout":"","theme-transparent-header-meta":"default","adv-header-id-meta":"","stick-header-meta":"","header-above-stick-meta":"","header-main-stick-meta":"","header-below-stick-meta":"","astra-migrate-meta-layouts":"set","ast-page-background-enabled":"default","ast-page-background-meta":{"desktop":{"background-color":"var(--ast-global-color-5)","background-image":"","background-repeat":"repeat","background-position":"center center","background-size":"auto","background-attachment":"scroll","background-type":"","background-media":"","overlay-type":"","overlay-color":"","overlay-opacity":"","overlay-gradient":""},"tablet":{"background-color":"","background-image":"","background-repeat":"repeat","background-position":"center center","background-size":"auto","background-attachment":"scroll","background-type":"","background-media":"","overlay-type":"","overlay-color":"","overlay-opacity":"","overlay-gradient":""},"mobile":{"background-color":"","background-image":"","background-repeat":"repeat","background-position":"center center","background-size":"auto","background-attachment":"scroll","background-type":"","background-media":"","overlay-type":"","overlay-color":"","overlay-opacity":"","overlay-gradient":""}},"ast-content-background-meta":{"desktop":{"background-color":"var(--ast-global-color-4)","background-image":"","background-repeat":"repeat","background-position":"center center","background-size":"auto","background-attachment":"scroll","background-type":"","background-media":"","overlay-type":"","overlay-color":"","overlay-opacity":"","overlay-gradient":""},"tablet":{"background-color":"var(--ast-global-color-4)","background-image":"","background-repeat":"repeat","background-position":"center center","background-size":"auto","background-attachment":"scroll","background-type":"","background-media":"","overlay-type":"","overlay-color":"","overlay-opacity":"","overlay-gradient":""},"mobile":{"background-color":"var(--ast-global-color-4)","background-image":"","background-repeat":"repeat","background-position":"center center","background-size":"auto","background-attachment":"scroll","background-type":"","background-media":"","overlay-type":"","overlay-color":"","overlay-opacity":"","overlay-gradient":""}},"footnotes":""},"class_list":["post-1091","page","type-page","status-publish","hentry"],"_elementor_is_screenshot":null,"_wp_attached_file":null,"_wp_attachment_metadata":null,"_wp_attachment_context":null,"elementor_font_files":null,"elementor_font_face":null,"_menu_item_type":null,"_menu_item_menu_item_parent":null,"_menu_item_object_id":null,"_menu_item_object":null,"_menu_item_target":null,"_menu_item_classes":null,"_menu_item_xfn":null,"_menu_item_url":null,"_wp_old_date":null,"_import_key":"despre-noi\/istoric","site-content-style":"default","site-sidebar-style":"default","theme-transparent-header-meta":"default","astra-migrate-meta-layouts":"set","ast-breadcrumbs-content":null,"site-post-title":null,"_wp_trash_meta_comments_status":null,"_edit_lock":"1757334304:1","_wp_trash_meta_status":null,"_wp_trash_meta_time":null,"_edit_last":"1","_wp_desired_post_slug":null,"_elementor_edit_mode":null,"_elementor_template_type":null,"_elementor_page_settings":null,"_wp_page_template":"default","_elementor_css":null,"_elementor_version":null,"_elementor_pro_version":null,"_elementor_data":null,"_elementor_conditions":null,"_elementor_page_assets":[],"_elementor_element_cache":null,"_elementor_screenshot":null,"_elementor_source":null,"_astra_content_layout_flag":null,"ast-title-bar-display":null,"ast-featured-img":null,"ast-site-content-layout":"default","site-sidebar-layout":"default","_links":{"self":[{"href":"https:\/\/siretromania.ro\/web2\/index.php?rest_route=\/wp\/v2\/pages\/1091","targetHints":{"allow":["GET"]}}],"collection":[{"href":"https:\/\/siretromania.ro\/web2\/index.php?rest_route=\/wp\/v2\/pages"}],"about":[{"href":"https:\/\/siretromania.ro\/web2\/index.php?rest_route=\/wp\/v2\/types\/page"}],"author":[{"embeddable":true,"href":"https:\/\/siretromania.ro\/web2\/index.php?rest_route=\/wp\/v2\/users\/1"}],"replies":[{"embeddable":true,"href":"https:\/\/siretromania.ro\/web2\/index.php?rest_route=%2Fwp%2Fv2%2Fcomments&post=1091"}],"version-history":[{"count":2,"href":"https:\/\/siretromania.ro\/web2\/index.php?rest_route=\/wp\/v2\/pages\/1091\/revisions"}],"predecessor-version":[{"id":1475,"href":"https:\/\/siretromania.ro\/web2\/index.php?rest_route=\/wp\/v2\/pages\/1091\/revisions\/1475"}],"up":[{"embeddable":true,"href":"https:\/\/siretromania.ro\/web2\/index.php?rest_route=\/wp\/v2\/pages\/1087"}],"wp:attachment":[{"href":"https:\/\/siretromania.ro\/web2\/index.php?rest_route=%2Fwp%2Fv2%2Fmedia&parent=1091"}],"curies":[{"name":"wp","href":"https:\/\/api.w.org\/{rel}","templated":true}]}}