{"id":1090,"date":"2025-09-02T21:39:03","date_gmt":"2025-09-02T21:39:03","guid":{"rendered":"http:\/\/localhost\/wordpress\/?page_id=1090"},"modified":"2025-09-08T12:28:54","modified_gmt":"2025-09-08T12:28:54","slug":"asezare-geografica","status":"publish","type":"page","link":"https:\/\/siretromania.ro\/web2\/?page_id=1090","title":{"rendered":"A\u0219ezare geografic\u0103"},"content":{"rendered":"<p>Ora\u0219ul Siret este situat \u00een extremitatea nord-estic\u0103 a\u00a0<a title=\"Jude\u021bul Suceava\" href=\"https:\/\/ro.wikipedia.org\/wiki\/Jude%C8%9Bul_Suceava\">jude\u021bului Suceava<\/a>, pe malul drept al\u00a0<a title=\"R\u00e2ul Siret\" href=\"https:\/\/ro.wikipedia.org\/wiki\/R%C3%A2ul_Siret\">r\u00e2ului Siret<\/a>, \u00een imediata apropiere de intrarea sa pe teritoriul Rom\u00e2niei. Coordonatele geografice ale localit\u0103\u021bii sunt 47\u00b0 57&#8242; latitudine nordic\u0103 \u0219i 26\u00b0 4&#8242; longitudine estic\u0103.<\/p>\n<p>Ora\u0219ul se afl\u0103 la aproximativ jum\u0103tatea distan\u021bei dintre\u00a0<a title=\"Cern\u0103u\u021bi\" href=\"https:\/\/ro.wikipedia.org\/wiki\/Cern%C4%83u%C8%9Bi\">Cern\u0103u\u021bi<\/a>\u00a0\u0219i\u00a0<a title=\"Suceava\" href=\"https:\/\/ro.wikipedia.org\/wiki\/Suceava\">Suceava<\/a>, pe \u0219oseaua european\u0103 E85 (DN 2), la o distan\u021b\u0103 de 42\u00a0km de municipiul Suceava, re\u0219edin\u021ba jude\u021bului cu acela\u0219i nume, \u0219i 5\u00a0km de grani\u021ba cu\u00a0<a title=\"Ucraina\" href=\"https:\/\/ro.wikipedia.org\/wiki\/Ucraina\">Ucraina<\/a>.<\/p>\n<p>Siret este un punct de tranzit, motiv pentru care s-a dezvoltat de timpuriu ca centru economic \u0219i comercial pe culoarul Siretului, pe drumul comercial care unea ora\u0219ele dun\u0103rene de\u00a0<a title=\"Liov\" href=\"https:\/\/ro.wikipedia.org\/wiki\/Liov\">Lvov<\/a>. Dup\u0103 ce\u00a0<a title=\"Marea Neagr\u0103\" href=\"https:\/\/ro.wikipedia.org\/wiki\/Marea_Neagr%C4%83\">Marea Neagr\u0103<\/a>\u00a0s-a transformat la propriu \u00eentr-un \u201elac turcesc\u201d, vechile leg\u0103turi comerciale cu nordul\u00a0<a title=\"Europa\" href=\"https:\/\/ro.wikipedia.org\/wiki\/Europa\">Europei<\/a>\u00a0se sting, iar importan\u021ba Siretului scade semnificativ, lucru care duce la o dec\u0103dere a acestuia.<\/p>\n<p>\u00cen afar\u0103 de magistrala rutier\u0103 E85, Siretul mai este accesibil \u0219i pe urm\u0103toarele rute: Suceava \u2013\u00a0<a title=\"Comuna Calafinde\u0219ti, Suceava\" href=\"https:\/\/ro.wikipedia.org\/wiki\/Comuna_Calafinde%C8%99ti,_Suceava\">Calafinde\u0219ti<\/a>\u00a0(DJ 209D), dinspre\u00a0<a title=\"R\u0103d\u0103u\u021bi\" href=\"https:\/\/ro.wikipedia.org\/wiki\/R%C4%83d%C4%83u%C8%9Bi\">R\u0103d\u0103u\u021bi<\/a>\u00a0prin\u00a0<a title=\"Comuna Dorne\u0219ti, Suceava\" href=\"https:\/\/ro.wikipedia.org\/wiki\/Comuna_Dorne%C8%99ti,_Suceava\">Dorne\u0219ti<\/a>\u00a0(DN 17A), dinspre\u00a0<a title=\"Dorohoi\" href=\"https:\/\/ro.wikipedia.org\/wiki\/Dorohoi\">Dorohoi<\/a>\u00a0prin\u00a0<a class=\"mw-redirect\" title=\"Comuna Dersca, Boto\u0219ani\" href=\"https:\/\/ro.wikipedia.org\/wiki\/Comuna_Dersca,_Boto%C8%99ani\">Dersca<\/a>\u00a0(DJ 291B) sau\u00a0<a title=\"Comuna V\u00e2rfu C\u00e2mpului, Boto\u0219ani\" href=\"https:\/\/ro.wikipedia.org\/wiki\/Comuna_V%C3%A2rfu_C%C3%A2mpului,_Boto%C8%99ani\">V\u00e2rfu C\u00e2mpului<\/a>\u00a0(DN 29A\/DN 29C). \u00cen localitate se poate ajunge cu trenul, pe linia Dorne\u0219ti \u2013 Siret dat\u0103 \u00een folosin\u021b\u0103 \u00een anul 1976.<\/p>\n<p>Siret se \u00eenvecineaz\u0103 cu\u00a0<a title=\"Ucraina\" href=\"https:\/\/ro.wikipedia.org\/wiki\/Ucraina\">Ucraina<\/a>\u00a0(la nord), cu comuna\u00a0<a title=\"Comuna Mih\u0103ileni, Boto\u0219ani\" href=\"https:\/\/ro.wikipedia.org\/wiki\/Comuna_Mih%C4%83ileni,_Boto%C8%99ani\">Mih\u0103ileni<\/a>\u00a0din\u00a0<a title=\"Jude\u021bul Boto\u0219ani\" href=\"https:\/\/ro.wikipedia.org\/wiki\/Jude%C8%9Bul_Boto%C8%99ani\">jude\u021bul Boto\u0219ani<\/a>\u00a0(la est), cu comunele\u00a0<a title=\"Comuna Gr\u0103me\u0219ti, Suceava\" href=\"https:\/\/ro.wikipedia.org\/wiki\/Comuna_Gr%C4%83me%C8%99ti,_Suceava\">Gr\u0103me\u0219ti<\/a>,\u00a0<a title=\"Comuna B\u0103lc\u0103u\u021bi, Suceava\" href=\"https:\/\/ro.wikipedia.org\/wiki\/Comuna_B%C4%83lc%C4%83u%C8%9Bi,_Suceava\">B\u0103lc\u0103u\u021bi<\/a>\u00a0\u0219i\u00a0<a title=\"Comuna Dorne\u0219ti, Suceava\" href=\"https:\/\/ro.wikipedia.org\/wiki\/Comuna_Dorne%C8%99ti,_Suceava\">Dorne\u0219ti<\/a>\u00a0(la sud) \u0219i cu comuna\u00a0<a title=\"Comuna Mu\u0219eni\u021ba, Suceava\" href=\"https:\/\/ro.wikipedia.org\/wiki\/Comuna_Mu%C8%99eni%C8%9Ba,_Suceava\">Mu\u0219eni\u021ba<\/a>\u00a0din jude\u021bul Suceava (la vest). Suprafa\u021ba teritoriului localit\u0103\u021bii este de 4337,96 hectare. Ora\u0219ul Siret administreaz\u0103 dou\u0103 sate:\u00a0<a title=\"M\u0103n\u0103stioara (Siret), Suceava\" href=\"https:\/\/ro.wikipedia.org\/wiki\/M%C4%83n%C4%83stioara_(Siret),_Suceava\">M\u0103n\u0103stioara<\/a>\u00a0\u0219i\u00a0<a title=\"P\u0103dureni, Suceava\" href=\"https:\/\/ro.wikipedia.org\/wiki\/P%C4%83dureni,_Suceava\">P\u0103dureni<\/a>.<br \/>\nCredit: <a href=\"https:\/\/ro.wikipedia.org\/wiki\/Siret\">https:\/\/ro.wikipedia.org\/wiki\/Siret<\/a><\/p>\n","protected":false},"excerpt":{"rendered":"<p>Ora\u0219ul Siret este situat \u00een extremitatea nord-estic\u0103 a\u00a0jude\u021bului Suceava, pe malul drept al\u00a0r\u00e2ului Siret, \u00een imediata apropiere de intrarea sa [&hellip;]<\/p>\n","protected":false},"author":1,"featured_media":0,"parent":1087,"menu_order":0,"comment_status":"closed","ping_status":"closed","template":"","meta":{"site-sidebar-layout":"default","site-content-layout":"","ast-site-content-layout":"default","site-content-style":"default","site-sidebar-style":"default","ast-global-header-display":"","ast-banner-title-visibility":"","ast-main-header-display":"","ast-hfb-above-header-display":"","ast-hfb-below-header-display":"","ast-hfb-mobile-header-display":"","site-post-title":"","ast-breadcrumbs-content":"","ast-featured-img":"","footer-sml-layout":"","theme-transparent-header-meta":"default","adv-header-id-meta":"","stick-header-meta":"","header-above-stick-meta":"","header-main-stick-meta":"","header-below-stick-meta":"","astra-migrate-meta-layouts":"set","ast-page-background-enabled":"default","ast-page-background-meta":{"desktop":{"background-color":"var(--ast-global-color-5)","background-image":"","background-repeat":"repeat","background-position":"center center","background-size":"auto","background-attachment":"scroll","background-type":"","background-media":"","overlay-type":"","overlay-color":"","overlay-opacity":"","overlay-gradient":""},"tablet":{"background-color":"","background-image":"","background-repeat":"repeat","background-position":"center center","background-size":"auto","background-attachment":"scroll","background-type":"","background-media":"","overlay-type":"","overlay-color":"","overlay-opacity":"","overlay-gradient":""},"mobile":{"background-color":"","background-image":"","background-repeat":"repeat","background-position":"center center","background-size":"auto","background-attachment":"scroll","background-type":"","background-media":"","overlay-type":"","overlay-color":"","overlay-opacity":"","overlay-gradient":""}},"ast-content-background-meta":{"desktop":{"background-color":"var(--ast-global-color-4)","background-image":"","background-repeat":"repeat","background-position":"center center","background-size":"auto","background-attachment":"scroll","background-type":"","background-media":"","overlay-type":"","overlay-color":"","overlay-opacity":"","overlay-gradient":""},"tablet":{"background-color":"var(--ast-global-color-4)","background-image":"","background-repeat":"repeat","background-position":"center center","background-size":"auto","background-attachment":"scroll","background-type":"","background-media":"","overlay-type":"","overlay-color":"","overlay-opacity":"","overlay-gradient":""},"mobile":{"background-color":"var(--ast-global-color-4)","background-image":"","background-repeat":"repeat","background-position":"center center","background-size":"auto","background-attachment":"scroll","background-type":"","background-media":"","overlay-type":"","overlay-color":"","overlay-opacity":"","overlay-gradient":""}},"footnotes":""},"class_list":["post-1090","page","type-page","status-publish","hentry"],"_elementor_is_screenshot":null,"_wp_attached_file":null,"_wp_attachment_metadata":null,"_wp_attachment_context":null,"elementor_font_files":null,"elementor_font_face":null,"_menu_item_type":null,"_menu_item_menu_item_parent":null,"_menu_item_object_id":null,"_menu_item_object":null,"_menu_item_target":null,"_menu_item_classes":null,"_menu_item_xfn":null,"_menu_item_url":null,"_wp_old_date":null,"_import_key":"despre-noi\/asezare-geografica","site-content-style":"default","site-sidebar-style":"default","theme-transparent-header-meta":"default","astra-migrate-meta-layouts":"set","ast-breadcrumbs-content":null,"site-post-title":null,"_wp_trash_meta_comments_status":null,"_edit_lock":"1757334393:1","_wp_trash_meta_status":null,"_wp_trash_meta_time":null,"_edit_last":"1","_wp_desired_post_slug":null,"_elementor_edit_mode":null,"_elementor_template_type":null,"_elementor_page_settings":null,"_wp_page_template":"default","_elementor_css":null,"_elementor_version":null,"_elementor_pro_version":null,"_elementor_data":null,"_elementor_conditions":null,"_elementor_page_assets":[],"_elementor_element_cache":null,"_elementor_screenshot":null,"_elementor_source":null,"_astra_content_layout_flag":null,"ast-title-bar-display":null,"ast-featured-img":null,"ast-site-content-layout":"default","site-sidebar-layout":"default","_links":{"self":[{"href":"https:\/\/siretromania.ro\/web2\/index.php?rest_route=\/wp\/v2\/pages\/1090","targetHints":{"allow":["GET"]}}],"collection":[{"href":"https:\/\/siretromania.ro\/web2\/index.php?rest_route=\/wp\/v2\/pages"}],"about":[{"href":"https:\/\/siretromania.ro\/web2\/index.php?rest_route=\/wp\/v2\/types\/page"}],"author":[{"embeddable":true,"href":"https:\/\/siretromania.ro\/web2\/index.php?rest_route=\/wp\/v2\/users\/1"}],"replies":[{"embeddable":true,"href":"https:\/\/siretromania.ro\/web2\/index.php?rest_route=%2Fwp%2Fv2%2Fcomments&post=1090"}],"version-history":[{"count":3,"href":"https:\/\/siretromania.ro\/web2\/index.php?rest_route=\/wp\/v2\/pages\/1090\/revisions"}],"predecessor-version":[{"id":1477,"href":"https:\/\/siretromania.ro\/web2\/index.php?rest_route=\/wp\/v2\/pages\/1090\/revisions\/1477"}],"up":[{"embeddable":true,"href":"https:\/\/siretromania.ro\/web2\/index.php?rest_route=\/wp\/v2\/pages\/1087"}],"wp:attachment":[{"href":"https:\/\/siretromania.ro\/web2\/index.php?rest_route=%2Fwp%2Fv2%2Fmedia&parent=1090"}],"curies":[{"name":"wp","href":"https:\/\/api.w.org\/{rel}","templated":true}]}}