{"id":931,"date":"2019-06-27T18:30:58","date_gmt":"2019-06-27T18:30:58","guid":{"rendered":"http:\/\/siretromania.ro\/web\/?page_id=931"},"modified":"2020-09-15T09:19:56","modified_gmt":"2020-09-15T07:19:56","slug":"anunturi-si-comunicate","status":"publish","type":"page","link":"https:\/\/siretromania.ro\/web\/anunturi-si-comunicate\/","title":{"rendered":"ANUNTURI SI COMUNICATE"},"content":{"rendered":"\t\t<div data-elementor-type=\"wp-post\" data-elementor-id=\"931\" class=\"elementor elementor-931\" data-elementor-post-type=\"page\">\n\t\t\t\t\t\t<section class=\"elementor-section elementor-top-section elementor-element elementor-element-e2171be elementor-section-boxed elementor-section-height-default elementor-section-height-default\" data-id=\"e2171be\" data-element_type=\"section\">\n\t\t\t\t\t\t<div class=\"elementor-container elementor-column-gap-default\">\n\t\t\t\t\t<div class=\"elementor-column elementor-col-100 elementor-top-column elementor-element elementor-element-d6967ce\" data-id=\"d6967ce\" data-element_type=\"column\">\n\t\t\t<div class=\"elementor-widget-wrap elementor-element-populated\">\n\t\t\t\t\t\t<div class=\"elementor-element elementor-element-804ff9d elementor-posts--align-left elementor-grid-3 elementor-grid-tablet-2 elementor-grid-mobile-1 elementor-posts--thumbnail-top elementor-posts--show-avatar elementor-card-shadow-yes elementor-posts__hover-gradient elementor-widget elementor-widget-posts\" data-id=\"804ff9d\" data-element_type=\"widget\" data-settings=\"{&quot;pagination_type&quot;:&quot;numbers&quot;,&quot;cards_columns&quot;:&quot;3&quot;,&quot;cards_columns_tablet&quot;:&quot;2&quot;,&quot;cards_columns_mobile&quot;:&quot;1&quot;,&quot;cards_row_gap&quot;:{&quot;unit&quot;:&quot;px&quot;,&quot;size&quot;:35,&quot;sizes&quot;:[]},&quot;cards_row_gap_tablet&quot;:{&quot;unit&quot;:&quot;px&quot;,&quot;size&quot;:&quot;&quot;,&quot;sizes&quot;:[]},&quot;cards_row_gap_mobile&quot;:{&quot;unit&quot;:&quot;px&quot;,&quot;size&quot;:&quot;&quot;,&quot;sizes&quot;:[]}}\" data-widget_type=\"posts.cards\">\n\t\t\t\t<div class=\"elementor-widget-container\">\n\t\t\t\t\t\t\t<div class=\"elementor-posts-container elementor-posts elementor-posts--skin-cards elementor-grid\">\n\t\t\t\t<article class=\"elementor-post elementor-grid-item post-5789 post type-post status-publish format-standard hentry category-anunturi category-comunicat\">\n\t\t\t<div class=\"elementor-post__card\">\n\t\t\t\t<div class=\"elementor-post__text\">\n\t\t\t\t<h3 class=\"elementor-post__title\">\n\t\t\t<a href=\"https:\/\/siretromania.ro\/web\/2024\/12\/18\/in-atentia-asociatiilor-de-proprietari-si-a-locatarilor-cladirilor-rezidentiale-de-pe-raza-orasului-siret\/\" >\n\t\t\t\t\u00cen aten\u021bia Asocia\u021biilor de Proprietari \u0219i a locatarilor cl\u0103dirilor reziden\u021biale de pe raza ora\u0219ului Siret\t\t\t<\/a>\n\t\t<\/h3>\n\t\t\t\t<div class=\"elementor-post__excerpt\">\n\t\t\t<p>Pentru asigurarea \u0219i p\u0103strarea unui mediu natural curat, \u00een conformitate cu H.C.L. nr. 1 din 29.01.2009 privind normele de bun\u0103 convie\u021buire, ordine \u0219i lini\u0219tea public\u0103, gospod\u0103rirea ora\u0219ului \u0219i protec\u021bia mediului \u00een ora\u0219ul Siret, at\u00e2t persoanele fizice, c\u00e2t \u0219i asocia\u021biile de proprietari de pe raza ora\u0219ului Siret au urm\u0103toarele obliga\u021bii: de a proteja mediul natural, de a p\u0103stra cur\u0103\u021benia \u0219i estetica locurilor publice din ora\u0219ul Siret, potrivit reglement\u0103rilor edilitar-gospod\u0103re\u0219ti stabilite de administra\u021bia public\u0103 local\u0103; de a men\u021bine cur\u0103\u021benia \u0219i<\/p>\n\t\t<\/div>\n\t\t\n\t\t<a class=\"elementor-post__read-more\" href=\"https:\/\/siretromania.ro\/web\/2024\/12\/18\/in-atentia-asociatiilor-de-proprietari-si-a-locatarilor-cladirilor-rezidentiale-de-pe-raza-orasului-siret\/\" aria-label=\"Read more about \u00cen aten\u021bia Asocia\u021biilor de Proprietari \u0219i a locatarilor cl\u0103dirilor reziden\u021biale de pe raza ora\u0219ului Siret\" tabindex=\"-1\" >\n\t\t\tCiteste mai mult\t\t<\/a>\n\n\t\t\t\t<\/div>\n\t\t\t\t<div class=\"elementor-post__meta-data\">\n\t\t\t\t\t<span class=\"elementor-post-date\">\n\t\t\tdecembrie 18, 2024\t\t<\/span>\n\t\t\t\t<\/div>\n\t\t\t\t\t<\/div>\n\t\t<\/article>\n\t\t\t\t<article class=\"elementor-post elementor-grid-item post-5752 post type-post status-publish format-standard hentry category-compartiment-indrumare-agenti-economici\">\n\t\t\t<div class=\"elementor-post__card\">\n\t\t\t\t<div class=\"elementor-post__text\">\n\t\t\t\t<h3 class=\"elementor-post__title\">\n\t\t\t<a href=\"https:\/\/siretromania.ro\/web\/2024\/12\/12\/anunt-operatori-economici-siret\/\" >\n\t\t\t\tAnun\u021b privind operatorii economici de pe raza ora\u0219ului Siret\t\t\t<\/a>\n\t\t<\/h3>\n\t\t\t\t<div class=\"elementor-post__excerpt\">\n\t\t\t<p>\u00ceN ATEN\u021aIA AGEN\u021aILOR ECONOMICI DE PE RAZA ORA\u0218ULUI SIRET \u00cen completarea adresei nr. 13372 din data de 26.11.2024 \u021binem s\u0103 facem urm\u0103toarele preciz\u0103ri: \u00cen cazul autoriz\u0103rii\/reautoriz\u0103rii activit\u0103\u021bilor economice desf\u0103\u0219urate de agen\u021bii economici de pe raza ora\u0219ului Siret sunt necesare documentele aferente cererii anexate la punctul 1. Taxa de autorizare a fost stabilit\u0103 prin H.C.L. nr. 52 din 27.04.2023, este valbil\u0103 p\u00e2n\u0103 la data de 31.12.2024 \u0219i poate fi consultat\u0103 \u00een documentul anexat la punctul 2. Prin H.C.L. nr.<\/p>\n\t\t<\/div>\n\t\t\n\t\t<a class=\"elementor-post__read-more\" href=\"https:\/\/siretromania.ro\/web\/2024\/12\/12\/anunt-operatori-economici-siret\/\" aria-label=\"Read more about Anun\u021b privind operatorii economici de pe raza ora\u0219ului Siret\" tabindex=\"-1\" >\n\t\t\tCiteste mai mult\t\t<\/a>\n\n\t\t\t\t<\/div>\n\t\t\t\t<div class=\"elementor-post__meta-data\">\n\t\t\t\t\t<span class=\"elementor-post-date\">\n\t\t\tdecembrie 12, 2024\t\t<\/span>\n\t\t\t\t<\/div>\n\t\t\t\t\t<\/div>\n\t\t<\/article>\n\t\t\t\t<article class=\"elementor-post elementor-grid-item post-5334 post type-post status-publish format-standard hentry category-uncategorized\">\n\t\t\t<div class=\"elementor-post__card\">\n\t\t\t\t<div class=\"elementor-post__text\">\n\t\t\t\t<h3 class=\"elementor-post__title\">\n\t\t\t<a href=\"https:\/\/siretromania.ro\/web\/2023\/12\/29\/extinderea-focarelor-de-influenta-aviara\/\" >\n\t\t\t\tExtinderea focarelor de influenta aviara\t\t\t<\/a>\n\t\t<\/h3>\n\t\t\t\t<div class=\"elementor-post__excerpt\">\n\t\t\t<p>In vederea prevenirii extinderii focarelor de influenta aviara si transmiterii gripei aviare de la pasarile salbatice la cele domestice va rugam ca sa informati locuitorii de pe raza UAT-ului dumneavoastra asupra urmatoarelor masuri<\/p>\n\t\t<\/div>\n\t\t\n\t\t<a class=\"elementor-post__read-more\" href=\"https:\/\/siretromania.ro\/web\/2023\/12\/29\/extinderea-focarelor-de-influenta-aviara\/\" aria-label=\"Read more about Extinderea focarelor de influenta aviara\" tabindex=\"-1\" >\n\t\t\tCiteste mai mult\t\t<\/a>\n\n\t\t\t\t<\/div>\n\t\t\t\t<div class=\"elementor-post__meta-data\">\n\t\t\t\t\t<span class=\"elementor-post-date\">\n\t\t\tdecembrie 29, 2023\t\t<\/span>\n\t\t\t\t<\/div>\n\t\t\t\t\t<\/div>\n\t\t<\/article>\n\t\t\t\t<article class=\"elementor-post elementor-grid-item post-5033 post type-post status-publish format-standard has-post-thumbnail hentry category-anunturi\">\n\t\t\t<div class=\"elementor-post__card\">\n\t\t\t\t<a class=\"elementor-post__thumbnail__link\" href=\"https:\/\/siretromania.ro\/web\/2023\/05\/12\/investigatii-geotehnice-pe-terenuri-aflate-in-proprietate-privata\/\" tabindex=\"-1\" ><div class=\"elementor-post__thumbnail\"><img decoding=\"async\" src=\"https:\/\/siretromania.ro\/web\/wp-content\/uploads\/2023\/05\/Screenshot_1.png\" title=\"Screenshot_1\" alt=\"Screenshot_1\" loading=\"lazy\" \/><\/div><\/a>\n\t\t\t\t<div class=\"elementor-post__badge\">Anun\u021buri<\/div>\n\t\t\t\t<div class=\"elementor-post__avatar\">\n\t\t\t<img data-del=\"avatar\" alt=\"Anunturi\" src='https:\/\/siretromania.ro\/web\/wp-content\/uploads\/2019\/09\/sigla-oras-siret2-150x150.png' class='avatar pp-user-avatar avatar-128 photo ' height='128' width='128'\/>\t\t<\/div>\n\t\t\t\t<div class=\"elementor-post__text\">\n\t\t\t\t<h3 class=\"elementor-post__title\">\n\t\t\t<a href=\"https:\/\/siretromania.ro\/web\/2023\/05\/12\/investigatii-geotehnice-pe-terenuri-aflate-in-proprietate-privata\/\" >\n\t\t\t\tInvestiga\u021bii geotehnice pe terenuri aflate in proprietate privata\t\t\t<\/a>\n\t\t<\/h3>\n\t\t\t\t<div class=\"elementor-post__excerpt\">\n\t\t\t\t\t<\/div>\n\t\t\n\t\t<a class=\"elementor-post__read-more\" href=\"https:\/\/siretromania.ro\/web\/2023\/05\/12\/investigatii-geotehnice-pe-terenuri-aflate-in-proprietate-privata\/\" aria-label=\"Read more about Investiga\u021bii geotehnice pe terenuri aflate in proprietate privata\" tabindex=\"-1\" >\n\t\t\tCiteste mai mult\t\t<\/a>\n\n\t\t\t\t<\/div>\n\t\t\t\t<div class=\"elementor-post__meta-data\">\n\t\t\t\t\t<span class=\"elementor-post-date\">\n\t\t\tmai 12, 2023\t\t<\/span>\n\t\t\t\t<\/div>\n\t\t\t\t\t<\/div>\n\t\t<\/article>\n\t\t\t\t<article class=\"elementor-post elementor-grid-item post-4106 post type-post status-publish format-standard has-post-thumbnail hentry category-anunturi category-stire\">\n\t\t\t<div class=\"elementor-post__card\">\n\t\t\t\t<a class=\"elementor-post__thumbnail__link\" href=\"https:\/\/siretromania.ro\/web\/2022\/02\/08\/cea-mai-mare-rata-de-vaccinare-anticovid-in-judetul-suceava-este-la-campulung-de-3569-la-suta\/\" tabindex=\"-1\" ><div class=\"elementor-post__thumbnail\"><img decoding=\"async\" src=\"https:\/\/siretromania.ro\/web\/wp-content\/uploads\/2022\/02\/vaccinare.png\" title=\"vaccinare\" alt=\"vaccinare\" loading=\"lazy\" \/><\/div><\/a>\n\t\t\t\t<div class=\"elementor-post__badge\">Anun\u021buri<\/div>\n\t\t\t\t<div class=\"elementor-post__avatar\">\n\t\t\t<img data-del=\"avatar\" alt=\"Anunturi\" src='https:\/\/siretromania.ro\/web\/wp-content\/uploads\/2019\/09\/sigla-oras-siret2-150x150.png' class='avatar pp-user-avatar avatar-128 photo ' height='128' width='128'\/>\t\t<\/div>\n\t\t\t\t<div class=\"elementor-post__text\">\n\t\t\t\t<h3 class=\"elementor-post__title\">\n\t\t\t<a href=\"https:\/\/siretromania.ro\/web\/2022\/02\/08\/cea-mai-mare-rata-de-vaccinare-anticovid-in-judetul-suceava-este-la-campulung-de-3569-la-suta\/\" >\n\t\t\t\tCea mai mare rat\u0103 de vaccinare anticovid \u00een jude\u021bul Suceava este la C\u00e2mpulung, de 35,69 la sut\u0103\t\t\t<\/a>\n\t\t<\/h3>\n\t\t\t\t<div class=\"elementor-post__excerpt\">\n\t\t\t<p>Jude\u021bul Suceava r\u0103m\u00e2ne printre cele cu cea mai sc\u0103zut\u0103 rat\u0103 de vaccinare anticovid din \u021bar\u0103, conform situa\u021biei publicate de Ministerul S\u0103n\u0103t\u0103\u021bii&nbsp;https:\/\/vaccinare-covid.gov.ro\/situatia-vaccinarii-in-romania\/. Nu exist\u0103 nici o singur\u0103 localitate \u00een jude\u021b \u00een care procentul de vaccinare s\u0103 ating\u0103 m\u0103car 40 la sut\u0103. Cea mai mare rat\u0103 de vaccinare este \u00een municipiul C\u00e2mpulung Moldovenesc, de 35,69 la sut\u0103. Peste 30 la sut\u0103 mai au ora\u0219ul Siret \u2013 34,48 la sut\u0103, municipiul Vatra Dornei -33,84 la sut\u0103, municipiul Suceava &#8211; 32,99 la<\/p>\n\t\t<\/div>\n\t\t\n\t\t<a class=\"elementor-post__read-more\" href=\"https:\/\/siretromania.ro\/web\/2022\/02\/08\/cea-mai-mare-rata-de-vaccinare-anticovid-in-judetul-suceava-este-la-campulung-de-3569-la-suta\/\" aria-label=\"Read more about Cea mai mare rat\u0103 de vaccinare anticovid \u00een jude\u021bul Suceava este la C\u00e2mpulung, de 35,69 la sut\u0103\" tabindex=\"-1\" >\n\t\t\tCiteste mai mult\t\t<\/a>\n\n\t\t\t\t<\/div>\n\t\t\t\t<div class=\"elementor-post__meta-data\">\n\t\t\t\t\t<span class=\"elementor-post-date\">\n\t\t\tfebruarie 8, 2022\t\t<\/span>\n\t\t\t\t<\/div>\n\t\t\t\t\t<\/div>\n\t\t<\/article>\n\t\t\t\t<article class=\"elementor-post elementor-grid-item post-3252 post type-post status-publish format-standard has-post-thumbnail hentry category-anunturi\">\n\t\t\t<div class=\"elementor-post__card\">\n\t\t\t\t<a class=\"elementor-post__thumbnail__link\" href=\"https:\/\/siretromania.ro\/web\/2021\/01\/18\/bloc-anl-pentru-specialisti\/\" tabindex=\"-1\" ><div class=\"elementor-post__thumbnail\"><img decoding=\"async\" src=\"https:\/\/siretromania.ro\/web\/wp-content\/uploads\/2021\/01\/ANL.png\" title=\"ANL\" alt=\"ANL\" loading=\"lazy\" \/><\/div><\/a>\n\t\t\t\t<div class=\"elementor-post__badge\">Anun\u021buri<\/div>\n\t\t\t\t<div class=\"elementor-post__avatar\">\n\t\t\t<img data-del=\"avatar\" alt=\"Anunturi\" src='https:\/\/siretromania.ro\/web\/wp-content\/uploads\/2019\/09\/sigla-oras-siret2-150x150.png' class='avatar pp-user-avatar avatar-128 photo ' height='128' width='128'\/>\t\t<\/div>\n\t\t\t\t<div class=\"elementor-post__text\">\n\t\t\t\t<h3 class=\"elementor-post__title\">\n\t\t\t<a href=\"https:\/\/siretromania.ro\/web\/2021\/01\/18\/bloc-anl-pentru-specialisti\/\" >\n\t\t\t\tBloc ANL pentru specialisti\t\t\t<\/a>\n\t\t<\/h3>\n\t\t\t\t<div class=\"elementor-post__excerpt\">\n\t\t\t<p>A N U N \u0162&nbsp;&nbsp; P U B L I C ORA\u015eUL SIRET \u2013 din orasul Siret, str. 28 Noiembrie, nr.1, jude\u0163ul Suceava, titular al PLANULUI URBANISTIC ZONAL &#8220;Bloc ANL pentru specialisti&#8221; \u00een orasul Siret, str. 28 Noiembrie, nr. 16A, judetul Suceava, pentru informarea publicului interesat<\/p>\n\t\t<\/div>\n\t\t\n\t\t<a class=\"elementor-post__read-more\" href=\"https:\/\/siretromania.ro\/web\/2021\/01\/18\/bloc-anl-pentru-specialisti\/\" aria-label=\"Read more about Bloc ANL pentru specialisti\" tabindex=\"-1\" >\n\t\t\tCiteste mai mult\t\t<\/a>\n\n\t\t\t\t<\/div>\n\t\t\t\t<div class=\"elementor-post__meta-data\">\n\t\t\t\t\t<span class=\"elementor-post-date\">\n\t\t\tianuarie 18, 2021\t\t<\/span>\n\t\t\t\t<\/div>\n\t\t\t\t\t<\/div>\n\t\t<\/article>\n\t\t\t\t<\/div>\n\t\t\n\t\t\t\t\t\t<\/div>\n\t\t\t\t<\/div>\n\t\t\t\t\t<\/div>\n\t\t<\/div>\n\t\t\t\t\t<\/div>\n\t\t<\/section>\n\t\t\t\t<\/div>\n\t\t","protected":false},"excerpt":{"rendered":"","protected":false},"author":1,"featured_media":0,"parent":0,"menu_order":0,"comment_status":"closed","ping_status":"closed","template":"fullwidth.php","meta":{"site-sidebar-layout":"default","site-content-layout":"","ast-site-content-layout":"","site-content-style":"default","site-sidebar-style":"default","ast-global-header-display":"","ast-banner-title-visibility":"","ast-main-header-display":"","ast-hfb-above-header-display":"","ast-hfb-below-header-display":"","ast-hfb-mobile-header-display":"","site-post-title":"","ast-breadcrumbs-content":"","ast-featured-img":"","footer-sml-layout":"","theme-transparent-header-meta":"","adv-header-id-meta":"","stick-header-meta":"","header-above-stick-meta":"","header-main-stick-meta":"","header-below-stick-meta":"","astra-migrate-meta-layouts":"default","ast-page-background-enabled":"default","ast-page-background-meta":{"desktop":{"background-color":"var(--ast-global-color-4)","background-image":"","background-repeat":"repeat","background-position":"center center","background-size":"auto","background-attachment":"scroll","background-type":"","background-media":"","overlay-type":"","overlay-color":"","overlay-opacity":"","overlay-gradient":""},"tablet":{"background-color":"","background-image":"","background-repeat":"repeat","background-position":"center center","background-size":"auto","background-attachment":"scroll","background-type":"","background-media":"","overlay-type":"","overlay-color":"","overlay-opacity":"","overlay-gradient":""},"mobile":{"background-color":"","background-image":"","background-repeat":"repeat","background-position":"center center","background-size":"auto","background-attachment":"scroll","background-type":"","background-media":"","overlay-type":"","overlay-color":"","overlay-opacity":"","overlay-gradient":""}},"ast-content-background-meta":{"desktop":{"background-color":"var(--ast-global-color-5)","background-image":"","background-repeat":"repeat","background-position":"center center","background-size":"auto","background-attachment":"scroll","background-type":"","background-media":"","overlay-type":"","overlay-color":"","overlay-opacity":"","overlay-gradient":""},"tablet":{"background-color":"var(--ast-global-color-5)","background-image":"","background-repeat":"repeat","background-position":"center center","background-size":"auto","background-attachment":"scroll","background-type":"","background-media":"","overlay-type":"","overlay-color":"","overlay-opacity":"","overlay-gradient":""},"mobile":{"background-color":"var(--ast-global-color-5)","background-image":"","background-repeat":"repeat","background-position":"center center","background-size":"auto","background-attachment":"scroll","background-type":"","background-media":"","overlay-type":"","overlay-color":"","overlay-opacity":"","overlay-gradient":""}},"footnotes":""},"categories":[],"tags":[],"class_list":["post-931","page","type-page","status-publish","hentry"],"_links":{"self":[{"href":"https:\/\/siretromania.ro\/web\/wp-json\/wp\/v2\/pages\/931","targetHints":{"allow":["GET"]}}],"collection":[{"href":"https:\/\/siretromania.ro\/web\/wp-json\/wp\/v2\/pages"}],"about":[{"href":"https:\/\/siretromania.ro\/web\/wp-json\/wp\/v2\/types\/page"}],"author":[{"embeddable":true,"href":"https:\/\/siretromania.ro\/web\/wp-json\/wp\/v2\/users\/1"}],"replies":[{"embeddable":true,"href":"https:\/\/siretromania.ro\/web\/wp-json\/wp\/v2\/comments?post=931"}],"version-history":[{"count":4,"href":"https:\/\/siretromania.ro\/web\/wp-json\/wp\/v2\/pages\/931\/revisions"}],"predecessor-version":[{"id":2936,"href":"https:\/\/siretromania.ro\/web\/wp-json\/wp\/v2\/pages\/931\/revisions\/2936"}],"wp:attachment":[{"href":"https:\/\/siretromania.ro\/web\/wp-json\/wp\/v2\/media?parent=931"}],"wp:term":[{"taxonomy":"category","embeddable":true,"href":"https:\/\/siretromania.ro\/web\/wp-json\/wp\/v2\/categories?post=931"},{"taxonomy":"post_tag","embeddable":true,"href":"https:\/\/siretromania.ro\/web\/wp-json\/wp\/v2\/tags?post=931"}],"curies":[{"name":"wp","href":"https:\/\/api.w.org\/{rel}","templated":true}]}}