{"id":732,"date":"2019-06-24T05:18:26","date_gmt":"2019-06-24T05:18:26","guid":{"rendered":"http:\/\/siretromania.ro\/web\/?page_id=732"},"modified":"2021-07-23T11:22:21","modified_gmt":"2021-07-23T09:22:21","slug":"secretar","status":"publish","type":"page","link":"https:\/\/siretromania.ro\/web\/secretar\/","title":{"rendered":"SECRETAR"},"content":{"rendered":"\t\t<div data-elementor-type=\"wp-post\" data-elementor-id=\"732\" class=\"elementor elementor-732\" data-elementor-post-type=\"page\">\n\t\t\t\t\t\t<section class=\"elementor-section elementor-top-section elementor-element elementor-element-02a3306 elementor-section-boxed elementor-section-height-default elementor-section-height-default\" data-id=\"02a3306\" data-element_type=\"section\">\n\t\t\t\t\t\t<div class=\"elementor-container elementor-column-gap-default\">\n\t\t\t\t\t<div class=\"elementor-column elementor-col-50 elementor-top-column elementor-element elementor-element-f689319\" data-id=\"f689319\" data-element_type=\"column\">\n\t\t\t<div class=\"elementor-widget-wrap elementor-element-populated\">\n\t\t\t\t\t\t<div class=\"elementor-element elementor-element-21d4299 elementor-widget elementor-widget-image\" data-id=\"21d4299\" data-element_type=\"widget\" data-widget_type=\"image.default\">\n\t\t\t\t<div class=\"elementor-widget-container\">\n\t\t\t\t\t\t\t\t\t\t\t\t\t\t\t<img fetchpriority=\"high\" decoding=\"async\" width=\"187\" height=\"270\" src=\"https:\/\/siretromania.ro\/web\/wp-content\/uploads\/2019\/06\/STEMA.png\" class=\"attachment-large size-large wp-image-736\" alt=\"\" \/>\t\t\t\t\t\t\t\t\t\t\t\t\t\t\t<\/div>\n\t\t\t\t<\/div>\n\t\t\t\t<div class=\"elementor-element elementor-element-e358fbc elementor-widget elementor-widget-text-editor\" data-id=\"e358fbc\" data-element_type=\"widget\" data-widget_type=\"text-editor.default\">\n\t\t\t\t<div class=\"elementor-widget-container\">\n\t\t\t\t\t\t\t\t\t<p style=\"padding-left: 40px;\">Telefon: 0230-280901<br \/>Fax: 0230-280624<br \/><a href=\"mailto:primariasiret@siretromania.ro\">primariasiret@siretromania.ro<\/a><\/p>\t\t\t\t\t\t\t\t<\/div>\n\t\t\t\t<\/div>\n\t\t\t\t\t<\/div>\n\t\t<\/div>\n\t\t\t\t<div class=\"elementor-column elementor-col-50 elementor-top-column elementor-element elementor-element-00092be\" data-id=\"00092be\" data-element_type=\"column\">\n\t\t\t<div class=\"elementor-widget-wrap elementor-element-populated\">\n\t\t\t\t\t\t<div class=\"elementor-element elementor-element-030a70e elementor-widget elementor-widget-heading\" data-id=\"030a70e\" data-element_type=\"widget\" data-widget_type=\"heading.default\">\n\t\t\t\t<div class=\"elementor-widget-container\">\n\t\t\t\t\t<h3 class=\"elementor-heading-title elementor-size-default\">IONITA VICTOR-ADRIAN<\/h3>\t\t\t\t<\/div>\n\t\t\t\t<\/div>\n\t\t\t\t<div class=\"elementor-element elementor-element-aa80453 elementor-tabs-view-horizontal elementor-widget elementor-widget-tabs\" data-id=\"aa80453\" data-element_type=\"widget\" data-widget_type=\"tabs.default\">\n\t\t\t\t<div class=\"elementor-widget-container\">\n\t\t\t\t\t\t\t<div class=\"elementor-tabs\">\n\t\t\t<div class=\"elementor-tabs-wrapper\" role=\"tablist\" >\n\t\t\t\t\t\t\t\t\t<div id=\"elementor-tab-title-1781\" class=\"elementor-tab-title elementor-tab-desktop-title\" aria-selected=\"true\" data-tab=\"1\" role=\"tab\" tabindex=\"0\" aria-controls=\"elementor-tab-content-1781\" aria-expanded=\"false\">Atribu\u021biile secretarului<\/div>\n\t\t\t\t\t\t\t\t\t<div id=\"elementor-tab-title-1782\" class=\"elementor-tab-title elementor-tab-desktop-title\" aria-selected=\"false\" data-tab=\"2\" role=\"tab\" tabindex=\"-1\" aria-controls=\"elementor-tab-content-1782\" aria-expanded=\"false\">Declaratie de avere<\/div>\n\t\t\t\t\t\t\t\t\t<div id=\"elementor-tab-title-1783\" class=\"elementor-tab-title elementor-tab-desktop-title\" aria-selected=\"false\" data-tab=\"3\" role=\"tab\" tabindex=\"-1\" aria-controls=\"elementor-tab-content-1783\" aria-expanded=\"false\">Declaratie de interese<\/div>\n\t\t\t\t\t\t\t\t\t<div id=\"elementor-tab-title-1784\" class=\"elementor-tab-title elementor-tab-desktop-title\" aria-selected=\"false\" data-tab=\"4\" role=\"tab\" tabindex=\"-1\" aria-controls=\"elementor-tab-content-1784\" aria-expanded=\"false\">Curriculum vitae<\/div>\n\t\t\t\t\t\t\t<\/div>\n\t\t\t<div class=\"elementor-tabs-content-wrapper\" role=\"tablist\" aria-orientation=\"vertical\">\n\t\t\t\t\t\t\t\t\t<div class=\"elementor-tab-title elementor-tab-mobile-title\" aria-selected=\"true\" data-tab=\"1\" role=\"tab\" tabindex=\"0\" aria-controls=\"elementor-tab-content-1781\" aria-expanded=\"false\">Atribu\u021biile secretarului<\/div>\n\t\t\t\t\t<div id=\"elementor-tab-content-1781\" class=\"elementor-tab-content elementor-clearfix\" data-tab=\"1\" role=\"tabpanel\" aria-labelledby=\"elementor-tab-title-1781\" tabindex=\"0\" hidden=\"false\"><p>Atribu\u021biile secretarului.<\/p><p><strong>Secretarul unit\u0103\u0163ii administrativ-teritoriale \u00eendepline\u015fte, \u00een condi\u0163iile legii, urm\u0103toarele atribu\u0163ii:<\/strong><\/p><ul><li>a) avizeaz\u0103, pentru legalitate, dispozi\u0163iile primarului \u015fi ale pre\u015fedintelui consiliului jude\u0163ean, hot\u0103r\u00e2rile consiliului local, respectiv ale consiliului jude\u0163ean;<\/li><li>b) particip\u0103 la \u015fedin\u0163ele consiliului local, respectiv ale consiliului jude\u0163ean;<\/li><li>c) asigur\u0103 gestionarea procedurilor administrative privind rela\u0163ia dintre consiliul local \u015fi primar, respectiv consiliul jude\u0163ean \u015fi pre\u015fedintele acestuia, precum \u015fi \u00eentre ace\u015ftia \u015fi prefect;<\/li><li>d) organizeaz\u0103 arhiva \u015fi eviden\u0163a statistic\u0103 a hot\u0103r\u00e2rilor consiliului local \u015fi a dispozi\u0163iilor primarului, respectiv a hot\u0103r\u00e2rilor consiliului jude\u0163ean \u015fi a dispozi\u0163iilor pre\u015fedintelui consiliului jude\u0163ean;<\/li><li>e) asigur\u0103 transparen\u0163a \u015fi comunicarea c\u0103tre autorit\u0103\u0163ile, institu\u0163iile publice \u015fi persoanele interesate a actelor prev\u0103zute la lit. a), \u00een condi\u0163iile Legii nr. 544\/2001 privind liberul acces la informa\u0163iile de interes public, cu modific\u0103rile \u015fi complet\u0103rile ulterioare;<\/li><li>f) asigur\u0103 procedurile de convocare a consiliului local, respectiv a consiliului jude\u0163ean, \u015fi efectuarea lucr\u0103rilor de secretariat, comunic\u0103 ordinea de zi, \u00eentocme\u015fte procesul-verbal al \u015fedin\u0163elor consiliului local, respectiv ale consiliului jude\u0163ean, \u015fi redacteaz\u0103 hot\u0103r\u00e2rile consiliului local, respectiv ale consiliului jude\u0163ean;<\/li><li>g) preg\u0103te\u015fte lucr\u0103rile supuse dezbaterii consiliului local, respectiv a consiliului jude\u0163ean, \u015fi comisiilor de specialitate ale acestuia;<\/li><li>h) alte atribu\u0163ii prev\u0103zute de lege sau \u00eens\u0103rcin\u0103ri date de consiliul local, de primar, de consiliul jude\u0163ean sau de pre\u015fedintele consiliului jude\u0163ean, dup\u0103 caz.<\/li><\/ul><\/div>\n\t\t\t\t\t\t\t\t\t<div class=\"elementor-tab-title elementor-tab-mobile-title\" aria-selected=\"false\" data-tab=\"2\" role=\"tab\" tabindex=\"-1\" aria-controls=\"elementor-tab-content-1782\" aria-expanded=\"false\">Declaratie de avere<\/div>\n\t\t\t\t\t<div id=\"elementor-tab-content-1782\" class=\"elementor-tab-content elementor-clearfix\" data-tab=\"2\" role=\"tabpanel\" aria-labelledby=\"elementor-tab-title-1782\" tabindex=\"0\" hidden=\"hidden\"><p><a href=\"https:\/\/siretromania.ro\/web\/wp-content\/uploads\/2021\/07\/Ioni\u021b\u0103-Adrian-Victor.pdf\">Ioni\u021b\u0103 Adrian Victor<\/a> &#8211; 2021<\/p><\/div>\n\t\t\t\t\t\t\t\t\t<div class=\"elementor-tab-title elementor-tab-mobile-title\" aria-selected=\"false\" data-tab=\"3\" role=\"tab\" tabindex=\"-1\" aria-controls=\"elementor-tab-content-1783\" aria-expanded=\"false\">Declaratie de interese<\/div>\n\t\t\t\t\t<div id=\"elementor-tab-content-1783\" class=\"elementor-tab-content elementor-clearfix\" data-tab=\"3\" role=\"tabpanel\" aria-labelledby=\"elementor-tab-title-1783\" tabindex=\"0\" hidden=\"hidden\"><p><a href=\"https:\/\/siretromania.ro\/web\/wp-content\/uploads\/2021\/07\/Ioni\u021b\u0103-Adrian-Victor-1.pdf\">Ioni\u021b\u0103 Adrian Victor<\/a> 2021<\/p><\/div>\n\t\t\t\t\t\t\t\t\t<div class=\"elementor-tab-title elementor-tab-mobile-title\" aria-selected=\"false\" data-tab=\"4\" role=\"tab\" tabindex=\"-1\" aria-controls=\"elementor-tab-content-1784\" aria-expanded=\"false\">Curriculum vitae<\/div>\n\t\t\t\t\t<div id=\"elementor-tab-content-1784\" class=\"elementor-tab-content elementor-clearfix\" data-tab=\"4\" role=\"tabpanel\" aria-labelledby=\"elementor-tab-title-1784\" tabindex=\"0\" hidden=\"hidden\"><p><a href=\"http:\/\/siretromania.ro\/web\/wp-content\/uploads\/2019\/08\/CV-ionita.pdf\">CV IONITA VICTOR ADRIAN<\/a><\/p><\/div>\n\t\t\t\t\t\t\t<\/div>\n\t\t<\/div>\n\t\t\t\t\t\t<\/div>\n\t\t\t\t<\/div>\n\t\t\t\t\t<\/div>\n\t\t<\/div>\n\t\t\t\t\t<\/div>\n\t\t<\/section>\n\t\t\t\t<section class=\"elementor-section elementor-top-section elementor-element elementor-element-424a798 elementor-section-boxed elementor-section-height-default elementor-section-height-default\" data-id=\"424a798\" data-element_type=\"section\">\n\t\t\t\t\t\t<div class=\"elementor-container elementor-column-gap-default\">\n\t\t\t\t\t<div class=\"elementor-column elementor-col-100 elementor-top-column elementor-element elementor-element-4946110\" data-id=\"4946110\" data-element_type=\"column\">\n\t\t\t<div class=\"elementor-widget-wrap\">\n\t\t\t\t\t\t\t<\/div>\n\t\t<\/div>\n\t\t\t\t\t<\/div>\n\t\t<\/section>\n\t\t\t\t<\/div>\n\t\t","protected":false},"excerpt":{"rendered":"<p>Telefon: 0230-280901Fax: 0230-280624primariasiret@siretromania.ro IONITA VICTOR-ADRIAN Atribu\u021biile secretarului Declaratie de avere Declaratie de interese Curriculum vitae Atribu\u021biile secretarului Atribu\u021biile secretarului. Secretarul unit\u0103\u0163ii administrativ-teritoriale \u00eendepline\u015fte, \u00een condi\u0163iile legii, urm\u0103toarele atribu\u0163ii: a) avizeaz\u0103, pentru legalitate, dispozi\u0163iile primarului \u015fi ale pre\u015fedintelui consiliului jude\u0163ean, hot\u0103r\u00e2rile consiliului local, respectiv ale consiliului jude\u0163ean; b) particip\u0103 la \u015fedin\u0163ele consiliului local, respectiv ale consiliului [&hellip;]<\/p>\n","protected":false},"author":1,"featured_media":0,"parent":0,"menu_order":0,"comment_status":"closed","ping_status":"closed","template":"","meta":{"site-sidebar-layout":"default","site-content-layout":"","ast-site-content-layout":"","site-content-style":"default","site-sidebar-style":"default","ast-global-header-display":"","ast-banner-title-visibility":"","ast-main-header-display":"","ast-hfb-above-header-display":"","ast-hfb-below-header-display":"","ast-hfb-mobile-header-display":"","site-post-title":"","ast-breadcrumbs-content":"","ast-featured-img":"","footer-sml-layout":"","theme-transparent-header-meta":"","adv-header-id-meta":"","stick-header-meta":"","header-above-stick-meta":"","header-main-stick-meta":"","header-below-stick-meta":"","astra-migrate-meta-layouts":"default","ast-page-background-enabled":"default","ast-page-background-meta":{"desktop":{"background-color":"var(--ast-global-color-4)","background-image":"","background-repeat":"repeat","background-position":"center center","background-size":"auto","background-attachment":"scroll","background-type":"","background-media":"","overlay-type":"","overlay-color":"","overlay-opacity":"","overlay-gradient":""},"tablet":{"background-color":"","background-image":"","background-repeat":"repeat","background-position":"center center","background-size":"auto","background-attachment":"scroll","background-type":"","background-media":"","overlay-type":"","overlay-color":"","overlay-opacity":"","overlay-gradient":""},"mobile":{"background-color":"","background-image":"","background-repeat":"repeat","background-position":"center center","background-size":"auto","background-attachment":"scroll","background-type":"","background-media":"","overlay-type":"","overlay-color":"","overlay-opacity":"","overlay-gradient":""}},"ast-content-background-meta":{"desktop":{"background-color":"var(--ast-global-color-5)","background-image":"","background-repeat":"repeat","background-position":"center center","background-size":"auto","background-attachment":"scroll","background-type":"","background-media":"","overlay-type":"","overlay-color":"","overlay-opacity":"","overlay-gradient":""},"tablet":{"background-color":"var(--ast-global-color-5)","background-image":"","background-repeat":"repeat","background-position":"center center","background-size":"auto","background-attachment":"scroll","background-type":"","background-media":"","overlay-type":"","overlay-color":"","overlay-opacity":"","overlay-gradient":""},"mobile":{"background-color":"var(--ast-global-color-5)","background-image":"","background-repeat":"repeat","background-position":"center center","background-size":"auto","background-attachment":"scroll","background-type":"","background-media":"","overlay-type":"","overlay-color":"","overlay-opacity":"","overlay-gradient":""}},"footnotes":""},"categories":[],"tags":[],"class_list":["post-732","page","type-page","status-publish","hentry"],"_links":{"self":[{"href":"https:\/\/siretromania.ro\/web\/wp-json\/wp\/v2\/pages\/732","targetHints":{"allow":["GET"]}}],"collection":[{"href":"https:\/\/siretromania.ro\/web\/wp-json\/wp\/v2\/pages"}],"about":[{"href":"https:\/\/siretromania.ro\/web\/wp-json\/wp\/v2\/types\/page"}],"author":[{"embeddable":true,"href":"https:\/\/siretromania.ro\/web\/wp-json\/wp\/v2\/users\/1"}],"replies":[{"embeddable":true,"href":"https:\/\/siretromania.ro\/web\/wp-json\/wp\/v2\/comments?post=732"}],"version-history":[{"count":13,"href":"https:\/\/siretromania.ro\/web\/wp-json\/wp\/v2\/pages\/732\/revisions"}],"predecessor-version":[{"id":3809,"href":"https:\/\/siretromania.ro\/web\/wp-json\/wp\/v2\/pages\/732\/revisions\/3809"}],"wp:attachment":[{"href":"https:\/\/siretromania.ro\/web\/wp-json\/wp\/v2\/media?parent=732"}],"wp:term":[{"taxonomy":"category","embeddable":true,"href":"https:\/\/siretromania.ro\/web\/wp-json\/wp\/v2\/categories?post=732"},{"taxonomy":"post_tag","embeddable":true,"href":"https:\/\/siretromania.ro\/web\/wp-json\/wp\/v2\/tags?post=732"}],"curies":[{"name":"wp","href":"https:\/\/api.w.org\/{rel}","templated":true}]}}