{"id":6501,"date":"2025-10-09T21:39:14","date_gmt":"2025-10-09T19:39:14","guid":{"rendered":"https:\/\/siretromania.ro\/web\/?page_id=6501"},"modified":"2025-10-23T09:26:54","modified_gmt":"2025-10-23T07:26:54","slug":"contact-consiliul-local-siret","status":"publish","type":"page","link":"https:\/\/siretromania.ro\/web\/contact-consiliul-local-siret\/","title":{"rendered":"Contact Consiliul Local Siret"},"content":{"rendered":"\t\t<div data-elementor-type=\"wp-page\" data-elementor-id=\"6501\" class=\"elementor elementor-6501\" data-elementor-post-type=\"page\">\n\t\t\t\t\t\t<section class=\"elementor-section elementor-top-section elementor-element elementor-element-4d0cf42 elementor-section-boxed elementor-section-height-default elementor-section-height-default\" data-id=\"4d0cf42\" data-element_type=\"section\">\n\t\t\t\t\t\t<div class=\"elementor-container elementor-column-gap-default\">\n\t\t\t\t\t<div class=\"elementor-column elementor-col-50 elementor-top-column elementor-element elementor-element-4a8380f\" data-id=\"4a8380f\" data-element_type=\"column\" data-settings=\"{&quot;background_background&quot;:&quot;classic&quot;}\">\n\t\t\t<div class=\"elementor-widget-wrap elementor-element-populated\">\n\t\t\t\t\t\t<div class=\"elementor-element elementor-element-22a59c2 elementor-widget__width-initial elementor-button-align-stretch elementor-widget elementor-widget-form\" data-id=\"22a59c2\" data-element_type=\"widget\" data-settings=\"{&quot;step_next_label&quot;:&quot;Next&quot;,&quot;step_previous_label&quot;:&quot;Previous&quot;,&quot;button_width&quot;:&quot;100&quot;,&quot;step_type&quot;:&quot;number_text&quot;,&quot;step_icon_shape&quot;:&quot;circle&quot;}\" data-widget_type=\"form.default\">\n\t\t\t\t<div class=\"elementor-widget-container\">\n\t\t\t\t\t\t\t<form class=\"elementor-form\" method=\"post\" name=\"New Form\">\n\t\t\t<input type=\"hidden\" name=\"post_id\" value=\"6501\"\/>\n\t\t\t<input type=\"hidden\" name=\"form_id\" value=\"22a59c2\"\/>\n\t\t\t<input type=\"hidden\" name=\"referer_title\" value=\"\" \/>\n\n\t\t\t\n\t\t\t<div class=\"elementor-form-fields-wrapper elementor-labels-above\">\n\t\t\t\t\t\t\t\t<div class=\"elementor-field-type-text elementor-field-group elementor-column elementor-field-group-name elementor-col-75 elementor-field-required elementor-mark-required\">\n\t\t\t\t\t\t\t\t\t\t\t\t<label for=\"form-field-name\" class=\"elementor-field-label\">\n\t\t\t\t\t\t\t\tNume\t\t\t\t\t\t\t<\/label>\n\t\t\t\t\t\t\t\t\t\t\t\t\t\t<input size=\"1\" type=\"text\" name=\"form_fields[name]\" id=\"form-field-name\" class=\"elementor-field elementor-size-sm  elementor-field-textual\" placeholder=\"Nume\" required=\"required\">\n\t\t\t\t\t\t\t\t\t\t\t<\/div>\n\t\t\t\t\t\t\t\t<div class=\"elementor-field-type-email elementor-field-group elementor-column elementor-field-group-email elementor-col-40 elementor-field-required elementor-mark-required\">\n\t\t\t\t\t\t\t\t\t\t\t\t<label for=\"form-field-email\" class=\"elementor-field-label\">\n\t\t\t\t\t\t\t\tEmail\t\t\t\t\t\t\t<\/label>\n\t\t\t\t\t\t\t\t\t\t\t\t\t\t<input size=\"1\" type=\"email\" name=\"form_fields[email]\" id=\"form-field-email\" class=\"elementor-field elementor-size-sm  elementor-field-textual\" placeholder=\"Email\" required=\"required\">\n\t\t\t\t\t\t\t\t\t\t\t<\/div>\n\t\t\t\t\t\t\t\t<div class=\"elementor-field-type-tel elementor-field-group elementor-column elementor-field-group-field_be6936e elementor-col-33 elementor-field-required elementor-mark-required\">\n\t\t\t\t\t\t\t\t\t\t\t\t<label for=\"form-field-field_be6936e\" class=\"elementor-field-label\">\n\t\t\t\t\t\t\t\tTelefon\t\t\t\t\t\t\t<\/label>\n\t\t\t\t\t\t\t\t<input size=\"1\" type=\"tel\" name=\"form_fields[field_be6936e]\" id=\"form-field-field_be6936e\" class=\"elementor-field elementor-size-sm  elementor-field-textual\" placeholder=\"Telefon\" required=\"required\" pattern=\"[0-9()#&amp;+*-=.]+\" title=\"Only numbers and phone characters (#, -, *, etc) are accepted.\">\n\n\t\t\t\t\t\t<\/div>\n\t\t\t\t\t\t\t\t<div class=\"elementor-field-type-select elementor-field-group elementor-column elementor-field-group-field_617f5f4 elementor-col-40 elementor-field-type-select-multiple\">\n\t\t\t\t\t\t\t\t\t\t\t\t<label for=\"form-field-field_617f5f4\" class=\"elementor-field-label\">\n\t\t\t\t\t\t\t\tAlege consilier\t\t\t\t\t\t\t<\/label>\n\t\t\t\t\t\t\t\t<div class=\"elementor-field elementor-select-wrapper remove-before \">\n\t\t\t<div class=\"select-caret-down-wrapper\">\n\t\t\t\t\t\t\t<\/div>\n\t\t\t<select name=\"form_fields[field_617f5f4][]\" id=\"form-field-field_617f5f4\" class=\"elementor-field-textual elementor-size-sm\" multiple=\"\" size=\"15\">\n\t\t\t\t\t\t\t\t\t<option value=\" Sauciuc Dan\">Sauciuc Dan <\/option>\n\t\t\t\t\t\t\t\t\t<option value=\" Cuzencu Petru-Octavian\">Cuzencu Petru-Octavian <\/option>\n\t\t\t\t\t\t\t\t\t<option value=\" Gazda Marius-Robert\">Gazda Marius-Robert <\/option>\n\t\t\t\t\t\t\t\t\t<option value=\" Peniuc Andi-Ionut \">Peniuc Andi-Ionut <\/option>\n\t\t\t\t\t\t\t\t\t<option value=\" Moldovan Roberto-Florentin\">Moldovan Roberto-Florentin <\/option>\n\t\t\t\t\t\t\t\t\t<option value=\" Fercalo Victor Alin\">Fercalo Victor Alin <\/option>\n\t\t\t\t\t\t\t\t\t<option value=\" Grosu V. Ion\">Grosu V. Ion <\/option>\n\t\t\t\t\t\t\t\t\t<option value=\" Harasemiuc liliana Elena\">Harasemiuc liliana Elena <\/option>\n\t\t\t\t\t\t\t\t\t<option value=\" Ihnatiuc Vasile\">Ihnatiuc Vasile <\/option>\n\t\t\t\t\t\t\t\t\t<option value=\" Lavric Orest\">Lavric Orest <\/option>\n\t\t\t\t\t\t\t\t\t<option value=\" Mateiciuc Constantin Alin\">Mateiciuc Constantin Alin <\/option>\n\t\t\t\t\t\t\t\t\t<option value=\" R\u00e2znic Ioan\">R\u00e2znic Ioan <\/option>\n\t\t\t\t\t\t\t\t\t<option value=\" Cost Dan-Mihail\">Cost Dan-Mihail <\/option>\n\t\t\t\t\t\t\t\t\t<option value=\" Tablan Anca Marinela\">Tablan Anca Marinela <\/option>\n\t\t\t\t\t\t\t\t\t<option value=\" Iano\u0219 Florica-Zirca\">Iano\u0219 Florica-Zirca <\/option>\n\t\t\t\t\t\t\t<\/select>\n\t\t<\/div>\n\t\t\t\t\t\t<\/div>\n\t\t\t\t\t\t\t\t<div class=\"elementor-field-type-select elementor-field-group elementor-column elementor-field-group-field_9f459fe elementor-col-33\">\n\t\t\t\t\t\t\t\t\t\t\t\t<label for=\"form-field-field_9f459fe\" class=\"elementor-field-label\">\n\t\t\t\t\t\t\t\tMod de contact preferat\t\t\t\t\t\t\t<\/label>\n\t\t\t\t\t\t\t\t<div class=\"elementor-field elementor-select-wrapper remove-before \">\n\t\t\t<div class=\"select-caret-down-wrapper\">\n\t\t\t\t<i aria-hidden=\"true\" class=\"eicon-caret-down\"><\/i>\t\t\t<\/div>\n\t\t\t<select name=\"form_fields[field_9f459fe]\" id=\"form-field-field_9f459fe\" class=\"elementor-field-textual elementor-size-sm\">\n\t\t\t\t\t\t\t\t\t<option value=\" La sediul prim\u0103riei\">La sediul prim\u0103riei <\/option>\n\t\t\t\t\t\t\t\t\t<option value=\" Online\">Online <\/option>\n\t\t\t\t\t\t\t\t\t<option value=\" WhatsApp\">WhatsApp <\/option>\n\t\t\t\t\t\t\t\t\t<option value=\" Altul \">Altul <\/option>\n\t\t\t\t\t\t\t<\/select>\n\t\t<\/div>\n\t\t\t\t\t\t<\/div>\n\t\t\t\t\t\t\t\t<div class=\"elementor-field-type-textarea elementor-field-group elementor-column elementor-field-group-message elementor-col-75 elementor-field-required elementor-mark-required\">\n\t\t\t\t\t\t\t\t\t\t\t\t<label for=\"form-field-message\" class=\"elementor-field-label\">\n\t\t\t\t\t\t\t\tMesaj \t\t\t\t\t\t\t<\/label>\n\t\t\t\t\t\t<textarea class=\"elementor-field-textual elementor-field  elementor-size-sm\" name=\"form_fields[message]\" id=\"form-field-message\" rows=\"4\" placeholder=\"Mesaj c\u0103tre consilieri sau c\u0103tre un anumit consilier\" required=\"required\"><\/textarea>\t\t\t\t<\/div>\n\t\t\t\t\t\t\t\t<div class=\"elementor-field-type-upload elementor-field-group elementor-column elementor-field-group-field_3f90574 elementor-col-100\">\n\t\t\t\t\t\t\t\t\t\t\t\t<label for=\"form-field-field_3f90574\" class=\"elementor-field-label\">\n\t\t\t\t\t\t\t\t \t\t\t\t\t\t\t<\/label>\n\t\t\t\t\t\t\t\t<input type=\"file\" name=\"form_fields[field_3f90574]\" id=\"form-field-field_3f90574\" class=\"elementor-field elementor-size-sm  elementor-upload-field\" data-maxsize=\"15\" data-maxsize-message=\"This file exceeds the maximum allowed size.\">\n\n\t\t\t\t\t\t<\/div>\n\t\t\t\t\t\t\t\t<div class=\"elementor-field-type-checkbox elementor-field-group elementor-column elementor-field-group-field_f8f0869 elementor-col-100\">\n\t\t\t\t\t<div class=\"elementor-field-subgroup  elementor-subgroup-inline\"><span class=\"elementor-field-option\"><input type=\"checkbox\" value=\"SUNT DE ACORD CA PRIM\u0102RIA ORASULUI SIRET S\u0102 PRELUCREZE ACESTE DATE CU CARACTER PERSONAL\" id=\"form-field-field_f8f0869-0\" name=\"form_fields[field_f8f0869]\"> <label for=\"form-field-field_f8f0869-0\">SUNT DE ACORD CA PRIM\u0102RIA ORASULUI SIRET S\u0102 PRELUCREZE ACESTE DATE CU CARACTER PERSONAL<\/label><\/span><\/div>\t\t\t\t<\/div>\n\t\t\t\t\t\t\t\t<div class=\"elementor-field-type-checkbox elementor-field-group elementor-column elementor-field-group-field_c5e01a0 elementor-col-100\">\n\t\t\t\t\t<div class=\"elementor-field-subgroup  elementor-subgroup-inline\"><span class=\"elementor-field-option\"><input type=\"checkbox\" value=\"DECLAR PE PROPRIE R\u0102SPUNDERE, SUB SANC\u021aIUNILE PREV\u0102ZUTE DE CODUL PENAL PENTRU INFRAC\u021aIUNILE DE FALS \u00ceN DECLARA\u021aII \u0218I UZ DE FALS, CA DATELE DIN ACEST FORMULAR SUNT CORECTE.\" id=\"form-field-field_c5e01a0-0\" name=\"form_fields[field_c5e01a0]\"> <label for=\"form-field-field_c5e01a0-0\">DECLAR PE PROPRIE R\u0102SPUNDERE, SUB SANC\u021aIUNILE PREV\u0102ZUTE DE CODUL PENAL PENTRU INFRAC\u021aIUNILE DE FALS \u00ceN DECLARA\u021aII \u0218I UZ DE FALS, CA DATELE DIN ACEST FORMULAR SUNT CORECTE.<\/label><\/span><\/div>\t\t\t\t<\/div>\n\t\t\t\t\t\t\t\t<div class=\"elementor-field-type-recaptcha elementor-field-group elementor-column elementor-field-group-field_0a17f68 elementor-col-100\">\n\t\t\t\t\t<div class=\"elementor-field\" id=\"form-field-field_0a17f68\"><div class=\"elementor-g-recaptcha\" data-sitekey=\"6Lc1b6kUAAAAAEpg4k0pOxVNudHHz_kIW6ZedsFJ\" data-type=\"v2_checkbox\" data-theme=\"light\" data-size=\"normal\"><\/div><\/div>\t\t\t\t<\/div>\n\t\t\t\t\t\t\t\t<div class=\"elementor-field-group elementor-column elementor-field-type-submit elementor-col-100 e-form__buttons\">\n\t\t\t\t\t<button class=\"elementor-button elementor-size-sm elementor-animation-float\" type=\"submit\">\n\t\t\t\t\t\t<span class=\"elementor-button-content-wrapper\">\n\t\t\t\t\t\t\t\t\t\t\t\t\t\t\t\t\t\t\t\t\t\t<span class=\"elementor-button-text\">Trimite mesaj<\/span>\n\t\t\t\t\t\t\t\t\t\t\t\t\t<\/span>\n\t\t\t\t\t<\/button>\n\t\t\t\t<\/div>\n\t\t\t<\/div>\n\t\t<\/form>\n\t\t\t\t\t\t<\/div>\n\t\t\t\t<\/div>\n\t\t\t\t<div class=\"elementor-element elementor-element-3aa5c05 elementor-widget__width-initial elementor-widget elementor-widget-text-editor\" data-id=\"3aa5c05\" data-element_type=\"widget\" data-widget_type=\"text-editor.default\">\n\t\t\t\t<div class=\"elementor-widget-container\">\n\t\t\t\t\t\t\t\t\t<p>\u00a0<\/p><p><em>Datele personale furnizate prin acest formular vor fi utilizate exclusiv pentru procesarea \u0219i solu\u021bionarea cererii dumneavoastr\u0103 adresate Consiliului Local Siret. Prim\u0103ria Ora\u0219ului Siret garanteaz\u0103 confiden\u021bialitatea \u0219i securitatea acestor date, conform prevederilor legale \u00een vigoare privind protec\u021bia datelor cu caracter personal (GDPR). Datele colectate vor fi folosite numai pentru scopul declarat \u2013 respectiv transmiterea mesajului c\u0103tre consilierul local selectat \u0219i p\u0103strarea unei eviden\u021be corespunz\u0103toare a solicit\u0103rilor adresate Consiliului Local. Refuzul de a furniza datele solicitate poate conduce la imposibilitatea \u00eenregistr\u0103rii \u0219i solu\u021bion\u0103rii cererii dumneavoastr\u0103.<\/em><\/p>\t\t\t\t\t\t\t\t<\/div>\n\t\t\t\t<\/div>\n\t\t\t\t\t<\/div>\n\t\t<\/div>\n\t\t\t\t<div class=\"elementor-column elementor-col-50 elementor-top-column elementor-element elementor-element-8d7699d\" data-id=\"8d7699d\" data-element_type=\"column\">\n\t\t\t<div class=\"elementor-widget-wrap\">\n\t\t\t\t\t\t\t<\/div>\n\t\t<\/div>\n\t\t\t\t\t<\/div>\n\t\t<\/section>\n\t\t\t\t<\/div>\n\t\t","protected":false},"excerpt":{"rendered":"<p>\u00a0 Datele personale furnizate prin acest formular vor fi utilizate exclusiv pentru procesarea \u0219i solu\u021bionarea cererii dumneavoastr\u0103 adresate Consiliului Local Siret. Prim\u0103ria Ora\u0219ului Siret garanteaz\u0103 confiden\u021bialitatea \u0219i securitatea acestor date, conform prevederilor legale \u00een vigoare privind protec\u021bia datelor cu caracter personal (GDPR). Datele colectate vor fi folosite numai pentru scopul declarat \u2013 respectiv transmiterea mesajului [&hellip;]<\/p>\n","protected":false},"author":1,"featured_media":0,"parent":0,"menu_order":0,"comment_status":"closed","ping_status":"closed","template":"","meta":{"site-sidebar-layout":"no-sidebar","site-content-layout":"page-builder","ast-site-content-layout":"full-width-container","site-content-style":"default","site-sidebar-style":"default","ast-global-header-display":"","ast-banner-title-visibility":"","ast-main-header-display":"","ast-hfb-above-header-display":"","ast-hfb-below-header-display":"","ast-hfb-mobile-header-display":"","site-post-title":"disabled","ast-breadcrumbs-content":"","ast-featured-img":"disabled","footer-sml-layout":"","theme-transparent-header-meta":"","adv-header-id-meta":"","stick-header-meta":"","header-above-stick-meta":"","header-main-stick-meta":"","header-below-stick-meta":"","astra-migrate-meta-layouts":"set","ast-page-background-enabled":"default","ast-page-background-meta":{"desktop":{"background-color":"var(--ast-global-color-4)","background-image":"","background-repeat":"repeat","background-position":"center center","background-size":"auto","background-attachment":"scroll","background-type":"","background-media":"","overlay-type":"","overlay-color":"","overlay-opacity":"","overlay-gradient":""},"tablet":{"background-color":"","background-image":"","background-repeat":"repeat","background-position":"center center","background-size":"auto","background-attachment":"scroll","background-type":"","background-media":"","overlay-type":"","overlay-color":"","overlay-opacity":"","overlay-gradient":""},"mobile":{"background-color":"","background-image":"","background-repeat":"repeat","background-position":"center center","background-size":"auto","background-attachment":"scroll","background-type":"","background-media":"","overlay-type":"","overlay-color":"","overlay-opacity":"","overlay-gradient":""}},"ast-content-background-meta":{"desktop":{"background-color":"var(--ast-global-color-5)","background-image":"","background-repeat":"repeat","background-position":"center center","background-size":"auto","background-attachment":"scroll","background-type":"","background-media":"","overlay-type":"","overlay-color":"","overlay-opacity":"","overlay-gradient":""},"tablet":{"background-color":"var(--ast-global-color-5)","background-image":"","background-repeat":"repeat","background-position":"center center","background-size":"auto","background-attachment":"scroll","background-type":"","background-media":"","overlay-type":"","overlay-color":"","overlay-opacity":"","overlay-gradient":""},"mobile":{"background-color":"var(--ast-global-color-5)","background-image":"","background-repeat":"repeat","background-position":"center center","background-size":"auto","background-attachment":"scroll","background-type":"","background-media":"","overlay-type":"","overlay-color":"","overlay-opacity":"","overlay-gradient":""}},"footnotes":""},"categories":[],"tags":[],"class_list":["post-6501","page","type-page","status-publish","hentry"],"_links":{"self":[{"href":"https:\/\/siretromania.ro\/web\/wp-json\/wp\/v2\/pages\/6501","targetHints":{"allow":["GET"]}}],"collection":[{"href":"https:\/\/siretromania.ro\/web\/wp-json\/wp\/v2\/pages"}],"about":[{"href":"https:\/\/siretromania.ro\/web\/wp-json\/wp\/v2\/types\/page"}],"author":[{"embeddable":true,"href":"https:\/\/siretromania.ro\/web\/wp-json\/wp\/v2\/users\/1"}],"replies":[{"embeddable":true,"href":"https:\/\/siretromania.ro\/web\/wp-json\/wp\/v2\/comments?post=6501"}],"version-history":[{"count":43,"href":"https:\/\/siretromania.ro\/web\/wp-json\/wp\/v2\/pages\/6501\/revisions"}],"predecessor-version":[{"id":6589,"href":"https:\/\/siretromania.ro\/web\/wp-json\/wp\/v2\/pages\/6501\/revisions\/6589"}],"wp:attachment":[{"href":"https:\/\/siretromania.ro\/web\/wp-json\/wp\/v2\/media?parent=6501"}],"wp:term":[{"taxonomy":"category","embeddable":true,"href":"https:\/\/siretromania.ro\/web\/wp-json\/wp\/v2\/categories?post=6501"},{"taxonomy":"post_tag","embeddable":true,"href":"https:\/\/siretromania.ro\/web\/wp-json\/wp\/v2\/tags?post=6501"}],"curies":[{"name":"wp","href":"https:\/\/api.w.org\/{rel}","templated":true}]}}