{"id":6421,"date":"2025-09-11T05:55:50","date_gmt":"2025-09-11T03:55:50","guid":{"rendered":"https:\/\/siretromania.ro\/web\/?page_id=6421"},"modified":"2025-10-06T13:45:14","modified_gmt":"2025-10-06T11:45:14","slug":"pug","status":"publish","type":"page","link":"https:\/\/siretromania.ro\/web\/pug\/","title":{"rendered":"PUG"},"content":{"rendered":"\t\t<div data-elementor-type=\"wp-page\" data-elementor-id=\"6421\" class=\"elementor elementor-6421\" data-elementor-post-type=\"page\">\n\t\t\t\t\t\t<section class=\"elementor-section elementor-top-section elementor-element elementor-element-881718f elementor-section-boxed elementor-section-height-default elementor-section-height-default\" data-id=\"881718f\" data-element_type=\"section\">\n\t\t\t\t\t\t<div class=\"elementor-container elementor-column-gap-default\">\n\t\t\t\t\t<div class=\"elementor-column elementor-col-100 elementor-top-column elementor-element elementor-element-cacdf81\" data-id=\"cacdf81\" data-element_type=\"column\">\n\t\t\t<div class=\"elementor-widget-wrap elementor-element-populated\">\n\t\t\t\t\t\t<section class=\"elementor-section elementor-inner-section elementor-element elementor-element-e4590ac elementor-section-boxed elementor-section-height-default elementor-section-height-default\" data-id=\"e4590ac\" data-element_type=\"section\">\n\t\t\t\t\t\t<div class=\"elementor-container elementor-column-gap-default\">\n\t\t\t\t\t<div class=\"elementor-column elementor-col-50 elementor-inner-column elementor-element elementor-element-42876c8\" data-id=\"42876c8\" data-element_type=\"column\">\n\t\t\t<div class=\"elementor-widget-wrap elementor-element-populated\">\n\t\t\t\t\t\t<div class=\"elementor-element elementor-element-9e92199 elementor-widget elementor-widget-text-editor\" data-id=\"9e92199\" data-element_type=\"widget\" data-widget_type=\"text-editor.default\">\n\t\t\t\t<div class=\"elementor-widget-container\">\n\t\t\t\t\t\t\t\t\t<p style=\"text-align: left;\"><strong>CONSULTARE ASUPRA PROPUNERILOR PRELIMINARE<\/strong><\/p><p style=\"text-align: left;\"><strong>PLAN URBANISTIC GENERAL AL <\/strong><strong>ORA\u0218ULUI <\/strong><strong>SIRET<\/strong><\/p><p style=\"text-align: left;\">Ini\u0163iator: ORA\u0218 SIRET, jude\u021bul SUCEAVA<\/p><p style=\"text-align: left;\">Elaborator: S.C. AEDILIS PROIECT S.R.L.<\/p><p style=\"text-align: left;\"><strong>PUBLICUL ESTE INVITAT S\u0102 TRANSMIT\u0102 OBSERVA\u0162II<\/strong><\/p><p style=\"text-align: left;\">asupra documentelor disponibile la sediul Prim\u0103riei ORA\u0218ULUI SIRET, 28 Noiembrie nr. 1, 725500 Siret, Suceava, \u00een perioada<\/p><p style=\"text-align: left;\">11.09.2025-25.10.2025\u00a0 \u00a0 \u00a0 \u00a0 \u00a0 \u00a0 \u00a0luni \u2013 vineri \u00eentre orele 08.00-16.00<\/p><p style=\"text-align: left;\"><strong>PUBLICUL ESTE INVITAT S\u0102 PARTICIPE LA <\/strong><\/p><p style=\"text-align: left;\"><strong>DEZBATEREA PUBLIC\u0102 \u00een scopul consult\u0103rii publicului pentru identificarea intereselor mutuale din zon\u0103, \u00een data de 16.10.2025, ora 16.00, la Centrul de tineret din str. Mihai Teliman nr. 12 (etaj).<\/strong><\/p><p style=\"text-align: left;\">R\u0103spunsurile la observa\u0163iile transmise vor fi puse la dispozi\u0163ia publicului \u00een scris \u015fi prin anun\u0163 la sediul Prim\u0103riei ORA\u0218ULUI SIRET.<\/p><p style=\"text-align: left;\">Persoana responsabil\u0103 cu informarea \u015fi consultarea publicului: Alin Tablan<\/p><p style=\"text-align: left;\">Adresa Prim\u0103riei Ora\u0219ului Siret, 28 Noiembrie nr. 1, 725500 jud. Suceava; tel: 0230 280 901; fax: 0230 280 624<\/p>\t\t\t\t\t\t\t\t<\/div>\n\t\t\t\t<\/div>\n\t\t\t\t\t<\/div>\n\t\t<\/div>\n\t\t\t\t<div class=\"elementor-column elementor-col-50 elementor-inner-column elementor-element elementor-element-dc61331\" data-id=\"dc61331\" data-element_type=\"column\">\n\t\t\t<div class=\"elementor-widget-wrap elementor-element-populated\">\n\t\t\t\t\t\t<div class=\"elementor-element elementor-element-77037ab elementor-widget elementor-widget-image\" data-id=\"77037ab\" data-element_type=\"widget\" data-widget_type=\"image.default\">\n\t\t\t\t<div class=\"elementor-widget-container\">\n\t\t\t\t\t\t\t\t\t\t\t\t\t\t\t<img fetchpriority=\"high\" decoding=\"async\" width=\"1024\" height=\"729\" src=\"https:\/\/siretromania.ro\/web\/wp-content\/uploads\/2025\/09\/imaginePUG-1024x729.png\" class=\"attachment-large size-large wp-image-6452\" alt=\"\" srcset=\"https:\/\/siretromania.ro\/web\/wp-content\/uploads\/2025\/09\/imaginePUG-1024x729.png 1024w, https:\/\/siretromania.ro\/web\/wp-content\/uploads\/2025\/09\/imaginePUG-300x214.png 300w, https:\/\/siretromania.ro\/web\/wp-content\/uploads\/2025\/09\/imaginePUG-768x547.png 768w, https:\/\/siretromania.ro\/web\/wp-content\/uploads\/2025\/09\/imaginePUG.png 1157w\" sizes=\"(max-width: 1024px) 100vw, 1024px\" \/>\t\t\t\t\t\t\t\t\t\t\t\t\t\t\t<\/div>\n\t\t\t\t<\/div>\n\t\t\t\t<div class=\"elementor-element elementor-element-1b153ac elementor-widget elementor-widget-heading\" data-id=\"1b153ac\" data-element_type=\"widget\" data-widget_type=\"heading.default\">\n\t\t\t\t<div class=\"elementor-widget-container\">\n\t\t\t\t\t<h2 class=\"elementor-heading-title elementor-size-default\">Anun\u021buri<\/h2>\t\t\t\t<\/div>\n\t\t\t\t<\/div>\n\t\t\t\t<div class=\"elementor-element elementor-element-8d4a3ee elementor-widget elementor-widget-ucaddon_post_list\" data-id=\"8d4a3ee\" data-element_type=\"widget\" data-widget_type=\"ucaddon_post_list.default\">\n\t\t\t\t<div class=\"elementor-widget-container\">\n\t\t\t\t\t\n<!-- start Post List -->\n\t\t<link id='font-awesome-css' href='https:\/\/siretromania.ro\/web\/wp-content\/plugins\/unlimited-elements-for-elementor\/assets_libraries\/font-awesome6\/fontawesome-all.min.css' type='text\/css' rel='stylesheet' >\n\t\t<link id='font-awesome-4-shim-css' href='https:\/\/siretromania.ro\/web\/wp-content\/plugins\/unlimited-elements-for-elementor\/assets_libraries\/font-awesome6\/fontawesome-v4-shims.min.css' type='text\/css' rel='stylesheet' >\n\n<style>\/* widget: Post List *\/\n\n\n\n#uc_post_list_elementor_8d4a3ee{\n  display:grid;\n}\n\n#uc_post_list_elementor_8d4a3ee .uc_post_list_image div{\n  background-size:cover;\n  background-position:center;\n}\n\n.uc_post_list .uc_post_list_box{\n\tposition: relative;\n\toverflow: hidden;\n\tdisplay: flex;\n}\n\n#uc_post_list_elementor_8d4a3ee .uc_post_list_image{\n  flex-grow:0;\n  flex-shrink:0;\n  overflow: hidden;\n}\n\n#uc_post_list_elementor_8d4a3ee .uc_post_list_image img{\n  width:100%;\n  height:100%;\n  display:block;\n  transition:0.3s;  \n  position: relative;\n  z-index: 1;\n}\n\n.uc_post_list_title a{\n    position: relative;\n    z-index: 1;\n\tcolor: #333333;\n    display: block;\n}\n\n.uc_post_list_date{\n\tfont-size: 12px;\n}\n\n#uc_post_list_elementor_8d4a3ee .uc_post_list_content{\n  display:flex;\n  flex-direction:column;\n  flex:1;\n}\n\n#uc_post_list_elementor_8d4a3ee .uc_more_btn{\n  text-align:center;\n  text-decoration:none;\n  transition:0.3s;\n  position: relative;\n  z-index: 1;\n}\n\n#uc_post_list_elementor_8d4a3ee .button-on-side{\n  display:flex;\n  align-items:center;\n}\n\n#uc_post_list_elementor_8d4a3ee .ue-grid-item-category{\n  display: flex;\n  align-items: center;\n}\n\n.ue-grid-item-category a{\n  display:inline-block;\n  font-size:10px;\n  text-transform:uppercase;\n  white-space: nowrap;\n}\n\n#uc_post_list_elementor_8d4a3ee .ue-meta-data{  \n  display:flex;\n  flex-wrap: wrap;\n  line-height:1em;\n}\n\n#uc_post_list_elementor_8d4a3ee .ue-grid-item-meta-data{\n      display:inline-flex;\n      align-items:center;\n}\n\n.ue-grid-item-meta-data{\n  font-size:12px;\n}\n\n#uc_post_list_elementor_8d4a3ee .ue-grid-item-meta-data-icon{\n  line-height:1em;\n}\n\n#uc_post_list_elementor_8d4a3ee .ue-grid-item-meta-data-icon svg{\n  width:1em;\n  height:1em;\n} \n\n#uc_post_list_elementor_8d4a3ee .ue-debug-meta{\n  padding:10px;\n  border:1px solid red;\n  position:relative;\n  line-height:1.5em;\n  font-size:11px;\n  width:100%;\n}\n\n.uc-remote-parent .uc_post_list_box{\n\tcursor:pointer;\n}\n\n#uc_post_list_elementor_8d4a3ee .ue-post-link-overlay{\n  display:block;\n  position:absolute;\n  top:0;\n  bottom:0;\n  right:0;\n  left:0;\n}\n\n\n\n\n<\/style>\n\n<div class=\"uc_post_list uc-items-wrapper \" id=\"uc_post_list_elementor_8d4a3ee\"  >    \t\n  <div class=\"uc_post_list_box\" data-category=\"Uncategorized\">\n  \n  \t    <div class=\"uc_post_list_image\">\n      <a href=\"https:\/\/siretromania.ro\/web\/2025\/10\/06\/anunt-consultare-pug\/\" target=\"_self\" title=\"Anun\u021b consultare PUG\">\n          \n            <img decoding=\"async\" src=\"https:\/\/siretromania.ro\/web\/wp-content\/uploads\/2024\/12\/888108.png\"  src=\"https:\/\/siretromania.ro\/web\/wp-content\/uploads\/2024\/12\/888108.png\" alt=\"888108\" width=\"256\" height=\"256\">\n        \t        \n      <\/a>\n    <\/div>\n  \t\t\n  \n    <div class=\"uc_post_list_content\">\n      <div class=\"uc_post_list_content_inside\">\n        \n                \n             \n        <div class=\"uc_post_list_title\"><a target=\"_self\" href=\"https:\/\/siretromania.ro\/web\/2025\/10\/06\/anunt-consultare-pug\/\" title=\"Anun\u021b consultare PUG\">Anun\u021b consultare PUG<\/a><\/div>                 \n        <div class=\"ue-meta-data\">\n                 \n                \n            \n              \n              \n  \n      \n<\/div>      \n               \n        <div class=\"uc_post_content\"><\/div>                          \n                \n      <\/div>\n    <\/div>\n     \n       \n  \n   <\/div>\n\n<\/div>\n\n\n  <div id=\"uc_post_list_elementor_8d4a3ee_empty_message\" class=\"ue-no-posts-found\"  style=\"display:none\" >No posts found<\/div>\n\n\n<!-- end Post List -->\t\t\t\t<\/div>\n\t\t\t\t<\/div>\n\t\t\t\t\t<\/div>\n\t\t<\/div>\n\t\t\t\t\t<\/div>\n\t\t<\/section>\n\t\t\t\t<div class=\"elementor-element elementor-element-eab277d elementor-widget elementor-widget-text-editor\" data-id=\"eab277d\" data-element_type=\"widget\" data-widget_type=\"text-editor.default\">\n\t\t\t\t<div class=\"elementor-widget-container\">\n\t\t\t\t\t\t\t\t\t<p><a href=\"https:\/\/siretromania.ro\/web\/2_1_memoriu_general-2\/\" rel=\"attachment wp-att-6426\">2_1_Memoriu_general<\/a><br \/><a href=\"https:\/\/siretromania.ro\/web\/2_2_regulament_local_de_urbanism-2\/\" rel=\"attachment wp-att-6427\">2_2_Regulament_local_de_urbanism<\/a><br \/><a href=\"https:\/\/siretromania.ro\/web\/?attachment_id=6424\" rel=\"attachment wp-att-6424\">3_1_Incadrare_teritoriu_<\/a><br \/><a href=\"https:\/\/siretromania.ro\/web\/3_2_zonificare_functionala_existenta_bilant_\/\" rel=\"attachment wp-att-6429\">3_2_Zonificare_functionala_existenta_bilant_<\/a><br \/><a href=\"https:\/\/siretromania.ro\/web\/?attachment_id=6425\" rel=\"attachment wp-att-6425\">3_3_Analize_functionale_<\/a><br \/><a href=\"https:\/\/siretromania.ro\/web\/3_4_situatia_existenta_disfunctionalitati\/\" rel=\"attachment wp-att-6431\">3_4_Situatia_existenta_disfunctionalitati<\/a><br \/><a href=\"https:\/\/siretromania.ro\/web\/3_5_strategia_de_dezvoltare_spatiala\/\" rel=\"attachment wp-att-6432\">3_5_Strategia_de_dezvoltare_spatiala<\/a><br \/><a href=\"https:\/\/siretromania.ro\/web\/3_6_reglementari_urbanistice_propuse_si_utr-2\/\" rel=\"attachment wp-att-6438\">3_6_Reglementari_urbanistice_propuse_si_UTR<\/a><br \/><a href=\"https:\/\/siretromania.ro\/web\/3_7_reglementari_tehnico_edilitare_propuse\/\" rel=\"attachment wp-att-6434\">3_7_Reglementari_tehnico_edilitare_propuse<\/a><br \/><a href=\"https:\/\/siretromania.ro\/web\/3_8_proprietate_terenuri_obiective_utilitate_publica_intravilan\/\" rel=\"attachment wp-att-6435\">3_8_Proprietate_terenuri_obiective_utilitate_publica_intravilan<\/a><br \/><a href=\"https:\/\/siretromania.ro\/web\/3_9_zone_operatiuni_restructurare_regenerare_urbana-2\/\" rel=\"attachment wp-att-6440\">3_9_Zone_operatiuni_restructurare_regenerare_urbana<\/a><br \/><a href=\"https:\/\/siretromania.ro\/web\/3_10_retea_majora_circulatii_transport_public_mobilitate_stationare\/\" rel=\"attachment wp-att-6437\">3_10_Retea_majora_circulatii_transport_public_mobilitate_stationare<\/a><\/p>\t\t\t\t\t\t\t\t<\/div>\n\t\t\t\t<\/div>\n\t\t\t\t\t<\/div>\n\t\t<\/div>\n\t\t\t\t\t<\/div>\n\t\t<\/section>\n\t\t\t\t<\/div>\n\t\t","protected":false},"excerpt":{"rendered":"<p>CONSULTARE ASUPRA PROPUNERILOR PRELIMINARE PLAN URBANISTIC GENERAL AL ORA\u0218ULUI SIRET Ini\u0163iator: ORA\u0218 SIRET, jude\u021bul SUCEAVA Elaborator: S.C. AEDILIS PROIECT S.R.L. PUBLICUL ESTE INVITAT S\u0102 TRANSMIT\u0102 OBSERVA\u0162II asupra documentelor disponibile la sediul Prim\u0103riei ORA\u0218ULUI SIRET, 28 Noiembrie nr. 1, 725500 Siret, Suceava, \u00een perioada 11.09.2025-25.10.2025\u00a0 \u00a0 \u00a0 \u00a0 \u00a0 \u00a0 \u00a0luni \u2013 vineri \u00eentre orele 08.00-16.00 [&hellip;]<\/p>\n","protected":false},"author":1,"featured_media":0,"parent":0,"menu_order":0,"comment_status":"closed","ping_status":"closed","template":"","meta":{"site-sidebar-layout":"default","site-content-layout":"","ast-site-content-layout":"default","site-content-style":"default","site-sidebar-style":"default","ast-global-header-display":"","ast-banner-title-visibility":"","ast-main-header-display":"","ast-hfb-above-header-display":"","ast-hfb-below-header-display":"","ast-hfb-mobile-header-display":"","site-post-title":"","ast-breadcrumbs-content":"","ast-featured-img":"","footer-sml-layout":"","theme-transparent-header-meta":"default","adv-header-id-meta":"","stick-header-meta":"","header-above-stick-meta":"","header-main-stick-meta":"","header-below-stick-meta":"","astra-migrate-meta-layouts":"set","ast-page-background-enabled":"default","ast-page-background-meta":{"desktop":{"background-color":"var(--ast-global-color-4)","background-image":"","background-repeat":"repeat","background-position":"center center","background-size":"auto","background-attachment":"scroll","background-type":"","background-media":"","overlay-type":"","overlay-color":"","overlay-opacity":"","overlay-gradient":""},"tablet":{"background-color":"","background-image":"","background-repeat":"repeat","background-position":"center center","background-size":"auto","background-attachment":"scroll","background-type":"","background-media":"","overlay-type":"","overlay-color":"","overlay-opacity":"","overlay-gradient":""},"mobile":{"background-color":"","background-image":"","background-repeat":"repeat","background-position":"center center","background-size":"auto","background-attachment":"scroll","background-type":"","background-media":"","overlay-type":"","overlay-color":"","overlay-opacity":"","overlay-gradient":""}},"ast-content-background-meta":{"desktop":{"background-color":"var(--ast-global-color-5)","background-image":"","background-repeat":"repeat","background-position":"center center","background-size":"auto","background-attachment":"scroll","background-type":"","background-media":"","overlay-type":"","overlay-color":"","overlay-opacity":"","overlay-gradient":""},"tablet":{"background-color":"var(--ast-global-color-5)","background-image":"","background-repeat":"repeat","background-position":"center center","background-size":"auto","background-attachment":"scroll","background-type":"","background-media":"","overlay-type":"","overlay-color":"","overlay-opacity":"","overlay-gradient":""},"mobile":{"background-color":"var(--ast-global-color-5)","background-image":"","background-repeat":"repeat","background-position":"center center","background-size":"auto","background-attachment":"scroll","background-type":"","background-media":"","overlay-type":"","overlay-color":"","overlay-opacity":"","overlay-gradient":""}},"footnotes":""},"categories":[],"tags":[],"class_list":["post-6421","page","type-page","status-publish","hentry"],"_links":{"self":[{"href":"https:\/\/siretromania.ro\/web\/wp-json\/wp\/v2\/pages\/6421","targetHints":{"allow":["GET"]}}],"collection":[{"href":"https:\/\/siretromania.ro\/web\/wp-json\/wp\/v2\/pages"}],"about":[{"href":"https:\/\/siretromania.ro\/web\/wp-json\/wp\/v2\/types\/page"}],"author":[{"embeddable":true,"href":"https:\/\/siretromania.ro\/web\/wp-json\/wp\/v2\/users\/1"}],"replies":[{"embeddable":true,"href":"https:\/\/siretromania.ro\/web\/wp-json\/wp\/v2\/comments?post=6421"}],"version-history":[{"count":22,"href":"https:\/\/siretromania.ro\/web\/wp-json\/wp\/v2\/pages\/6421\/revisions"}],"predecessor-version":[{"id":6500,"href":"https:\/\/siretromania.ro\/web\/wp-json\/wp\/v2\/pages\/6421\/revisions\/6500"}],"wp:attachment":[{"href":"https:\/\/siretromania.ro\/web\/wp-json\/wp\/v2\/media?parent=6421"}],"wp:term":[{"taxonomy":"category","embeddable":true,"href":"https:\/\/siretromania.ro\/web\/wp-json\/wp\/v2\/categories?post=6421"},{"taxonomy":"post_tag","embeddable":true,"href":"https:\/\/siretromania.ro\/web\/wp-json\/wp\/v2\/tags?post=6421"}],"curies":[{"name":"wp","href":"https:\/\/api.w.org\/{rel}","templated":true}]}}