{"id":5029,"date":"2023-05-11T09:50:39","date_gmt":"2023-05-11T07:50:39","guid":{"rendered":"https:\/\/siretromania.ro\/web\/?page_id=5029"},"modified":"2026-01-21T13:16:06","modified_gmt":"2026-01-21T11:16:06","slug":"achizitii-publice","status":"publish","type":"page","link":"https:\/\/siretromania.ro\/web\/achizitii-publice\/","title":{"rendered":"Achizi\u021bii publice"},"content":{"rendered":"\t\t<div data-elementor-type=\"wp-page\" data-elementor-id=\"5029\" class=\"elementor elementor-5029\" data-elementor-post-type=\"page\">\n\t\t\t\t\t\t<section class=\"elementor-section elementor-top-section elementor-element elementor-element-5379e11 elementor-section-boxed elementor-section-height-default elementor-section-height-default\" data-id=\"5379e11\" data-element_type=\"section\">\n\t\t\t\t\t\t<div class=\"elementor-container elementor-column-gap-default\">\n\t\t\t\t\t<div class=\"elementor-column elementor-col-100 elementor-top-column elementor-element elementor-element-718b55e\" data-id=\"718b55e\" data-element_type=\"column\">\n\t\t\t<div class=\"elementor-widget-wrap elementor-element-populated\">\n\t\t\t\t\t\t<div class=\"elementor-element elementor-element-e895c7d elementor-widget elementor-widget-text-editor\" data-id=\"e895c7d\" data-element_type=\"widget\" data-widget_type=\"text-editor.default\">\n\t\t\t\t<div class=\"elementor-widget-container\">\n\t\t\t\t\t\t\t\t\t    <div class=\"acs-grid\" style=\"display:grid;gap:16px;grid-template-columns:repeat(1,minmax(0,1fr));\">\n              <article class=\"acs-card\" style=\"border:1px solid #e5e5e5;border-radius:12px;overflow:hidden;padding:14px;\">\n          \n          <h3 style=\"margin:0 0 8px 0;font-size:18px;line-height:1.25;\">\n            <a href=\"https:\/\/siretromania.ro\/web\/2025\/11\/18\/achizitia-directa-servicii-de-management-de-proiect-pentru-obiectivul-de-investitii-imbunatatirea-accesibilitatii-si-a-eficacitatii-serviciilor-de-ingrijire-paleativa-oferite-de-s\/\" style=\"text-decoration:none;\">\n              Achizi\u021bia direct\u0103 &#8211; Servicii de management de proiect pentru obiectivul de investi\u021bii \u201d \u201d\u00cembun\u0103t\u0103\u021birea accesibilit\u0103\u021bii si a eficacit\u0103\u021bii serviciilor de \u00eengrijire paleativ\u0103 oferite de Spitalul de Boli Cronice Siret, jud. Suceava\u201d            <\/a>\n          <\/h3>\n\n          <div style=\"font-size:13px;opacity:.75;margin-bottom:10px;\">\n            noiembrie 18, 2025          <\/div>\n\n                      <p style=\"margin:0;\">\n                          <\/p>\n                  <\/article>\n              <article class=\"acs-card\" style=\"border:1px solid #e5e5e5;border-radius:12px;overflow:hidden;padding:14px;\">\n          \n          <h3 style=\"margin:0 0 8px 0;font-size:18px;line-height:1.25;\">\n            <a href=\"https:\/\/siretromania.ro\/web\/2025\/08\/19\/siret\/\" style=\"text-decoration:none;\">\n              Achizi\u021bia direct\u0103: lucr\u0103ri de semaforizare pentru proiectul \u201dAchizi\u021bionarea de infrastructuri ITS\/TIC in ora\u0219ul Siret, jud Suceava\u201d, finan\u021bat prin PNRR            <\/a>\n          <\/h3>\n\n          <div style=\"font-size:13px;opacity:.75;margin-bottom:10px;\">\n            august 19, 2025          <\/div>\n\n                      <p style=\"margin:0;\">\n                          <\/p>\n                  <\/article>\n              <article class=\"acs-card\" style=\"border:1px solid #e5e5e5;border-radius:12px;overflow:hidden;padding:14px;\">\n          \n          <h3 style=\"margin:0 0 8px 0;font-size:18px;line-height:1.25;\">\n            <a href=\"https:\/\/siretromania.ro\/web\/2025\/05\/23\/servicii-organizarea-procedurilor-de-achizitie-pentru-investitia-imbunatatirea-accesibilitatii-si-a-eficacitatii-serviciilor-de-ingrijire-paleativa-oferite-de-spitalul-de-boli-cronice-siret-jud-su\/\" style=\"text-decoration:none;\">\n              Servicii organizarea procedurilor de achizi\u021bie pentru investi\u021bia ,,Imbunatatirea accesibilitatii si a eficacitatii serviciilor de ingrijire paleativa oferite de Spitalul de Boli Cronice Siret, jud. Suceava\u201d            <\/a>\n          <\/h3>\n\n          <div style=\"font-size:13px;opacity:.75;margin-bottom:10px;\">\n            mai 23, 2025          <\/div>\n\n                      <p style=\"margin:0;\">\n                          <\/p>\n                  <\/article>\n              <article class=\"acs-card\" style=\"border:1px solid #e5e5e5;border-radius:12px;overflow:hidden;padding:14px;\">\n          \n          <h3 style=\"margin:0 0 8px 0;font-size:18px;line-height:1.25;\">\n            <a href=\"https:\/\/siretromania.ro\/web\/2025\/04\/15\/achizitia-directa-servicii-de-realizare-a-proiectului-tehnic-pentru-obiectivul-imbunatatirea-accesibilitatii-si-a-eficacitatii-serviciilor-de-ingrijire-paliativa-oferite-de-spitalul-de-boli\/\" style=\"text-decoration:none;\">\n              Achizitia direct\u0103 &#8211; Servicii de realizare a proiectului tehnic pentru obiectivul \u201e\u00cembun\u0103t\u0103\u021birea accesibilit\u0103\u021bii \u0219i a eficacit\u0103\u021bii serviciilor de \u00eengrijire paliativ\u0103 oferite de Spitalul de Boli Cronice Siret, jud. Suceava\u201d            <\/a>\n          <\/h3>\n\n          <div style=\"font-size:13px;opacity:.75;margin-bottom:10px;\">\n            aprilie 15, 2025          <\/div>\n\n                      <p style=\"margin:0;\">\n                          <\/p>\n                  <\/article>\n              <article class=\"acs-card\" style=\"border:1px solid #e5e5e5;border-radius:12px;overflow:hidden;padding:14px;\">\n          \n          <h3 style=\"margin:0 0 8px 0;font-size:18px;line-height:1.25;\">\n            <a href=\"https:\/\/siretromania.ro\/web\/2024\/09\/04\/furnizare-echipamente-it-in-cadrul-proiectului-solutii-publice-de-e-guvernare-si-tic-in-uat-orasul-siret-jud-suceava-finantat-prin-afir\/\" style=\"text-decoration:none;\">\n              Furnizare echipamente IT in cadrul proiectului &#8220;Solutii publice de e-guvernare si TIC in UAT Orasul Siret, jud. Suceava&#8221; finantat prin AFIR            <\/a>\n          <\/h3>\n\n          <div style=\"font-size:13px;opacity:.75;margin-bottom:10px;\">\n            septembrie 4, 2024          <\/div>\n\n                      <p style=\"margin:0;\">\n                          <\/p>\n                  <\/article>\n              <article class=\"acs-card\" style=\"border:1px solid #e5e5e5;border-radius:12px;overflow:hidden;padding:14px;\">\n          \n          <h3 style=\"margin:0 0 8px 0;font-size:18px;line-height:1.25;\">\n            <a href=\"https:\/\/siretromania.ro\/web\/2024\/08\/02\/furnizare\/\" style=\"text-decoration:none;\">\n              Furnizare echipamente IT in cadrul proiectului &#8220;Solutii publice de e-guvernare si TIC in UAT Orasul Siret, jud. Suceava&#8221; finantat prin AFIR            <\/a>\n          <\/h3>\n\n          <div style=\"font-size:13px;opacity:.75;margin-bottom:10px;\">\n            august 2, 2024          <\/div>\n\n                      <p style=\"margin:0;\">\n                          <\/p>\n                  <\/article>\n              <article class=\"acs-card\" style=\"border:1px solid #e5e5e5;border-radius:12px;overflow:hidden;padding:14px;\">\n          \n          <h3 style=\"margin:0 0 8px 0;font-size:18px;line-height:1.25;\">\n            <a href=\"https:\/\/siretromania.ro\/web\/2024\/05\/31\/anunt-mutare-sectii-de-votare\/\" style=\"text-decoration:none;\">\n              ANUN\u021a MUTARE SEC\u021aII DE VOTARE            <\/a>\n          <\/h3>\n\n          <div style=\"font-size:13px;opacity:.75;margin-bottom:10px;\">\n            mai 31, 2024          <\/div>\n\n                      <p style=\"margin:0;\">\n                          <\/p>\n                  <\/article>\n              <article class=\"acs-card\" style=\"border:1px solid #e5e5e5;border-radius:12px;overflow:hidden;padding:14px;\">\n          \n          <h3 style=\"margin:0 0 8px 0;font-size:18px;line-height:1.25;\">\n            <a href=\"https:\/\/siretromania.ro\/web\/2023\/10\/16\/jhlkhlkhkhlk\/\" style=\"text-decoration:none;\">\n              Achizi\u021bia de servicii de Elaborare Proiect tehnic \u0219i  Detalii de execu\u021bie in cadrul proiectului \u201dReabilitare cl\u0103diri din cadrul Colegiului Tehnic &#8220;La\u021bcu Vod\u0103&#8221; Siret, judetul Suceava (strada La\u021bcu Vod\u0103, nr. 15A).\u201d finantat prin PNRR C10 &#8211; Fondul Local            <\/a>\n          <\/h3>\n\n          <div style=\"font-size:13px;opacity:.75;margin-bottom:10px;\">\n            octombrie 16, 2023          <\/div>\n\n                      <p style=\"margin:0;\">\n                          <\/p>\n                  <\/article>\n              <article class=\"acs-card\" style=\"border:1px solid #e5e5e5;border-radius:12px;overflow:hidden;padding:14px;\">\n          \n          <h3 style=\"margin:0 0 8px 0;font-size:18px;line-height:1.25;\">\n            <a href=\"https:\/\/siretromania.ro\/web\/2023\/10\/16\/nmkhlhl\/\" style=\"text-decoration:none;\">\n              Achizi\u021bia de servicii de Elaborare Proiect tehnic \u201d Construirea de locuinte nZEB plus pentru specialisti in Orasul Siret, judetul Suceava\u201d finantat prin PNRR C10 &#8211; Fondul Local.            <\/a>\n          <\/h3>\n\n          <div style=\"font-size:13px;opacity:.75;margin-bottom:10px;\">\n            octombrie 16, 2023          <\/div>\n\n                      <p style=\"margin:0;\">\n                          <\/p>\n                  <\/article>\n              <article class=\"acs-card\" style=\"border:1px solid #e5e5e5;border-radius:12px;overflow:hidden;padding:14px;\">\n          \n          <h3 style=\"margin:0 0 8px 0;font-size:18px;line-height:1.25;\">\n            <a href=\"https:\/\/siretromania.ro\/web\/2023\/07\/13\/achizitia-de-servicii-de-proiectare-si-executie-lucrari-pentru-obiectivul-extindere-retea-de-canalizare-pluviala-si-alimentare-cu-apa-in-oras-siret-judetul-suceava\/\" style=\"text-decoration:none;\">\n              Achizi\u021bia de servicii de proiectare si execu\u021bie lucr\u0103ri pentru obiectivul &#8220;EXTINDERE RE\u021aEA DE CANALIZARE PLUVIAL\u0102 \u0218I ALIMENTARE CU AP\u0102 \u00ceN ORA\u0218 SIRET, JUDE\u021aUL SUCEAVA&#8221;            <\/a>\n          <\/h3>\n\n          <div style=\"font-size:13px;opacity:.75;margin-bottom:10px;\">\n            iulie 13, 2023          <\/div>\n\n                      <p style=\"margin:0;\">\n                          <\/p>\n                  <\/article>\n              <article class=\"acs-card\" style=\"border:1px solid #e5e5e5;border-radius:12px;overflow:hidden;padding:14px;\">\n          \n          <h3 style=\"margin:0 0 8px 0;font-size:18px;line-height:1.25;\">\n            <a href=\"https:\/\/siretromania.ro\/web\/2023\/06\/30\/achizitie-servicii-de-acordare-credit-bancar\/\" style=\"text-decoration:none;\">\n              Achizitie servicii de acordare credit bancar            <\/a>\n          <\/h3>\n\n          <div style=\"font-size:13px;opacity:.75;margin-bottom:10px;\">\n            iunie 30, 2023          <\/div>\n\n                      <p style=\"margin:0;\">\n                          <\/p>\n                  <\/article>\n              <article class=\"acs-card\" style=\"border:1px solid #e5e5e5;border-radius:12px;overflow:hidden;padding:14px;\">\n          \n          <h3 style=\"margin:0 0 8px 0;font-size:18px;line-height:1.25;\">\n            <a href=\"https:\/\/siretromania.ro\/web\/2023\/06\/07\/actualizarea-planului-de-mobilitate-urbana-durabila-al-orasului-siret-judetul-suceava-proiect-finantat-prin-pnrr\/\" style=\"text-decoration:none;\">\n              Actualizarea Planului de Mobilitate Urban\u0103 Durabil\u0103 al Ora\u0219ului Siret, jude\u021bul Suceava  Proiect finan\u021bat prin PNRR            <\/a>\n          <\/h3>\n\n          <div style=\"font-size:13px;opacity:.75;margin-bottom:10px;\">\n            iunie 7, 2023          <\/div>\n\n                      <p style=\"margin:0;\">\n                          <\/p>\n                  <\/article>\n          <\/div>\n\n    \n    \t\t\t\t\t\t\t\t<\/div>\n\t\t\t\t<\/div>\n\t\t\t\t\t<\/div>\n\t\t<\/div>\n\t\t\t\t\t<\/div>\n\t\t<\/section>\n\t\t\t\t<\/div>\n\t\t","protected":false},"excerpt":{"rendered":"","protected":false},"author":8,"featured_media":0,"parent":0,"menu_order":0,"comment_status":"closed","ping_status":"closed","template":"","meta":{"site-sidebar-layout":"default","site-content-layout":"default","ast-site-content-layout":"","site-content-style":"default","site-sidebar-style":"default","ast-global-header-display":"","ast-banner-title-visibility":"","ast-main-header-display":"","ast-hfb-above-header-display":"","ast-hfb-below-header-display":"","ast-hfb-mobile-header-display":"","site-post-title":"","ast-breadcrumbs-content":"","ast-featured-img":"","footer-sml-layout":"","theme-transparent-header-meta":"default","adv-header-id-meta":"","stick-header-meta":"","header-above-stick-meta":"","header-main-stick-meta":"","header-below-stick-meta":"","astra-migrate-meta-layouts":"default","ast-page-background-enabled":"default","ast-page-background-meta":{"desktop":{"background-color":"var(--ast-global-color-4)","background-image":"","background-repeat":"repeat","background-position":"center center","background-size":"auto","background-attachment":"scroll","background-type":"","background-media":"","overlay-type":"","overlay-color":"","overlay-opacity":"","overlay-gradient":""},"tablet":{"background-color":"","background-image":"","background-repeat":"repeat","background-position":"center center","background-size":"auto","background-attachment":"scroll","background-type":"","background-media":"","overlay-type":"","overlay-color":"","overlay-opacity":"","overlay-gradient":""},"mobile":{"background-color":"","background-image":"","background-repeat":"repeat","background-position":"center center","background-size":"auto","background-attachment":"scroll","background-type":"","background-media":"","overlay-type":"","overlay-color":"","overlay-opacity":"","overlay-gradient":""}},"ast-content-background-meta":{"desktop":{"background-color":"var(--ast-global-color-5)","background-image":"","background-repeat":"repeat","background-position":"center center","background-size":"auto","background-attachment":"scroll","background-type":"","background-media":"","overlay-type":"","overlay-color":"","overlay-opacity":"","overlay-gradient":""},"tablet":{"background-color":"var(--ast-global-color-5)","background-image":"","background-repeat":"repeat","background-position":"center center","background-size":"auto","background-attachment":"scroll","background-type":"","background-media":"","overlay-type":"","overlay-color":"","overlay-opacity":"","overlay-gradient":""},"mobile":{"background-color":"var(--ast-global-color-5)","background-image":"","background-repeat":"repeat","background-position":"center center","background-size":"auto","background-attachment":"scroll","background-type":"","background-media":"","overlay-type":"","overlay-color":"","overlay-opacity":"","overlay-gradient":""}},"footnotes":""},"categories":[],"tags":[],"class_list":["post-5029","page","type-page","status-publish","hentry"],"_links":{"self":[{"href":"https:\/\/siretromania.ro\/web\/wp-json\/wp\/v2\/pages\/5029","targetHints":{"allow":["GET"]}}],"collection":[{"href":"https:\/\/siretromania.ro\/web\/wp-json\/wp\/v2\/pages"}],"about":[{"href":"https:\/\/siretromania.ro\/web\/wp-json\/wp\/v2\/types\/page"}],"author":[{"embeddable":true,"href":"https:\/\/siretromania.ro\/web\/wp-json\/wp\/v2\/users\/8"}],"replies":[{"embeddable":true,"href":"https:\/\/siretromania.ro\/web\/wp-json\/wp\/v2\/comments?post=5029"}],"version-history":[{"count":36,"href":"https:\/\/siretromania.ro\/web\/wp-json\/wp\/v2\/pages\/5029\/revisions"}],"predecessor-version":[{"id":6755,"href":"https:\/\/siretromania.ro\/web\/wp-json\/wp\/v2\/pages\/5029\/revisions\/6755"}],"wp:attachment":[{"href":"https:\/\/siretromania.ro\/web\/wp-json\/wp\/v2\/media?parent=5029"}],"wp:term":[{"taxonomy":"category","embeddable":true,"href":"https:\/\/siretromania.ro\/web\/wp-json\/wp\/v2\/categories?post=5029"},{"taxonomy":"post_tag","embeddable":true,"href":"https:\/\/siretromania.ro\/web\/wp-json\/wp\/v2\/tags?post=5029"}],"curies":[{"name":"wp","href":"https:\/\/api.w.org\/{rel}","templated":true}]}}