{"id":4147,"date":"2022-02-15T08:46:02","date_gmt":"2022-02-15T06:46:02","guid":{"rendered":"https:\/\/siretromania.ro\/web\/?page_id=4147"},"modified":"2022-02-15T08:46:59","modified_gmt":"2022-02-15T06:46:59","slug":"recensamant","status":"publish","type":"page","link":"https:\/\/siretromania.ro\/web\/recensamant\/","title":{"rendered":"Recens\u0103m\u00e2nt"},"content":{"rendered":"\n<p><a href=\"https:\/\/www.recensamantromania.ro\/\" target=\"_blank\" rel=\"noreferrer noopener\">Recensamantul Populatiei si Locuintelor \u2013 RPL 2021<\/a><\/p>\n\n\n\n<p>Despre recens\u0103m\u00e2nt.<\/p>\n\n\n\n<p><strong><a href=\"https:\/\/www.recensamantromania.ro\/cum-devin-recenzor\/\">Cum devin recenzor ?<\/a><\/strong><\/p>\n\n\n\n<p><strong>Calendar RPL 2021:<br><\/strong><strong>1 februarie \u2013 13 martie 2022:<\/strong>&nbsp;Preluare date din surse administrative \u015fi populare baz\u0103 de date RPL2021<br><strong>14 martie \u2013 15 mai 2022:<\/strong>&nbsp;Autorecenzare (metoda CAWI)<br><strong>16 mai \u2013 17 iulie 2022:<\/strong>&nbsp;Colectarea datelor de c\u0103tre recenzori, prin interviuri fa\u0163\u0103 \u00een fa\u0163\u0103 (cu ajutorul tabletelor)<\/p>\n\n\n\n<p><a href=\"https:\/\/www.recensamantromania.ro\/informarea-persoanei-cu-privire-la-rpl-2021-referitor-la-prelucrarea-datelor-cu-caracter-personal\/\"><strong>Informarea persoanei cu privire la RPL 2021 referitor la prelucrarea datelor cu caracter personal \u00een conformitate cu prevederile Regulamentului (UE) 2016\/679 (RGPD)<\/strong><\/a><\/p>\n\n\n\n<hr class=\"wp-block-separator\"\/>\n\n\n\n<p>Anun\u021b si documente necesare.<\/p>\n\n\n\n<div class=\"wp-block-file\"><a id=\"wp-block-file--media-0352b79a-9fe4-4583-8508-343f43c7a3c5\" href=\"https:\/\/siretromania.ro\/web\/wp-content\/uploads\/2022\/02\/Anexa-C-ANUNT-SELECTIE-PERSONAL-RPL-2021-Siret.docx\">Anexa C ANUNT SELECTIE PERSONAL RPL 2021 Siret<\/a><a href=\"https:\/\/siretromania.ro\/web\/wp-content\/uploads\/2022\/02\/Anexa-C-ANUNT-SELECTIE-PERSONAL-RPL-2021-Siret.docx\" class=\"wp-block-file__button\" download aria-describedby=\"wp-block-file--media-0352b79a-9fe4-4583-8508-343f43c7a3c5\"><\/a><\/div>\n","protected":false},"excerpt":{"rendered":"<p>Recensamantul Populatiei si Locuintelor \u2013 RPL 2021 Despre recens\u0103m\u00e2nt. Cum devin recenzor ? Calendar RPL 2021:1 februarie \u2013 13 martie 2022:&nbsp;Preluare date din surse administrative \u015fi populare baz\u0103 de date RPL202114 martie \u2013 15 mai 2022:&nbsp;Autorecenzare (metoda CAWI)16 mai \u2013 17 iulie 2022:&nbsp;Colectarea datelor de c\u0103tre recenzori, prin interviuri fa\u0163\u0103 \u00een fa\u0163\u0103 (cu ajutorul tabletelor) [&hellip;]<\/p>\n","protected":false},"author":1,"featured_media":4143,"parent":0,"menu_order":0,"comment_status":"closed","ping_status":"closed","template":"","meta":{"site-sidebar-layout":"default","site-content-layout":"default","ast-site-content-layout":"","site-content-style":"default","site-sidebar-style":"default","ast-global-header-display":"","ast-banner-title-visibility":"","ast-main-header-display":"","ast-hfb-above-header-display":"","ast-hfb-below-header-display":"","ast-hfb-mobile-header-display":"","site-post-title":"","ast-breadcrumbs-content":"","ast-featured-img":"","footer-sml-layout":"","theme-transparent-header-meta":"default","adv-header-id-meta":"","stick-header-meta":"","header-above-stick-meta":"","header-main-stick-meta":"","header-below-stick-meta":"","astra-migrate-meta-layouts":"default","ast-page-background-enabled":"default","ast-page-background-meta":{"desktop":{"background-color":"var(--ast-global-color-4)","background-image":"","background-repeat":"repeat","background-position":"center center","background-size":"auto","background-attachment":"scroll","background-type":"","background-media":"","overlay-type":"","overlay-color":"","overlay-opacity":"","overlay-gradient":""},"tablet":{"background-color":"","background-image":"","background-repeat":"repeat","background-position":"center center","background-size":"auto","background-attachment":"scroll","background-type":"","background-media":"","overlay-type":"","overlay-color":"","overlay-opacity":"","overlay-gradient":""},"mobile":{"background-color":"","background-image":"","background-repeat":"repeat","background-position":"center center","background-size":"auto","background-attachment":"scroll","background-type":"","background-media":"","overlay-type":"","overlay-color":"","overlay-opacity":"","overlay-gradient":""}},"ast-content-background-meta":{"desktop":{"background-color":"var(--ast-global-color-5)","background-image":"","background-repeat":"repeat","background-position":"center center","background-size":"auto","background-attachment":"scroll","background-type":"","background-media":"","overlay-type":"","overlay-color":"","overlay-opacity":"","overlay-gradient":""},"tablet":{"background-color":"var(--ast-global-color-5)","background-image":"","background-repeat":"repeat","background-position":"center center","background-size":"auto","background-attachment":"scroll","background-type":"","background-media":"","overlay-type":"","overlay-color":"","overlay-opacity":"","overlay-gradient":""},"mobile":{"background-color":"var(--ast-global-color-5)","background-image":"","background-repeat":"repeat","background-position":"center center","background-size":"auto","background-attachment":"scroll","background-type":"","background-media":"","overlay-type":"","overlay-color":"","overlay-opacity":"","overlay-gradient":""}},"footnotes":""},"categories":[],"tags":[],"class_list":["post-4147","page","type-page","status-publish","has-post-thumbnail","hentry"],"_links":{"self":[{"href":"https:\/\/siretromania.ro\/web\/wp-json\/wp\/v2\/pages\/4147","targetHints":{"allow":["GET"]}}],"collection":[{"href":"https:\/\/siretromania.ro\/web\/wp-json\/wp\/v2\/pages"}],"about":[{"href":"https:\/\/siretromania.ro\/web\/wp-json\/wp\/v2\/types\/page"}],"author":[{"embeddable":true,"href":"https:\/\/siretromania.ro\/web\/wp-json\/wp\/v2\/users\/1"}],"replies":[{"embeddable":true,"href":"https:\/\/siretromania.ro\/web\/wp-json\/wp\/v2\/comments?post=4147"}],"version-history":[{"count":2,"href":"https:\/\/siretromania.ro\/web\/wp-json\/wp\/v2\/pages\/4147\/revisions"}],"predecessor-version":[{"id":4153,"href":"https:\/\/siretromania.ro\/web\/wp-json\/wp\/v2\/pages\/4147\/revisions\/4153"}],"wp:featuredmedia":[{"embeddable":true,"href":"https:\/\/siretromania.ro\/web\/wp-json\/wp\/v2\/media\/4143"}],"wp:attachment":[{"href":"https:\/\/siretromania.ro\/web\/wp-json\/wp\/v2\/media?parent=4147"}],"wp:term":[{"taxonomy":"category","embeddable":true,"href":"https:\/\/siretromania.ro\/web\/wp-json\/wp\/v2\/categories?post=4147"},{"taxonomy":"post_tag","embeddable":true,"href":"https:\/\/siretromania.ro\/web\/wp-json\/wp\/v2\/tags?post=4147"}],"curies":[{"name":"wp","href":"https:\/\/api.w.org\/{rel}","templated":true}]}}