{"id":2369,"date":"2020-02-19T15:59:02","date_gmt":"2020-02-19T15:59:02","guid":{"rendered":"http:\/\/siretromania.ro\/web\/?page_id=2369"},"modified":"2026-04-10T09:21:52","modified_gmt":"2026-04-10T07:21:52","slug":"informari","status":"publish","type":"page","link":"https:\/\/siretromania.ro\/web\/informari\/","title":{"rendered":"Inform\u0103ri"},"content":{"rendered":"<p><strong>Actualizarea Planului de Mobilitate Urban\u0103 Durabil\u0103 al Ora\u015fului Siret, Jude\u021bul Suceava<\/strong><br \/>\n<em>Consultare public\u0103 &#8211; viziunea de dezvoltare a mobilit\u0103\u021bii<\/em><br \/>\n<a href=\"https:\/\/siretromania.ro\/web\/informari\/pmud-siret\/\" rel=\"attachment wp-att-7039\">PMUD Siret<\/a><br \/>\n<a href=\"https:\/\/siretromania.ro\/web\/informari\/portofoliu-proiecte-pmud-siret\/\" rel=\"attachment wp-att-7040\">Portofoliu proiecte PMUD Siret<\/a><br \/>\n<a href=\"https:\/\/siretromania.ro\/web\/informari\/intrebari-frecvente-25-03-2026\/\" rel=\"attachment wp-att-7038\">Intrebari frecvente 25.03.2026<\/a><\/p>\n<hr \/>\n<p><a href=\"http:\/\/siretromania.ro\/web\/wp-content\/uploads\/2020\/02\/Solicitari-PSD.pdf\">Solicitari adresate Consiliului Local Siret de grupul de consilieri PSD<\/a><\/p>\n<p><a href=\"http:\/\/siretromania.ro\/web\/wp-content\/uploads\/2020\/02\/Informare-PRIMAR-nr.-1190-din-11.02.2020.pdf\">Informare\/raspuns la solicitarile grupului de consilieri PSD (in forma intrebare-raspuns) &#8211; nr.1190 din 11.02.2020<\/a><\/p>\n","protected":false},"excerpt":{"rendered":"<p>Actualizarea Planului de Mobilitate Urban\u0103 Durabil\u0103 al Ora\u015fului Siret, Jude\u021bul Suceava Consultare public\u0103 &#8211; viziunea de dezvoltare a mobilit\u0103\u021bii PMUD Siret Portofoliu proiecte PMUD Siret Intrebari frecvente 25.03.2026 Solicitari adresate Consiliului Local Siret de grupul de consilieri PSD Informare\/raspuns la solicitarile grupului de consilieri PSD (in forma intrebare-raspuns) &#8211; nr.1190 din 11.02.2020<\/p>\n","protected":false},"author":1,"featured_media":0,"parent":0,"menu_order":0,"comment_status":"closed","ping_status":"closed","template":"","meta":{"site-sidebar-layout":"default","site-content-layout":"","ast-site-content-layout":"default","site-content-style":"default","site-sidebar-style":"default","ast-global-header-display":"","ast-banner-title-visibility":"","ast-main-header-display":"","ast-hfb-above-header-display":"","ast-hfb-below-header-display":"","ast-hfb-mobile-header-display":"","site-post-title":"","ast-breadcrumbs-content":"","ast-featured-img":"","footer-sml-layout":"","theme-transparent-header-meta":"default","adv-header-id-meta":"","stick-header-meta":"","header-above-stick-meta":"","header-main-stick-meta":"","header-below-stick-meta":"","astra-migrate-meta-layouts":"set","ast-page-background-enabled":"default","ast-page-background-meta":{"desktop":{"background-color":"var(--ast-global-color-4)","background-image":"","background-repeat":"repeat","background-position":"center center","background-size":"auto","background-attachment":"scroll","background-type":"","background-media":"","overlay-type":"","overlay-color":"","overlay-opacity":"","overlay-gradient":""},"tablet":{"background-color":"","background-image":"","background-repeat":"repeat","background-position":"center center","background-size":"auto","background-attachment":"scroll","background-type":"","background-media":"","overlay-type":"","overlay-color":"","overlay-opacity":"","overlay-gradient":""},"mobile":{"background-color":"","background-image":"","background-repeat":"repeat","background-position":"center center","background-size":"auto","background-attachment":"scroll","background-type":"","background-media":"","overlay-type":"","overlay-color":"","overlay-opacity":"","overlay-gradient":""}},"ast-content-background-meta":{"desktop":{"background-color":"var(--ast-global-color-5)","background-image":"","background-repeat":"repeat","background-position":"center center","background-size":"auto","background-attachment":"scroll","background-type":"","background-media":"","overlay-type":"","overlay-color":"","overlay-opacity":"","overlay-gradient":""},"tablet":{"background-color":"var(--ast-global-color-5)","background-image":"","background-repeat":"repeat","background-position":"center center","background-size":"auto","background-attachment":"scroll","background-type":"","background-media":"","overlay-type":"","overlay-color":"","overlay-opacity":"","overlay-gradient":""},"mobile":{"background-color":"var(--ast-global-color-5)","background-image":"","background-repeat":"repeat","background-position":"center center","background-size":"auto","background-attachment":"scroll","background-type":"","background-media":"","overlay-type":"","overlay-color":"","overlay-opacity":"","overlay-gradient":""}},"footnotes":""},"categories":[16,12],"tags":[],"class_list":["post-2369","page","type-page","status-publish","hentry","category-anunturi","category-comunicat"],"_links":{"self":[{"href":"https:\/\/siretromania.ro\/web\/wp-json\/wp\/v2\/pages\/2369","targetHints":{"allow":["GET"]}}],"collection":[{"href":"https:\/\/siretromania.ro\/web\/wp-json\/wp\/v2\/pages"}],"about":[{"href":"https:\/\/siretromania.ro\/web\/wp-json\/wp\/v2\/types\/page"}],"author":[{"embeddable":true,"href":"https:\/\/siretromania.ro\/web\/wp-json\/wp\/v2\/users\/1"}],"replies":[{"embeddable":true,"href":"https:\/\/siretromania.ro\/web\/wp-json\/wp\/v2\/comments?post=2369"}],"version-history":[{"count":8,"href":"https:\/\/siretromania.ro\/web\/wp-json\/wp\/v2\/pages\/2369\/revisions"}],"predecessor-version":[{"id":7043,"href":"https:\/\/siretromania.ro\/web\/wp-json\/wp\/v2\/pages\/2369\/revisions\/7043"}],"wp:attachment":[{"href":"https:\/\/siretromania.ro\/web\/wp-json\/wp\/v2\/media?parent=2369"}],"wp:term":[{"taxonomy":"category","embeddable":true,"href":"https:\/\/siretromania.ro\/web\/wp-json\/wp\/v2\/categories?post=2369"},{"taxonomy":"post_tag","embeddable":true,"href":"https:\/\/siretromania.ro\/web\/wp-json\/wp\/v2\/tags?post=2369"}],"curies":[{"name":"wp","href":"https:\/\/api.w.org\/{rel}","templated":true}]}}