{"id":1883,"date":"2019-12-09T10:28:15","date_gmt":"2019-12-09T10:28:15","guid":{"rendered":"http:\/\/siretromania.ro\/web\/?page_id=1883"},"modified":"2026-03-19T16:36:38","modified_gmt":"2026-03-19T14:36:38","slug":"angajari","status":"publish","type":"page","link":"https:\/\/siretromania.ro\/web\/angajari\/","title":{"rendered":"Angaj\u0103ri"},"content":{"rendered":"\t\t<div data-elementor-type=\"wp-page\" data-elementor-id=\"1883\" class=\"elementor elementor-1883\" data-elementor-post-type=\"page\">\n\t\t\t\t\t\t<section class=\"elementor-section elementor-top-section elementor-element elementor-element-c10fbf0 elementor-section-boxed elementor-section-height-default elementor-section-height-default\" data-id=\"c10fbf0\" data-element_type=\"section\">\n\t\t\t\t\t\t<div class=\"elementor-container elementor-column-gap-default\">\n\t\t\t\t\t<div class=\"elementor-column elementor-col-100 elementor-top-column elementor-element elementor-element-1f6aacd\" data-id=\"1f6aacd\" data-element_type=\"column\">\n\t\t\t<div class=\"elementor-widget-wrap elementor-element-populated\">\n\t\t\t\t\t\t<div class=\"elementor-element elementor-element-198dca1 elementor-widget elementor-widget-image\" data-id=\"198dca1\" data-element_type=\"widget\" data-widget_type=\"image.default\">\n\t\t\t\t<div class=\"elementor-widget-container\">\n\t\t\t\t\t\t\t\t\t\t\t\t\t\t\t\t<a href=\"https:\/\/posturi.gov.ro\/\">\n\t\t\t\t\t\t\t<img decoding=\"async\" width=\"423\" height=\"88\" src=\"https:\/\/siretromania.ro\/web\/wp-content\/uploads\/2026\/01\/Captura-de-ecran-2026-01-23-135523.png\" class=\"attachment-large size-large wp-image-6761\" alt=\"\" srcset=\"https:\/\/siretromania.ro\/web\/wp-content\/uploads\/2026\/01\/Captura-de-ecran-2026-01-23-135523.png 423w, https:\/\/siretromania.ro\/web\/wp-content\/uploads\/2026\/01\/Captura-de-ecran-2026-01-23-135523-300x62.png 300w\" sizes=\"(max-width: 423px) 100vw, 423px\" \/>\t\t\t\t\t\t\t\t<\/a>\n\t\t\t\t\t\t\t\t\t\t\t\t\t\t\t<\/div>\n\t\t\t\t<\/div>\n\t\t\t\t<div class=\"elementor-element elementor-element-35a2eba elementor-widget elementor-widget-text-editor\" data-id=\"35a2eba\" data-element_type=\"widget\" data-widget_type=\"text-editor.default\">\n\t\t\t\t<div class=\"elementor-widget-container\">\n\t\t\t\t\t\t\t\t\t<p><a href=\"https:\/\/siretromania.ro\/web\/anunt-6\/\" rel=\"attachment wp-att-6911\">Anunt &#8211; \u00cen conformitate cu prevederile art. 554 din Ordonan\u021ba de Urgen\u021b\u0103 a Guvernului <span class=\"citation-16 citation-17 citation-end-17\">nr. 57\/2019 privind Codul Administrativ, cu modific\u0103rile \u0219i complet\u0103rile ulterioare, precum \u0219i ale art. 69, art. 71, art. 72 \u0219i art. 74 din Hot\u0103r\u00e2rea nr. 1336\/2022 pentru aprobarea Regulamentului \u2013 cadru privind organizarea \u0219i dezvoltarea cari<\/span><span class=\"citation-16 citation-end-16\">erei personalului contrac<\/span>tual din sectorul bugetar pl\u0103tit din fonduri publice<\/a><br \/><a href=\"https:\/\/siretromania.ro\/web\/redactat_anunt\/\" rel=\"attachment wp-att-6853\">Anunt &#8211; se organizeaz\u0103 concurs pentru ocuparea unei func\u021bii contractual vancante cu norm\u0103 \u00eentreag\u0103 <strong>consilier I A<\/strong> &#8211; <strong>Forma\u021bia de Transport \u00centre\u021binere Str\u0103zi<\/strong><\/a><br \/><a href=\"https:\/\/siretromania.ro\/web\/anunt-examen-promovare-grad-profesional\/\" rel=\"attachment wp-att-6757\">Anun\u021b examen promovare grad profesional<\/a><\/p>\t\t\t\t\t\t\t\t<\/div>\n\t\t\t\t<\/div>\n\t\t\t\t<div class=\"elementor-element elementor-element-cbdbf6b elementor-widget elementor-widget-text-editor\" data-id=\"cbdbf6b\" data-element_type=\"widget\" data-widget_type=\"text-editor.default\">\n\t\t\t\t<div class=\"elementor-widget-container\">\n\t\t\t\t\t\t\t\t\t<p>\u00a0<\/p>\n<p>\u00a0<\/p>\n<p>\u00a0<\/p>\t\t\t\t\t\t\t\t<\/div>\n\t\t\t\t<\/div>\n\t\t\t\t\t<\/div>\n\t\t<\/div>\n\t\t\t\t\t<\/div>\n\t\t<\/section>\n\t\t\t\t<section class=\"elementor-section elementor-top-section elementor-element elementor-element-112a38d elementor-section-boxed elementor-section-height-default elementor-section-height-default\" data-id=\"112a38d\" data-element_type=\"section\">\n\t\t\t\t\t\t<div class=\"elementor-container elementor-column-gap-default\">\n\t\t\t\t\t<div class=\"elementor-column elementor-col-100 elementor-top-column elementor-element elementor-element-242fa79\" data-id=\"242fa79\" data-element_type=\"column\">\n\t\t\t<div class=\"elementor-widget-wrap elementor-element-populated\">\n\t\t\t\t\t\t<div class=\"elementor-element elementor-element-5cfebcd elementor-widget elementor-widget-toggle\" data-id=\"5cfebcd\" data-element_type=\"widget\" data-widget_type=\"toggle.default\">\n\t\t\t\t<div class=\"elementor-widget-container\">\n\t\t\t\t\t\t\t<div class=\"elementor-toggle\">\n\t\t\t\t\t\t\t<div class=\"elementor-toggle-item\">\n\t\t\t\t\t<div id=\"elementor-tab-title-9751\" class=\"elementor-tab-title\" data-tab=\"1\" role=\"button\" aria-controls=\"elementor-tab-content-9751\" aria-expanded=\"false\">\n\t\t\t\t\t\t\t\t\t\t\t\t<span class=\"elementor-toggle-icon elementor-toggle-icon-left\" aria-hidden=\"true\">\n\t\t\t\t\t\t\t\t\t\t\t\t\t\t\t<span class=\"elementor-toggle-icon-closed\"><i class=\"fas fa-caret-right\"><\/i><\/span>\n\t\t\t\t\t\t\t\t<span class=\"elementor-toggle-icon-opened\"><i class=\"elementor-toggle-icon-opened fas fa-caret-up\"><\/i><\/span>\n\t\t\t\t\t\t\t\t\t\t\t\t\t<\/span>\n\t\t\t\t\t\t\t\t\t\t\t\t<a class=\"elementor-toggle-title\" tabindex=\"0\">2024<\/a>\n\t\t\t\t\t<\/div>\n\n\t\t\t\t\t<div id=\"elementor-tab-content-9751\" class=\"elementor-tab-content elementor-clearfix\" data-tab=\"1\" role=\"region\" aria-labelledby=\"elementor-tab-title-9751\"><p style=\"padding-left: 40px;\"><a href=\"https:\/\/siretromania.ro\/web\/rezultatul-final-consilier-clasa-i-grad-debutant-compartiment-registru-agricol\/\" rel=\"attachment wp-att-5560\">Rezultatul final &#8211; Consilier, clasa I, grad debutant &#8211; <strong>Compartiment Registru Agricol<\/strong><\/a> <br \/><a href=\"https:\/\/siretromania.ro\/web\/rezultatul-final-consilier-clasa-i-grad-debutant-compartiment-relatii-cu-publicul-circulatia-si-pastrarea-documentelor\/\" rel=\"attachment wp-att-5561\">Rezultatul final &#8211; Consilier, clasa I, grad debutant &#8211; <strong>Compartiment Relatii cu Publicul, Circulatia si Pastrarea Documentelor<\/strong><\/a><br \/><br \/><a href=\"https:\/\/siretromania.ro\/web\/rezultatul-probei-scrise-consilier-clasa-i-grad-debutant-compartiment-relatii-cu-publicul-circulatia-si-pastrarea-documentelor\/\" rel=\"attachment wp-att-5549\">Rezultatul probei scrise &#8211; Consilier, clasa I, grad debutant &#8211; <strong>Compartiment Relatii cu Publicul, Circulatia si Pastrarea Documentelor<\/strong><\/a> <br \/><a href=\"https:\/\/siretromania.ro\/web\/rezultatele-probei-scrise-consilier-clasa-i-grad-debutant-compartiment-registru-agricol\/\" rel=\"attachment wp-att-5550\">Rezultatul probei scrise Consilier, clasa I, grad debutant &#8211; <strong>Compartiment Registru Agricol<\/strong><\/a><\/p>\n<p style=\"padding-left: 40px;\"><a href=\"https:\/\/siretromania.ro\/web\/rezultat-selectie-dosare-compartiment-relatii-cu-publicul\/\" rel=\"attachment wp-att-5528\">Rezultat selec\u021bie dosare &#8211; <b>Compartiment Rela\u021bii cu Publicul<\/b><\/a> <br \/><a href=\"https:\/\/siretromania.ro\/web\/rezultat-selectie-dosare-registrul-agricol\/\" rel=\"attachment wp-att-5529\">Rezultat selec\u021bie dosare &#8211; <b>Registrul Agricol<\/b><\/a><\/p>\n<p style=\"padding-left: 40px;\"><a href=\"https:\/\/siretromania.ro\/web\/consilier-clasa-i-grad-debutant-compartiment-relatii-cu-publicul-circulatia-si-pastrarea-documentelor\/\" rel=\"attachment wp-att-5502\">Consilier, clasa I, grad debutant &#8211; <strong>Compartiment Rela\u0163ii cu Publicul &#8211; Circulatia si Pastrarea documentelor<\/strong><\/a><br \/><a href=\"https:\/\/siretromania.ro\/web\/consilier-clasa-i-grad-debutant-compartiment-registru-agricol\/\" rel=\"attachment wp-att-5503\">Consilier, clasa I, grad debutant &#8211; <strong>Compartiment Registru Agricol.<\/strong><\/a><\/p>\n<p style=\"padding-left: 40px;\"><a href=\"https:\/\/siretromania.ro\/web\/skm_c250i24041215081\/\" rel=\"attachment wp-att-5399\">Anun\u021b promovare<\/a><br \/><a href=\"https:\/\/siretromania.ro\/web\/skm_c250i24041215080\/\" rel=\"attachment wp-att-5400\">Anun\u021b promovare<\/a><\/p><\/div>\n\t\t\t\t<\/div>\n\t\t\t\t\t\t\t<div class=\"elementor-toggle-item\">\n\t\t\t\t\t<div id=\"elementor-tab-title-9752\" class=\"elementor-tab-title\" data-tab=\"2\" role=\"button\" aria-controls=\"elementor-tab-content-9752\" aria-expanded=\"false\">\n\t\t\t\t\t\t\t\t\t\t\t\t<span class=\"elementor-toggle-icon elementor-toggle-icon-left\" aria-hidden=\"true\">\n\t\t\t\t\t\t\t\t\t\t\t\t\t\t\t<span class=\"elementor-toggle-icon-closed\"><i class=\"fas fa-caret-right\"><\/i><\/span>\n\t\t\t\t\t\t\t\t<span class=\"elementor-toggle-icon-opened\"><i class=\"elementor-toggle-icon-opened fas fa-caret-up\"><\/i><\/span>\n\t\t\t\t\t\t\t\t\t\t\t\t\t<\/span>\n\t\t\t\t\t\t\t\t\t\t\t\t<a class=\"elementor-toggle-title\" tabindex=\"0\">2023<\/a>\n\t\t\t\t\t<\/div>\n\n\t\t\t\t\t<div id=\"elementor-tab-content-9752\" class=\"elementor-tab-content elementor-clearfix\" data-tab=\"2\" role=\"region\" aria-labelledby=\"elementor-tab-title-9752\"><p><a href=\"https:\/\/siretromania.ro\/web\/0206_230329161822_001\/\" rel=\"attachment wp-att-4889\">Rezultatul selec\u021biei dosarelor pentru concursul de recrutare din data de 7.04.2023<\/a><\/p>\n<p><a href=\"https:\/\/siretromania.ro\/web\/0201_230316121016_001\/\" rel=\"attachment wp-att-4857\">PRIM\u0102RIA ORA\u015eULUI SIRET &#8211; organizeaz\u0103 concurs de promovare \u00een func\u0163ia public\u0103 de execu\u0163ie de referent, clasa 111, grad profesional principal &#8211; Serviciul Impozite \u015fi Taxe Locale &#8211; Compartiment urm\u0103rire, \u00eencasare \u015fi executare silit\u0103 din cadrul aparatului de specialitate al primarului ora\u015fului Siret<\/a><br \/><br \/>PRIM\u0102RIA ORA\u015eULUI SIRET, jude\u021bul SUCEAVA, public\u0103 anun\u021bul privind organizarea concursului de recrutare pentru ocuparea unor func\u0163ii publice de execu\u0163ie vacante \u00een baza Art. 618 alin. (3) din Codul administrativ, cu modific\u0103rile \u0219i complet\u0103rile ulterioare.<br \/><a href=\"https:\/\/siretromania.ro\/web\/wp-content\/uploads\/2023\/03\/0195_230307090909_001.pdf\">Click aici si descarca anunt complet<\/a><\/p>\n<hr \/>\n<p><a href=\"https:\/\/siretromania.ro\/web\/wp-content\/uploads\/2023\/01\/DOC042.pdf\">Examen de promovare intr-o\u00a0 clas\u0103 superioar\u0103<\/a><\/p><\/div>\n\t\t\t\t<\/div>\n\t\t\t\t\t\t\t<div class=\"elementor-toggle-item\">\n\t\t\t\t\t<div id=\"elementor-tab-title-9753\" class=\"elementor-tab-title\" data-tab=\"3\" role=\"button\" aria-controls=\"elementor-tab-content-9753\" aria-expanded=\"false\">\n\t\t\t\t\t\t\t\t\t\t\t\t<span class=\"elementor-toggle-icon elementor-toggle-icon-left\" aria-hidden=\"true\">\n\t\t\t\t\t\t\t\t\t\t\t\t\t\t\t<span class=\"elementor-toggle-icon-closed\"><i class=\"fas fa-caret-right\"><\/i><\/span>\n\t\t\t\t\t\t\t\t<span class=\"elementor-toggle-icon-opened\"><i class=\"elementor-toggle-icon-opened fas fa-caret-up\"><\/i><\/span>\n\t\t\t\t\t\t\t\t\t\t\t\t\t<\/span>\n\t\t\t\t\t\t\t\t\t\t\t\t<a class=\"elementor-toggle-title\" tabindex=\"0\">2022<\/a>\n\t\t\t\t\t<\/div>\n\n\t\t\t\t\t<div id=\"elementor-tab-content-9753\" class=\"elementor-tab-content elementor-clearfix\" data-tab=\"3\" role=\"region\" aria-labelledby=\"elementor-tab-title-9753\"><ul>\n<li><a href=\"https:\/\/siretromania.ro\/web\/wp-content\/uploads\/2022\/08\/Rezultate-concursului-din-data-de-17.08.2022.pdf\">Rezultate concursului din data de 17.08.2022<\/a><\/li>\n<li><a href=\"https:\/\/siretromania.ro\/web\/wp-content\/uploads\/2022\/08\/Proces-verbal-de-solutionare-a-contestatiei-proba-scrisa-pentru-ocuparea-postului-de-consilier-juridic.pdf\">Proces verbal de solu\u021bionare a contesta\u021biei &#8211; proba scrisa pentru ocuparea postului de consilier juridic<\/a><\/li>\n<li><a href=\"https:\/\/siretromania.ro\/web\/wp-content\/uploads\/2022\/08\/Rezultate-finale-ale-concursului-din-data-de-16.08.2022-.pdf\">Rezultate finale ale concursului din data de 16.08.2022<\/a><\/li>\n<li><a href=\"https:\/\/siretromania.ro\/web\/wp-content\/uploads\/2022\/08\/REZULTAT-PROBA-SCRISA-CONSILIER-ACHIZITII-PUBLICE-CALASA-I-DEBUTANT-16.08.2022.pdf\">REZULTAT PROBA SCRISA CONSILIER ACHIZITII PUBLICE CALASA I DEBUTANT 16.08.2022<\/a><\/li>\n<li><a href=\"https:\/\/siretromania.ro\/web\/wp-content\/uploads\/2022\/08\/REZULTAT-PROBA-SCRISA-CONSILIER-JURIDIC-CLASA-I-DEBUTANT-16.08.2022.pdf\">REZULTAT PROBA SCRISA CONSILIER JURIDIC CLASA I DEBUTANT 16.08.2022<\/a><\/li>\n<li><a href=\"https:\/\/siretromania.ro\/web\/wp-content\/uploads\/2022\/08\/REZULTAT-PROBA-SCRISA-CONSILIER-CLASA-I-ASISTENT-16.08.2022.pdf\">REZULTAT PROBA SCRISA CONSILIER CLASA I ASISTENT 16.08.2022<\/a><\/li>\n<li><a href=\"https:\/\/siretromania.ro\/web\/wp-content\/uploads\/2022\/08\/Rezultat-selectie-dosare.pdf\">Rezultat selectie dosare concurs 16.08.2022<\/a><\/li>\n<li><a href=\"https:\/\/siretromania.ro\/web\/wp-content\/uploads\/2022\/08\/Rezultat-selectie-dosare-concurs-17.08.2022.pdf\">Rezultat selectie dosare concurs 17.08.2022<\/a><\/li>\n<li><a href=\"https:\/\/siretromania.ro\/web\/wp-content\/uploads\/2022\/07\/1.pdf\">Anun\u021b concurs 7 posturi vacante<\/a><\/li>\n<li><a href=\"https:\/\/siretromania.ro\/web\/wp-content\/uploads\/2022\/07\/2.pdf\">Anun\u021b concurs 1 post vacant director executiv<\/a><\/li>\n<li><a href=\"https:\/\/siretromania.ro\/web\/wp-content\/uploads\/2022\/06\/anunt-recrutare.pdf\">Anunt concurs compartiment agricol<\/a><\/li>\n<li><a href=\"https:\/\/siretromania.ro\/web\/wp-content\/uploads\/2022\/06\/ATRIBUTIILE-POSTULUI.pdf\">Atribu\u021biile postului<\/a><\/li>\n<li><a href=\"https:\/\/siretromania.ro\/web\/wp-content\/uploads\/2022\/07\/0164_220721101940_001.pdf\">Rezultatele selec\u021biei dosarelor<\/a><\/li>\n<li><a href=\"https:\/\/siretromania.ro\/web\/wp-content\/uploads\/2022\/08\/0166_220801171711_001.pdf\">Rezultat_concurs proba scrisa<\/a><\/li>\n<li><a href=\"https:\/\/siretromania.ro\/web\/wp-content\/uploads\/2022\/08\/Rezultate.pdf\">Rezultate finale<\/a><\/li>\n<li><a href=\"https:\/\/siretromania.ro\/web\/wp-content\/uploads\/2022\/06\/Anunt-concurs-4-posturi.pdf\">Anunt concurs 4 posturi vacante<\/a><\/li>\n<li><a href=\"https:\/\/siretromania.ro\/web\/wp-content\/uploads\/2022\/06\/ANUNT-ILUMINAT-.pdf\">Anun\u021b concurs pentru 3 posturi vacante\u00a0<\/a><\/li>\n<li>Concurs de recrutare pentru ocuparea unei func\u021bii publice de execu\u021bie temporar vacante, Consilier, clasa I, grad profesional debutant &#8211; Compartiment Coordonare institu\u021bii de \u00eenv\u0103\u021b\u0103m\u00e2nt si S\u0103n\u0103tate.<\/li>\n<li><a href=\"https:\/\/siretromania.ro\/web\/wp-content\/uploads\/2022\/06\/0151_220614093841_001.pdf\">Anun\u021b<\/a><\/li>\n<li><a href=\"https:\/\/siretromania.ro\/web\/wp-content\/uploads\/2022\/06\/Rezultat-selectie-dosare-1.pdf\">Rezultat selec\u021bie dosare<\/a><\/li>\n<\/ul><\/div>\n\t\t\t\t<\/div>\n\t\t\t\t\t\t\t<div class=\"elementor-toggle-item\">\n\t\t\t\t\t<div id=\"elementor-tab-title-9754\" class=\"elementor-tab-title\" data-tab=\"4\" role=\"button\" aria-controls=\"elementor-tab-content-9754\" aria-expanded=\"false\">\n\t\t\t\t\t\t\t\t\t\t\t\t<span class=\"elementor-toggle-icon elementor-toggle-icon-left\" aria-hidden=\"true\">\n\t\t\t\t\t\t\t\t\t\t\t\t\t\t\t<span class=\"elementor-toggle-icon-closed\"><i class=\"fas fa-caret-right\"><\/i><\/span>\n\t\t\t\t\t\t\t\t<span class=\"elementor-toggle-icon-opened\"><i class=\"elementor-toggle-icon-opened fas fa-caret-up\"><\/i><\/span>\n\t\t\t\t\t\t\t\t\t\t\t\t\t<\/span>\n\t\t\t\t\t\t\t\t\t\t\t\t<a class=\"elementor-toggle-title\" tabindex=\"0\">2021<\/a>\n\t\t\t\t\t<\/div>\n\n\t\t\t\t\t<div id=\"elementor-tab-content-9754\" class=\"elementor-tab-content elementor-clearfix\" data-tab=\"4\" role=\"region\" aria-labelledby=\"elementor-tab-title-9754\"><ul>\n<li><a href=\"https:\/\/siretromania.ro\/web\/wp-content\/uploads\/2022\/05\/0143_220524151043_001.pdf\">Rezultatele selectiei dosarelor &#8211; Referent III Superior<\/a><br \/><a href=\"https:\/\/siretromania.ro\/web\/wp-content\/uploads\/2022\/05\/PRIMARIA-ORASULUI-SIRET.pdf\">Anun\u021b concurs de recrutare pentru ocuparea unei func\u021bii publice de execu\u021bie vacante Referent III Superior &#8211; Compartiment Aprovizionare si Gestiune materiale<\/a><\/li>\n<li><a href=\"https:\/\/siretromania.ro\/web\/wp-content\/uploads\/2022\/01\/Consilier-clasa-I-grad-profesional-superior-Compartiment-Protec\u0163ia-.pdf\">Consilier, clasa I, grad profesional superior &#8211; Compartiment Protec\u0163ia<\/a><br \/><a href=\"https:\/\/siretromania.ro\/web\/wp-content\/uploads\/2022\/02\/Rezultattul-selectiei-dosarelor.pdf\">Rezultatul selectiei dosarelor<\/a><\/li>\n<li><a href=\"https:\/\/siretromania.ro\/web\/wp-content\/uploads\/2021\/11\/0109_211108152915_001.pdf\">Rezultatele selectiei dosarelor de inscriere la concursul de recrutare organizat in data de 15.11.2021, proba scrisa, pentru ocuparea functiei publice de executie vacante de consilier, clasa I, grad profesional superior- Compartiment Protectia Mediului<\/a><\/li>\n<li><a href=\"https:\/\/siretromania.ro\/web\/wp-content\/uploads\/2021\/10\/Anunt.pdf\">Anunt posturi vacante 7, pe durat\u0103 nedeterminat\u0103.<\/a><\/li>\n<li><a href=\"https:\/\/siretromania.ro\/web\/wp-content\/uploads\/2021\/10\/Anunt-examen-de-promovare-intr-o-functie-cu-un-nivel-de-studii-superior.pdf\">Anunt-examen de promovare intr-o functie cu un nivel de studii superior<\/a><\/li>\n<li><a href=\"https:\/\/siretromania.ro\/web\/wp-content\/uploads\/2021\/10\/Aunt-concurs-de-recrutare-pentru-ocuparea-unei-functii-publice-de-executie-vacante.pdf\">Anunt- concurs de recrutare pentru ocuparea unei functii publice de executie vacante<\/a><\/li>\n<li><a href=\"https:\/\/siretromania.ro\/web\/wp-content\/uploads\/2021\/09\/Concurs-pentru-ocuparea-a-doua-functii-publice-de-executie-vacante.pdf\">Concurs pentru ocuparea a doua functii publice de executie vacante<\/a><\/li>\n<li><a href=\"https:\/\/siretromania.ro\/web\/wp-content\/uploads\/2021\/09\/Rezultatul-selectiei-dosarelor-pentru-concursul-din-perioada-04.10.2021-pentru-functia-publica-de-consilier-juridic-I-debutant.pdf\">Rezultatul selectiei dosarelor pentru concursul din perioada 04.10.2021 pentru functia publica de consilier juridic I debutant<\/a> <br \/><a href=\"https:\/\/siretromania.ro\/web\/wp-content\/uploads\/2021\/09\/Rezultatul-selectiei-dosarelor-pentru-concursul-din-perioada-04.10.2021-functia-publica-de-consilier-I-debutant.pdf\">Rezultatul selectiei dosarelor pentru concursul din perioada 04.10.2021 &#8211; functia publica de consilier I debutant<\/a><\/li>\n<li><a href=\"https:\/\/siretromania.ro\/web\/wp-content\/uploads\/2021\/09\/SKM_C250i-21090215030.pdf\">Primaria ora,ului Siret organizeaza, in conformitate cu dispozi1iile art. 41 alin. (1 ), (2), (7) ,i (8) din H.G. nr. 286\/2011 (*actualizata*) pentru aprobarea Regulamentului-cadru privind stabilirea principiilor generale de ocupare a unui post vacant sau temporar vacant corespunzator functiilor contractuale si a criteriilor de promovare in grade sau treapte profesionale imediat superioare a personalului contractual din sectorul bugetar platit din fonduri publice<\/a><\/li>\n<li><a href=\"https:\/\/siretromania.ro\/web\/wp-content\/uploads\/2021\/06\/SKM_C250i21062508190.pdf\" target=\"_blank\" rel=\"noopener\">Concurs de promovare pentru ocuparea functiei publice de conducere vacanta de Sef Serviciu, grad II la Serviciul Administratie Publica Locala<\/a><\/li>\n<li><a href=\"https:\/\/siretromania.ro\/web\/wp-content\/uploads\/2020\/12\/Anunt.pdf\">Anun\u021b + Bibliografie<\/a><!-- \/wp:paragraph --><!-- wp:file {\"id\":2154,\"href\":\"http:\/\/siretromania.ro\/web\/wp-content\/uploads\/2020\/01\/Concurs.pdf\",\"showDownloadButton\":false} --><\/li>\n<li><a href=\"http:\/\/siretromania.ro\/web\/wp-content\/uploads\/2020\/01\/Concurs.pdf\"> Concurs de promovare pentru ocuparea unei functii publice de conducere specifice vacante din cadrul aparatului de specialitate al primarului ora\u0219ului Siret, de secretar general ora\u0219<\/a><\/li>\n<li><a href=\"https:\/\/siretromania.ro\/web\/wp-content\/uploads\/2020\/02\/REZULTATE.pdf\">REZULTATE SELECTARE DOSARE<\/a><\/li>\n<\/ul><\/div>\n\t\t\t\t<\/div>\n\t\t\t\t\t\t\t<div class=\"elementor-toggle-item\">\n\t\t\t\t\t<div id=\"elementor-tab-title-9755\" class=\"elementor-tab-title\" data-tab=\"5\" role=\"button\" aria-controls=\"elementor-tab-content-9755\" aria-expanded=\"false\">\n\t\t\t\t\t\t\t\t\t\t\t\t<span class=\"elementor-toggle-icon elementor-toggle-icon-left\" aria-hidden=\"true\">\n\t\t\t\t\t\t\t\t\t\t\t\t\t\t\t<span class=\"elementor-toggle-icon-closed\"><i class=\"fas fa-caret-right\"><\/i><\/span>\n\t\t\t\t\t\t\t\t<span class=\"elementor-toggle-icon-opened\"><i class=\"elementor-toggle-icon-opened fas fa-caret-up\"><\/i><\/span>\n\t\t\t\t\t\t\t\t\t\t\t\t\t<\/span>\n\t\t\t\t\t\t\t\t\t\t\t\t<a class=\"elementor-toggle-title\" tabindex=\"0\">2020<\/a>\n\t\t\t\t\t<\/div>\n\n\t\t\t\t\t<div id=\"elementor-tab-content-9755\" class=\"elementor-tab-content elementor-clearfix\" data-tab=\"5\" role=\"region\" aria-labelledby=\"elementor-tab-title-9755\"><div class=\"wp-block-file\"><a href=\"https:\/\/siretromania.ro\/web\/wp-content\/uploads\/2020\/02\/Anunt2.pdf\">Anun\u021b<\/a><\/div>\n<p><!-- \/wp:file --><!-- wp:file {\"id\":2404,\"href\":\"https:\/\/siretromania.ro\/web\/wp-content\/uploads\/2020\/03\/Scan1.pdf\",\"showDownloadButton\":false} --><\/p>\n<div class=\"wp-block-file\">\n<p><a href=\"https:\/\/siretromania.ro\/web\/wp-content\/uploads\/2020\/03\/Scan1.pdf\">Anun\u021b &#8211; MAISTRU I &#8211; Compartiment Situa\u021bii de Urgen\u021be.<\/a><\/p>\n<p><a style=\"font-size: 16px; background-color: #ffffff;\" href=\"https:\/\/siretromania.ro\/web\/wp-content\/uploads\/2020\/05\/Muncitor-calificat-in-cadrul-Serviciul-Transport-si-Intretinere-Strazi.pdf\">Muncitor-calificat-in-cadrul-Serviciul-Transport-si-Intretinere-Strazi<\/a><\/p>\n<\/div>\n<div class=\"wp-block-file\">\n<p><span style=\"color: #ff0000;\"><a style=\"color: #ff0000;\" href=\"https:\/\/siretromania.ro\/web\/wp-content\/uploads\/2020\/06\/Bibliografia_necesara.pdf\">Bibliografia_necesara &#8211; muncitor calificat in cadrul Serviciul Transport si Intretinere Strazi<\/a><\/span><\/p>\n<\/div><\/div>\n\t\t\t\t<\/div>\n\t\t\t\t\t\t\t\t<\/div>\n\t\t\t\t\t\t<\/div>\n\t\t\t\t<\/div>\n\t\t\t\t\t<\/div>\n\t\t<\/div>\n\t\t\t\t\t<\/div>\n\t\t<\/section>\n\t\t\t\t<\/div>\n\t\t","protected":false},"excerpt":{"rendered":"<p>Anunt &#8211; \u00cen conformitate cu prevederile art. 554 din Ordonan\u021ba de Urgen\u021b\u0103 a Guvernului nr. 57\/2019 privind Codul Administrativ, cu modific\u0103rile \u0219i complet\u0103rile ulterioare, precum \u0219i ale art. 69, art. 71, art. 72 \u0219i art. 74 din Hot\u0103r\u00e2rea nr. 1336\/2022 pentru aprobarea Regulamentului \u2013 cadru privind organizarea \u0219i dezvoltarea carierei personalului contractual din sectorul bugetar [&hellip;]<\/p>\n","protected":false},"author":1,"featured_media":0,"parent":0,"menu_order":0,"comment_status":"closed","ping_status":"closed","template":"","meta":{"site-sidebar-layout":"default","site-content-layout":"default","ast-site-content-layout":"","site-content-style":"default","site-sidebar-style":"default","ast-global-header-display":"","ast-banner-title-visibility":"","ast-main-header-display":"","ast-hfb-above-header-display":"","ast-hfb-below-header-display":"","ast-hfb-mobile-header-display":"","site-post-title":"","ast-breadcrumbs-content":"","ast-featured-img":"","footer-sml-layout":"","theme-transparent-header-meta":"default","adv-header-id-meta":"","stick-header-meta":"","header-above-stick-meta":"","header-main-stick-meta":"","header-below-stick-meta":"","astra-migrate-meta-layouts":"default","ast-page-background-enabled":"default","ast-page-background-meta":{"desktop":{"background-color":"var(--ast-global-color-4)","background-image":"","background-repeat":"repeat","background-position":"center center","background-size":"auto","background-attachment":"scroll","background-type":"","background-media":"","overlay-type":"","overlay-color":"","overlay-opacity":"","overlay-gradient":""},"tablet":{"background-color":"","background-image":"","background-repeat":"repeat","background-position":"center center","background-size":"auto","background-attachment":"scroll","background-type":"","background-media":"","overlay-type":"","overlay-color":"","overlay-opacity":"","overlay-gradient":""},"mobile":{"background-color":"","background-image":"","background-repeat":"repeat","background-position":"center center","background-size":"auto","background-attachment":"scroll","background-type":"","background-media":"","overlay-type":"","overlay-color":"","overlay-opacity":"","overlay-gradient":""}},"ast-content-background-meta":{"desktop":{"background-color":"var(--ast-global-color-5)","background-image":"","background-repeat":"repeat","background-position":"center center","background-size":"auto","background-attachment":"scroll","background-type":"","background-media":"","overlay-type":"","overlay-color":"","overlay-opacity":"","overlay-gradient":""},"tablet":{"background-color":"var(--ast-global-color-5)","background-image":"","background-repeat":"repeat","background-position":"center center","background-size":"auto","background-attachment":"scroll","background-type":"","background-media":"","overlay-type":"","overlay-color":"","overlay-opacity":"","overlay-gradient":""},"mobile":{"background-color":"var(--ast-global-color-5)","background-image":"","background-repeat":"repeat","background-position":"center center","background-size":"auto","background-attachment":"scroll","background-type":"","background-media":"","overlay-type":"","overlay-color":"","overlay-opacity":"","overlay-gradient":""}},"footnotes":""},"categories":[],"tags":[],"class_list":["post-1883","page","type-page","status-publish","hentry"],"_links":{"self":[{"href":"https:\/\/siretromania.ro\/web\/wp-json\/wp\/v2\/pages\/1883","targetHints":{"allow":["GET"]}}],"collection":[{"href":"https:\/\/siretromania.ro\/web\/wp-json\/wp\/v2\/pages"}],"about":[{"href":"https:\/\/siretromania.ro\/web\/wp-json\/wp\/v2\/types\/page"}],"author":[{"embeddable":true,"href":"https:\/\/siretromania.ro\/web\/wp-json\/wp\/v2\/users\/1"}],"replies":[{"embeddable":true,"href":"https:\/\/siretromania.ro\/web\/wp-json\/wp\/v2\/comments?post=1883"}],"version-history":[{"count":260,"href":"https:\/\/siretromania.ro\/web\/wp-json\/wp\/v2\/pages\/1883\/revisions"}],"predecessor-version":[{"id":6919,"href":"https:\/\/siretromania.ro\/web\/wp-json\/wp\/v2\/pages\/1883\/revisions\/6919"}],"wp:attachment":[{"href":"https:\/\/siretromania.ro\/web\/wp-json\/wp\/v2\/media?parent=1883"}],"wp:term":[{"taxonomy":"category","embeddable":true,"href":"https:\/\/siretromania.ro\/web\/wp-json\/wp\/v2\/categories?post=1883"},{"taxonomy":"post_tag","embeddable":true,"href":"https:\/\/siretromania.ro\/web\/wp-json\/wp\/v2\/tags?post=1883"}],"curies":[{"name":"wp","href":"https:\/\/api.w.org\/{rel}","templated":true}]}}