{"id":1198,"date":"2019-07-16T12:05:01","date_gmt":"2019-07-16T12:05:01","guid":{"rendered":"http:\/\/siretromania.ro\/web\/?page_id=1198"},"modified":"2026-02-06T23:32:09","modified_gmt":"2026-02-06T21:32:09","slug":"agricol-si-fond-funciar","status":"publish","type":"page","link":"https:\/\/siretromania.ro\/web\/agricol-si-fond-funciar\/","title":{"rendered":"Agricol si fond funciar"},"content":{"rendered":"\t\t<div data-elementor-type=\"wp-post\" data-elementor-id=\"1198\" class=\"elementor elementor-1198\" data-elementor-post-type=\"page\">\n\t\t\t\t\t\t<section class=\"elementor-section elementor-top-section elementor-element elementor-element-e5bcb44 elementor-section-boxed elementor-section-height-default elementor-section-height-default\" data-id=\"e5bcb44\" data-element_type=\"section\">\n\t\t\t\t\t\t<div class=\"elementor-container elementor-column-gap-default\">\n\t\t\t\t\t<div class=\"elementor-column elementor-col-100 elementor-top-column elementor-element elementor-element-a826ae0\" data-id=\"a826ae0\" data-element_type=\"column\">\n\t\t\t<div class=\"elementor-widget-wrap elementor-element-populated\">\n\t\t\t\t\t\t<div class=\"elementor-element elementor-element-40ca401 elementor-widget elementor-widget-heading\" data-id=\"40ca401\" data-element_type=\"widget\" data-widget_type=\"heading.default\">\n\t\t\t\t<div class=\"elementor-widget-container\">\n\t\t\t\t\t<h2 class=\"elementor-heading-title elementor-size-default\">Anun\u021buri \u0219i comunicate<\/h2>\t\t\t\t<\/div>\n\t\t\t\t<\/div>\n\t\t\t\t<div class=\"elementor-element elementor-element-dd142f8 elementor-widget elementor-widget-text-editor\" data-id=\"dd142f8\" data-element_type=\"widget\" data-widget_type=\"text-editor.default\">\n\t\t\t\t<div class=\"elementor-widget-container\">\n\t\t\t\t\t\t\t\t\t        <div class=\"docwin-wrap\" data-category=\"4-agricol\">\r\n                                        <div class=\"docwin-search-container\">\r\n                    <div class=\"docwin-search-box\">\r\n                        <svg class=\"docwin-search-icon\" xmlns=\"http:\/\/www.w3.org\/2000\/svg\" width=\"20\" height=\"20\" viewBox=\"0 0 24 24\" fill=\"none\" stroke=\"currentColor\" stroke-width=\"2\" stroke-linecap=\"round\" stroke-linejoin=\"round\"><circle cx=\"11\" cy=\"11\" r=\"8\"><\/circle><line x1=\"21\" y1=\"21\" x2=\"16.65\" y2=\"16.65\"><\/line><\/svg>\r\n                        <input type=\"text\" id=\"docwin-search\" class=\"docwin-search-input\" placeholder=\"Caut\u0103 documente...\">\r\n                    <\/div>\r\n                <\/div>\r\n                \r\n                                    <table class=\"docwin-table\">\r\n                        <tbody>\r\n                                                    <tr class=\"docwin-document-item\" data-filename=\"adrese informare 2026.pdf\">\r\n                                <td class=\"docwin-content-cell\">\r\n                                    <div class=\"docwin-document-icon docwin-file-pdf\">\r\n                                        <svg xmlns=\"http:\/\/www.w3.org\/2000\/svg\" width=\"20\" height=\"20\" viewBox=\"0 0 24 24\" fill=\"none\" stroke=\"currentColor\" stroke-width=\"2\" stroke-linecap=\"round\" stroke-linejoin=\"round\">\r\n                                            <path d=\"M14 2H6a2 2 0 0 0-2 2v16a2 2 0 0 0 2 2h12a2 2 0 0 0 2-2V8z\"><\/path>\r\n                                            <polyline points=\"14 2 14 8 20 8\"><\/polyline>\r\n                                        <\/svg>\r\n                                        <span class=\"docwin-file-ext\">PDF<\/span>\r\n                                    <\/div>\r\n                                    <div class=\"docwin-document-content\">\r\n                                        <a href=\"https:\/\/siretromania.ro\/web\/wp-content\/uploads\/site\/4.Agricol\/adrese%20informare%202026.pdf\" download class=\"docwin-document-title\" title=\"Descarc\u0103\">\r\n                                            adrese informare 2026.pdf                                        <\/a>\r\n                                        <div class=\"docwin-document-meta\">\r\n                                            <span class=\"docwin-file-size\">3,3 MB<\/span>\r\n                                            <span class=\"docwin-download-hint\">Click pentru desc\u0103rcare<\/span>\r\n                                        <\/div>\r\n                                    <\/div>\r\n                                <\/td>\r\n                            <\/tr>\r\n                                                    <tr class=\"docwin-document-item\" data-filename=\"informare echipamente ppp 2026.pdf\">\r\n                                <td class=\"docwin-content-cell\">\r\n                                    <div class=\"docwin-document-icon docwin-file-pdf\">\r\n                                        <svg xmlns=\"http:\/\/www.w3.org\/2000\/svg\" width=\"20\" height=\"20\" viewBox=\"0 0 24 24\" fill=\"none\" stroke=\"currentColor\" stroke-width=\"2\" stroke-linecap=\"round\" stroke-linejoin=\"round\">\r\n                                            <path d=\"M14 2H6a2 2 0 0 0-2 2v16a2 2 0 0 0 2 2h12a2 2 0 0 0 2-2V8z\"><\/path>\r\n                                            <polyline points=\"14 2 14 8 20 8\"><\/polyline>\r\n                                        <\/svg>\r\n                                        <span class=\"docwin-file-ext\">PDF<\/span>\r\n                                    <\/div>\r\n                                    <div class=\"docwin-document-content\">\r\n                                        <a href=\"https:\/\/siretromania.ro\/web\/wp-content\/uploads\/site\/4.Agricol\/informare%20echipamente%20PPP%202026.pdf\" download class=\"docwin-document-title\" title=\"Descarc\u0103\">\r\n                                            informare echipamente PPP 2026.pdf                                        <\/a>\r\n                                        <div class=\"docwin-document-meta\">\r\n                                            <span class=\"docwin-file-size\">3,3 MB<\/span>\r\n                                            <span class=\"docwin-download-hint\">Click pentru desc\u0103rcare<\/span>\r\n                                        <\/div>\r\n                                    <\/div>\r\n                                <\/td>\r\n                            <\/tr>\r\n                                                <\/tbody>\r\n                    <\/table>\r\n                                    <\/div>\r\n        \t\t\t\t\t\t\t\t<\/div>\n\t\t\t\t<\/div>\n\t\t\t\t\t<\/div>\n\t\t<\/div>\n\t\t\t\t\t<\/div>\n\t\t<\/section>\n\t\t\t\t<section class=\"elementor-section elementor-top-section elementor-element elementor-element-23533d4 elementor-section-boxed elementor-section-height-default elementor-section-height-default\" data-id=\"23533d4\" data-element_type=\"section\">\n\t\t\t\t\t\t<div class=\"elementor-container elementor-column-gap-default\">\n\t\t\t\t\t<div class=\"elementor-column elementor-col-100 elementor-top-column elementor-element elementor-element-f6945ac\" data-id=\"f6945ac\" data-element_type=\"column\">\n\t\t\t<div class=\"elementor-widget-wrap elementor-element-populated\">\n\t\t\t\t\t\t<div class=\"elementor-element elementor-element-3e5e43d elementor-widget elementor-widget-text-editor\" data-id=\"3e5e43d\" data-element_type=\"widget\" data-widget_type=\"text-editor.default\">\n\t\t\t\t<div class=\"elementor-widget-container\">\n\t\t\t\t\t\t\t\t\t<p><a href=\"https:\/\/siretromania.ro\/web\/6232\/\" rel=\"attachment wp-att-5684\">Instituirea unei scheme de ajutor de stat sub form\u0103 de grant acordat produc\u0103torilor agricoli pentru culturi agricole afectate de seceta pedologic\u0103 din perioada septembrie 2023-august 2024<\/a><\/p><p><a href=\"https:\/\/siretromania.ro\/web\/cerere-grant-seceta-2024\/\" rel=\"attachment wp-att-5685\">Cerere grant seceta 2024<\/a><\/p><p><a href=\"https:\/\/siretromania.ro\/web\/oug-nr-120-publicat-in-mof-nr-1034\/\" rel=\"attachment wp-att-5686\">OUG nr.120 publicat in MOF nr.1034<\/a><\/p><p><a href=\"https:\/\/siretromania.ro\/web\/wp-content\/uploads\/2022\/06\/Ajutor-de-minimis-pentru-apicarea-programului-de-sustinere-a-productiei-de-cartof-de-consum-in-anul-2022.pdf\">Ajutor de minimis pentru apicarea programului de sustinere a productiei de cartof de consum in anul 2022<\/a><br \/><a href=\"http:\/\/siretromania.ro\/web\/wp-content\/uploads\/2019\/07\/Cerere-eliberare-atestat-de-producator.pdf\">Cerere eliberare atestat de producator<\/a> <br \/><a href=\"http:\/\/siretromania.ro\/web\/wp-content\/uploads\/2019\/07\/Cerere-eliberare-carnet-comercializare.pdf\">Cerere eliberare carnet comercializare<\/a> <br \/><a href=\"http:\/\/siretromania.ro\/web\/wp-content\/uploads\/2019\/07\/Declaratie-privind-inregistrarea.pdf\">Declaratie privind inregistrarea\/modificarea datelor\u00a0 in registru agricol persoane fizice, persoane juridice<\/a><\/p>\t\t\t\t\t\t\t\t<\/div>\n\t\t\t\t<\/div>\n\t\t\t\t\t<\/div>\n\t\t<\/div>\n\t\t\t\t\t<\/div>\n\t\t<\/section>\n\t\t\t\t<\/div>\n\t\t","protected":false},"excerpt":{"rendered":"<p>Anun\u021buri \u0219i comunicate Instituirea unei scheme de ajutor de stat sub form\u0103 de grant acordat produc\u0103torilor agricoli pentru culturi agricole afectate de seceta pedologic\u0103 din perioada septembrie 2023-august 2024 Cerere grant seceta 2024 OUG nr.120 publicat in MOF nr.1034 Ajutor de minimis pentru apicarea programului de sustinere a productiei de cartof de consum in anul [&hellip;]<\/p>\n","protected":false},"author":1,"featured_media":0,"parent":0,"menu_order":0,"comment_status":"closed","ping_status":"closed","template":"","meta":{"site-sidebar-layout":"default","site-content-layout":"","ast-site-content-layout":"","site-content-style":"default","site-sidebar-style":"default","ast-global-header-display":"","ast-banner-title-visibility":"","ast-main-header-display":"","ast-hfb-above-header-display":"","ast-hfb-below-header-display":"","ast-hfb-mobile-header-display":"","site-post-title":"","ast-breadcrumbs-content":"","ast-featured-img":"","footer-sml-layout":"","theme-transparent-header-meta":"","adv-header-id-meta":"","stick-header-meta":"","header-above-stick-meta":"","header-main-stick-meta":"","header-below-stick-meta":"","astra-migrate-meta-layouts":"default","ast-page-background-enabled":"default","ast-page-background-meta":{"desktop":{"background-color":"var(--ast-global-color-4)","background-image":"","background-repeat":"repeat","background-position":"center center","background-size":"auto","background-attachment":"scroll","background-type":"","background-media":"","overlay-type":"","overlay-color":"","overlay-opacity":"","overlay-gradient":""},"tablet":{"background-color":"","background-image":"","background-repeat":"repeat","background-position":"center center","background-size":"auto","background-attachment":"scroll","background-type":"","background-media":"","overlay-type":"","overlay-color":"","overlay-opacity":"","overlay-gradient":""},"mobile":{"background-color":"","background-image":"","background-repeat":"repeat","background-position":"center center","background-size":"auto","background-attachment":"scroll","background-type":"","background-media":"","overlay-type":"","overlay-color":"","overlay-opacity":"","overlay-gradient":""}},"ast-content-background-meta":{"desktop":{"background-color":"var(--ast-global-color-5)","background-image":"","background-repeat":"repeat","background-position":"center center","background-size":"auto","background-attachment":"scroll","background-type":"","background-media":"","overlay-type":"","overlay-color":"","overlay-opacity":"","overlay-gradient":""},"tablet":{"background-color":"var(--ast-global-color-5)","background-image":"","background-repeat":"repeat","background-position":"center center","background-size":"auto","background-attachment":"scroll","background-type":"","background-media":"","overlay-type":"","overlay-color":"","overlay-opacity":"","overlay-gradient":""},"mobile":{"background-color":"var(--ast-global-color-5)","background-image":"","background-repeat":"repeat","background-position":"center center","background-size":"auto","background-attachment":"scroll","background-type":"","background-media":"","overlay-type":"","overlay-color":"","overlay-opacity":"","overlay-gradient":""}},"footnotes":""},"categories":[],"tags":[],"class_list":["post-1198","page","type-page","status-publish","hentry"],"_links":{"self":[{"href":"https:\/\/siretromania.ro\/web\/wp-json\/wp\/v2\/pages\/1198","targetHints":{"allow":["GET"]}}],"collection":[{"href":"https:\/\/siretromania.ro\/web\/wp-json\/wp\/v2\/pages"}],"about":[{"href":"https:\/\/siretromania.ro\/web\/wp-json\/wp\/v2\/types\/page"}],"author":[{"embeddable":true,"href":"https:\/\/siretromania.ro\/web\/wp-json\/wp\/v2\/users\/1"}],"replies":[{"embeddable":true,"href":"https:\/\/siretromania.ro\/web\/wp-json\/wp\/v2\/comments?post=1198"}],"version-history":[{"count":29,"href":"https:\/\/siretromania.ro\/web\/wp-json\/wp\/v2\/pages\/1198\/revisions"}],"predecessor-version":[{"id":6801,"href":"https:\/\/siretromania.ro\/web\/wp-json\/wp\/v2\/pages\/1198\/revisions\/6801"}],"wp:attachment":[{"href":"https:\/\/siretromania.ro\/web\/wp-json\/wp\/v2\/media?parent=1198"}],"wp:term":[{"taxonomy":"category","embeddable":true,"href":"https:\/\/siretromania.ro\/web\/wp-json\/wp\/v2\/categories?post=1198"},{"taxonomy":"post_tag","embeddable":true,"href":"https:\/\/siretromania.ro\/web\/wp-json\/wp\/v2\/tags?post=1198"}],"curies":[{"name":"wp","href":"https:\/\/api.w.org\/{rel}","templated":true}]}}